{"id":192,"date":"2018-09-08T06:17:05","date_gmt":"2018-09-08T06:17:05","guid":{"rendered":"http:\/\/veda.polac.cz\/?page_id=192"},"modified":"2018-11-02T23:13:12","modified_gmt":"2018-11-02T23:13:12","slug":"192-2","status":"publish","type":"page","link":"https:\/\/veda.polac.cz\/?page_id=192","title":{"rendered":""},"content":{"rendered":"<p style=\"text-align: center;\">Resum\u00e9 \u010dl\u00e1nku<\/p>\n<p><strong>Vn\u00edm\u00e1n\u00ed bezpe\u010dnostn\u00edch hrozeb pro \u010ceskou republiku<\/strong><br \/>\n<em>Mgr. Lenka Jakubcov\u00e1, Ph.D., Policejn\u00ed akademie \u010cesk\u00e9 republiky v Praze, Fakulta bezpe\u010dnostn\u00edho managementu, katedra krizov\u00e9ho \u0159\u00edzen\u00ed<\/em><\/p>\n<p>Autorka ve sv\u00e9m \u010dl\u00e1nku reflektuje a hodnot\u00ed prom\u011bnu bezpe\u010dnostn\u00edho prost\u0159ed\u00ed mezi lety 2011 a 2017. Zam\u00fd\u0161l\u00ed se nad indik\u00e1tory, kter\u00e9 poukazuj\u00ed na tuto prom\u011bnu, a sna\u017e\u00ed se exaktn\u011b ov\u011b\u0159it sv\u00e9 \u00favahy na z\u00e1klad\u011b porovn\u00e1n\u00ed vn\u00edm\u00e1n\u00ed relevance bezpe\u010dnostn\u00edch hrozeb v letech 2011 a 2017 u v\u00fdb\u011brov\u00e9ho souboru p\u0159\u00edslu\u0161n\u00edk\u016f Policie \u010cesk\u00e9 republiky. V\u00fdzkumn\u00e1 \u0161et\u0159en\u00ed proveden\u00e1 v letech 2011 a 2017 p\u0159in\u00e1\u0161\u00ed zaj\u00edmav\u00e9 v\u00fdsledky ohledn\u011b priorizace bezpe\u010dnostn\u00edch hrozeb p\u0159\u00edslu\u0161n\u00edky Policie \u010cesk\u00e9 republiky. Tyto v\u00fdsledky jsou v p\u0159\u00edsp\u011bvku interpretov\u00e1ny a podrobeny anal\u00fdze.<br \/>\n<strong>Kl\u00ed\u010dov\u00e1 slova:<\/strong>\u00a0Bezpe\u010dnostn\u00ed hrozby, bezpe\u010dnostn\u00ed prost\u0159ed\u00ed a jeho prom\u011bny.<\/p>\n<p><a href=\"https:\/\/veda.polac.cz\/wp-content\/uploads\/2018\/11\/012018Vn\u00edm\u00e1n\u00ed-bezpe\u010dnostn\u00edch-hrozeb-pro-\u010ceskou-republiku.pdf\">Pdf form\u00e1t<\/a><\/p>\n<p><a href=\"https:\/\/veda.polac.cz\/?page_id=85\">01\/2018<\/a><\/p>\n","protected":false},"excerpt":{"rendered":"<p>Resum\u00e9 \u010dl\u00e1nku Vn\u00edm\u00e1n\u00ed bezpe\u010dnostn\u00edch hrozeb pro \u010ceskou republiku Mgr. Lenka Jakubcov\u00e1, Ph.D., Policejn\u00ed akademie \u010cesk\u00e9 republiky v Praze, Fakulta bezpe\u010dnostn\u00edho managementu, katedra krizov\u00e9ho \u0159\u00edzen\u00ed Autorka ve sv\u00e9m \u010dl\u00e1nku reflektuje a hodnot\u00ed prom\u011bnu bezpe\u010dnostn\u00edho prost\u0159ed\u00ed mezi lety 2011 a 2017. Zam\u00fd\u0161l\u00ed se nad indik\u00e1tory, kter\u00e9 poukazuj\u00ed na tuto prom\u011bnu, a sna\u017e\u00ed se exaktn\u011b ov\u011b\u0159it sv\u00e9 \u00favahy [&hellip;]<\/p>\n","protected":false},"author":2,"featured_media":0,"parent":85,"menu_order":6,"comment_status":"closed","ping_status":"closed","template":"","meta":{"footnotes":""},"class_list":["post-192","page","type-page","status-publish","hentry"],"_links":{"self":[{"href":"https:\/\/veda.polac.cz\/index.php?rest_route=\/wp\/v2\/pages\/192","targetHints":{"allow":["GET"]}}],"collection":[{"href":"https:\/\/veda.polac.cz\/index.php?rest_route=\/wp\/v2\/pages"}],"about":[{"href":"https:\/\/veda.polac.cz\/index.php?rest_route=\/wp\/v2\/types\/page"}],"author":[{"embeddable":true,"href":"https:\/\/veda.polac.cz\/index.php?rest_route=\/wp\/v2\/users\/2"}],"replies":[{"embeddable":true,"href":"https:\/\/veda.polac.cz\/index.php?rest_route=%2Fwp%2Fv2%2Fcomments&post=192"}],"version-history":[{"count":6,"href":"https:\/\/veda.polac.cz\/index.php?rest_route=\/wp\/v2\/pages\/192\/revisions"}],"predecessor-version":[{"id":2161,"href":"https:\/\/veda.polac.cz\/index.php?rest_route=\/wp\/v2\/pages\/192\/revisions\/2161"}],"up":[{"embeddable":true,"href":"https:\/\/veda.polac.cz\/index.php?rest_route=\/wp\/v2\/pages\/85"}],"wp:attachment":[{"href":"https:\/\/veda.polac.cz\/index.php?rest_route=%2Fwp%2Fv2%2Fmedia&parent=192"}],"curies":[{"name":"wp","href":"https:\/\/api.w.org\/{rel}","templated":true}]}}