{"id":1906,"date":"2018-10-07T12:14:54","date_gmt":"2018-10-07T12:14:54","guid":{"rendered":"http:\/\/veda.polac.cz\/?page_id=1906"},"modified":"2018-10-27T19:00:58","modified_gmt":"2018-10-27T19:00:58","slug":"14-2","status":"publish","type":"page","link":"https:\/\/veda.polac.cz\/?page_id=1906","title":{"rendered":""},"content":{"rendered":"<p style=\"text-align: center;\">Resum\u00e9 \u010dl\u00e1nku<\/p>\n<p style=\"font-weight: 400;\"><b>P\u0159\u00edprava pr\u016fzkumu a metody m\u011b\u0159en\u00ed informa\u010dn\u00ed gramotnosti student\u016f Policejn\u00ed akademie \u010cR\u00a0<\/b><b><br \/>\n<\/b><em>Mgr. Jitka B\u00edl\u00e1, Ph.D.<\/em><\/p>\n<p style=\"font-weight: 400;\">Zvy\u0161ov\u00e1n\u00ed \u00farovn\u011b informa\u010dn\u00ed gramotnosti sv\u00fdch student\u016f je v\u00a0z\u00e1jmu ka\u017ed\u00e9 vy-sok\u00e9 \u0161koly. Na z\u00e1klad\u011b dotazn\u00edku, zam\u011b\u0159en\u00e9ho na ot\u00e1zky prioritn\u011b zam\u0159en\u00e9 na schopnost studenta vyu\u017e\u00edvat informa\u010dn\u00ed zdroje Knihovny PA \u010cR, byl proveden pr\u016f-zkum informa\u010dn\u00ed gramotnosti vybran\u00e9ho vzorku student\u016f &#8211; policist\u016f. V tomto p\u0159\u00edsp\u011bv-ku je pops\u00e1na p\u0159\u00edprava pr\u016fzkumu a jeho prvn\u00ed f\u00e1ze do okam\u017eiku distribuce dotazn\u00edk\u016f respondent\u016fm.<br \/>\nKl\u00ed\u010dov\u00e1 slova: informa\u010dn\u00ed gramotnost, standardy informa\u010dn\u00ed gramotnosti, pr\u016fzkum informa\u010dn\u00ed gramotnosti, kategorizace, u\u017eivatel, informa\u010dn\u00ed slu\u017eby, student PA \u010cR, respondent, reprezentativn\u00ed vzorek.<\/p>\n<p><a href=\"https:\/\/veda.polac.cz\/?page_id=1666\">01\/2007<\/a><\/p>\n","protected":false},"excerpt":{"rendered":"<p>Resum\u00e9 \u010dl\u00e1nku P\u0159\u00edprava pr\u016fzkumu a metody m\u011b\u0159en\u00ed informa\u010dn\u00ed gramotnosti student\u016f Policejn\u00ed akademie \u010cR\u00a0 Mgr. Jitka B\u00edl\u00e1, Ph.D. Zvy\u0161ov\u00e1n\u00ed \u00farovn\u011b informa\u010dn\u00ed gramotnosti sv\u00fdch student\u016f je v\u00a0z\u00e1jmu ka\u017ed\u00e9 vy-sok\u00e9 \u0161koly. Na z\u00e1klad\u011b dotazn\u00edku, zam\u011b\u0159en\u00e9ho na ot\u00e1zky prioritn\u011b zam\u0159en\u00e9 na schopnost studenta vyu\u017e\u00edvat informa\u010dn\u00ed zdroje Knihovny PA \u010cR, byl proveden pr\u016f-zkum informa\u010dn\u00ed gramotnosti vybran\u00e9ho vzorku student\u016f &#8211; policist\u016f. [&hellip;]<\/p>\n","protected":false},"author":2,"featured_media":0,"parent":0,"menu_order":14,"comment_status":"closed","ping_status":"closed","template":"","meta":{"footnotes":""},"class_list":["post-1906","page","type-page","status-publish","hentry"],"_links":{"self":[{"href":"https:\/\/veda.polac.cz\/index.php?rest_route=\/wp\/v2\/pages\/1906","targetHints":{"allow":["GET"]}}],"collection":[{"href":"https:\/\/veda.polac.cz\/index.php?rest_route=\/wp\/v2\/pages"}],"about":[{"href":"https:\/\/veda.polac.cz\/index.php?rest_route=\/wp\/v2\/types\/page"}],"author":[{"embeddable":true,"href":"https:\/\/veda.polac.cz\/index.php?rest_route=\/wp\/v2\/users\/2"}],"replies":[{"embeddable":true,"href":"https:\/\/veda.polac.cz\/index.php?rest_route=%2Fwp%2Fv2%2Fcomments&post=1906"}],"version-history":[{"count":2,"href":"https:\/\/veda.polac.cz\/index.php?rest_route=\/wp\/v2\/pages\/1906\/revisions"}],"predecessor-version":[{"id":1920,"href":"https:\/\/veda.polac.cz\/index.php?rest_route=\/wp\/v2\/pages\/1906\/revisions\/1920"}],"wp:attachment":[{"href":"https:\/\/veda.polac.cz\/index.php?rest_route=%2Fwp%2Fv2%2Fmedia&parent=1906"}],"curies":[{"name":"wp","href":"https:\/\/api.w.org\/{rel}","templated":true}]}}