{"id":1904,"date":"2018-10-07T12:13:29","date_gmt":"2018-10-07T12:13:29","guid":{"rendered":"http:\/\/veda.polac.cz\/?page_id=1904"},"modified":"2018-11-02T22:40:16","modified_gmt":"2018-11-02T22:40:16","slug":"13-2-4","status":"publish","type":"page","link":"https:\/\/veda.polac.cz\/?page_id=1904","title":{"rendered":""},"content":{"rendered":"<p style=\"text-align: center;\">Resum\u00e9 \u010dl\u00e1nku<\/p>\n<p style=\"font-weight: 400;\"><b>Absolventi Policejn\u00ed akademie \u010cR studuj\u00edc\u00ed prezen\u010dn\u00ed formou v\u00a0praxi (akademick\u00fd rok 2001\/02)<\/b><b><br \/>\n<\/b><em>doc. PhDr. Zden\u011bk Rozum, CSc.<\/em><\/p>\n<p style=\"font-weight: 400;\">\u010cl\u00e1nek nab\u00edz\u00ed \u010dten\u00e1\u0159i z\u00e1kladn\u00ed informace o v\u00fdsledc\u00edch empirick\u00e9ho v\u00fdzkumu, kter\u00fd byl zam\u011b\u0159en na absolventy PA \u010cR, kte\u0159\u00ed prezen\u010dn\u00ed formou \u00fasp\u011b\u0161n\u011b absolvovali bakal\u00e1\u0159sk\u00fd studijn\u00ed program v\u00a0akademick\u00e9m roce 2001\/02. Byly tak spln\u011bny c\u00edle a\u00a0\u00fakoly 3. v\u00fdzkumn\u00e9 etapy dan\u00e9ho projektu. Nakolik se jednalo o posledn\u00ed etapu tohoto v\u00fdzkumn\u00e9ho projektu, byly uskute\u010dn\u011bny rozhovory i s\u00a0vrcholov\u00fdm managementem P\u00a0\u010cR (s\u00a0Policejn\u00edm prezidentem, s\u00a0\u0159editeli Krajsk\u00fdch spr\u00e1v P\u00a0\u010cR a\u00a0s\u00a0v\u00edce ne\u017e dv\u011bma t\u0159etinami policejn\u00edch \u0159editel\u016f na \u00farovn\u00edch okresu a m\u011bsta). Jak\u00e9 byly kladeny ot\u00e1zky a jak\u00e9 byly odpov\u011bdi na n\u011b, rozkr\u00fdv\u00e1 tato sta\u0165 ve sv\u00e9 z\u00e1v\u011bre\u010dn\u00e9 \u010d\u00e1sti.<br \/>\nKl\u00ed\u010dov\u00e1 slova: Absolventi PA \u010cR, nad\u0159\u00edzen\u00ed absolvent\u016f, p\u0159ipravenost pro praxi, uplatn\u011bn\u00ed v\u00a0praxi, hodnocen\u00ed v\u00fduky.<\/p>\n<p><a href=\"https:\/\/veda.polac.cz\/?page_id=1666\">01\/2007<\/a><\/p>\n","protected":false},"excerpt":{"rendered":"<p>Resum\u00e9 \u010dl\u00e1nku Absolventi Policejn\u00ed akademie \u010cR studuj\u00edc\u00ed prezen\u010dn\u00ed formou v\u00a0praxi (akademick\u00fd rok 2001\/02) doc. PhDr. Zden\u011bk Rozum, CSc. \u010cl\u00e1nek nab\u00edz\u00ed \u010dten\u00e1\u0159i z\u00e1kladn\u00ed informace o v\u00fdsledc\u00edch empirick\u00e9ho v\u00fdzkumu, kter\u00fd byl zam\u011b\u0159en na absolventy PA \u010cR, kte\u0159\u00ed prezen\u010dn\u00ed formou \u00fasp\u011b\u0161n\u011b absolvovali bakal\u00e1\u0159sk\u00fd studijn\u00ed program v\u00a0akademick\u00e9m roce 2001\/02. Byly tak spln\u011bny c\u00edle a\u00a0\u00fakoly 3. v\u00fdzkumn\u00e9 etapy dan\u00e9ho projektu. [&hellip;]<\/p>\n","protected":false},"author":2,"featured_media":0,"parent":1666,"menu_order":13,"comment_status":"closed","ping_status":"closed","template":"","meta":{"footnotes":""},"class_list":["post-1904","page","type-page","status-publish","hentry"],"_links":{"self":[{"href":"https:\/\/veda.polac.cz\/index.php?rest_route=\/wp\/v2\/pages\/1904","targetHints":{"allow":["GET"]}}],"collection":[{"href":"https:\/\/veda.polac.cz\/index.php?rest_route=\/wp\/v2\/pages"}],"about":[{"href":"https:\/\/veda.polac.cz\/index.php?rest_route=\/wp\/v2\/types\/page"}],"author":[{"embeddable":true,"href":"https:\/\/veda.polac.cz\/index.php?rest_route=\/wp\/v2\/users\/2"}],"replies":[{"embeddable":true,"href":"https:\/\/veda.polac.cz\/index.php?rest_route=%2Fwp%2Fv2%2Fcomments&post=1904"}],"version-history":[{"count":2,"href":"https:\/\/veda.polac.cz\/index.php?rest_route=\/wp\/v2\/pages\/1904\/revisions"}],"predecessor-version":[{"id":1919,"href":"https:\/\/veda.polac.cz\/index.php?rest_route=\/wp\/v2\/pages\/1904\/revisions\/1919"}],"up":[{"embeddable":true,"href":"https:\/\/veda.polac.cz\/index.php?rest_route=\/wp\/v2\/pages\/1666"}],"wp:attachment":[{"href":"https:\/\/veda.polac.cz\/index.php?rest_route=%2Fwp%2Fv2%2Fmedia&parent=1904"}],"curies":[{"name":"wp","href":"https:\/\/api.w.org\/{rel}","templated":true}]}}