{"id":1902,"date":"2018-10-07T12:12:00","date_gmt":"2018-10-07T12:12:00","guid":{"rendered":"http:\/\/veda.polac.cz\/?page_id=1902"},"modified":"2018-11-02T22:26:32","modified_gmt":"2018-11-02T22:26:32","slug":"12-2-5","status":"publish","type":"page","link":"https:\/\/veda.polac.cz\/?page_id=1902","title":{"rendered":""},"content":{"rendered":"<p style=\"text-align: center;\">Resum\u00e9 \u010dl\u00e1nku<\/p>\n<p style=\"font-weight: 400;\"><b>Psychick\u00e9 n\u00e1sledky st\u0159eln\u00fdch poran\u011bn\u00ed\u00a0<\/b><b><br \/>\n<\/b><em>doc. PhDr. Ludmila \u010c\u00edrtkov\u00e1, CSc.<\/em><\/p>\n<p style=\"font-weight: 400;\">V\u00a0tomto \u010dl\u00e1nku se zam\u00fd\u0161l\u00edme nad psychick\u00fdmi n\u00e1sledky zran\u011bn\u00ed, kter\u00e1 vznikaj\u00ed v\u00a0d\u016fsledku pou\u017eit\u00ed st\u0159eln\u00e9 zbran\u011b proti \u010dlov\u011bku. Prezentovan\u00e9 poznatky mohou slou-\u017eit mimo jin\u00e9 i k\u00a0prevenci dlouhodob\u00fdch traumatizuj\u00edc\u00edch d\u016fsledk\u016f st\u0159eln\u00fdch poran\u011bn\u00ed, kter\u00e1 utrp\u011bli policist\u00e9 p\u0159i v\u00fdkonu slu\u017eby.<br \/>\nKl\u00ed\u010dov\u00e1 slova: st\u0159eln\u00e1 poran\u011bn\u00ed, viktimizace, distres, ob\u011b\u0165.<\/p>\n<p><a href=\"https:\/\/veda.polac.cz\/?page_id=1666\">01\/2007<\/a><\/p>\n","protected":false},"excerpt":{"rendered":"<p>Resum\u00e9 \u010dl\u00e1nku Psychick\u00e9 n\u00e1sledky st\u0159eln\u00fdch poran\u011bn\u00ed\u00a0 doc. PhDr. Ludmila \u010c\u00edrtkov\u00e1, CSc. V\u00a0tomto \u010dl\u00e1nku se zam\u00fd\u0161l\u00edme nad psychick\u00fdmi n\u00e1sledky zran\u011bn\u00ed, kter\u00e1 vznikaj\u00ed v\u00a0d\u016fsledku pou\u017eit\u00ed st\u0159eln\u00e9 zbran\u011b proti \u010dlov\u011bku. Prezentovan\u00e9 poznatky mohou slou-\u017eit mimo jin\u00e9 i k\u00a0prevenci dlouhodob\u00fdch traumatizuj\u00edc\u00edch d\u016fsledk\u016f st\u0159eln\u00fdch poran\u011bn\u00ed, kter\u00e1 utrp\u011bli policist\u00e9 p\u0159i v\u00fdkonu slu\u017eby. Kl\u00ed\u010dov\u00e1 slova: st\u0159eln\u00e1 poran\u011bn\u00ed, viktimizace, distres, ob\u011b\u0165. 01\/2007<\/p>\n","protected":false},"author":2,"featured_media":0,"parent":1666,"menu_order":12,"comment_status":"closed","ping_status":"closed","template":"","meta":{"footnotes":""},"class_list":["post-1902","page","type-page","status-publish","hentry"],"_links":{"self":[{"href":"https:\/\/veda.polac.cz\/index.php?rest_route=\/wp\/v2\/pages\/1902","targetHints":{"allow":["GET"]}}],"collection":[{"href":"https:\/\/veda.polac.cz\/index.php?rest_route=\/wp\/v2\/pages"}],"about":[{"href":"https:\/\/veda.polac.cz\/index.php?rest_route=\/wp\/v2\/types\/page"}],"author":[{"embeddable":true,"href":"https:\/\/veda.polac.cz\/index.php?rest_route=\/wp\/v2\/users\/2"}],"replies":[{"embeddable":true,"href":"https:\/\/veda.polac.cz\/index.php?rest_route=%2Fwp%2Fv2%2Fcomments&post=1902"}],"version-history":[{"count":2,"href":"https:\/\/veda.polac.cz\/index.php?rest_route=\/wp\/v2\/pages\/1902\/revisions"}],"predecessor-version":[{"id":1918,"href":"https:\/\/veda.polac.cz\/index.php?rest_route=\/wp\/v2\/pages\/1902\/revisions\/1918"}],"up":[{"embeddable":true,"href":"https:\/\/veda.polac.cz\/index.php?rest_route=\/wp\/v2\/pages\/1666"}],"wp:attachment":[{"href":"https:\/\/veda.polac.cz\/index.php?rest_route=%2Fwp%2Fv2%2Fmedia&parent=1902"}],"curies":[{"name":"wp","href":"https:\/\/api.w.org\/{rel}","templated":true}]}}