{"id":1900,"date":"2018-10-07T12:07:53","date_gmt":"2018-10-07T12:07:53","guid":{"rendered":"http:\/\/veda.polac.cz\/?page_id=1900"},"modified":"2018-11-02T22:28:09","modified_gmt":"2018-11-02T22:28:09","slug":"11-2-8","status":"publish","type":"page","link":"https:\/\/veda.polac.cz\/?page_id=1900","title":{"rendered":""},"content":{"rendered":"<p style=\"text-align: center;\">Resum\u00e9 \u010dl\u00e1nku<\/p>\n<p style=\"font-weight: 400;\"><b>\u0158\u00edzen\u00ed lidsk\u00fdch zdroj\u016f v podm\u00ednk\u00e1ch\u00a0<\/b><b><br \/>\n<\/b><em>pplk. Mgr. Anton\u00edn Slab\u00fd<\/em><\/p>\n<p style=\"font-weight: 400;\">Autor ve sv\u00e9m \u010dl\u00e1nku rozeb\u00edr\u00e1 charakteristick\u00e9 rysy a podstatu problematiky \u0159\u00ed-zen\u00ed lidsk\u00fdch zdroj\u016f v\u00a0podm\u00ednk\u00e1ch Policie \u010cesk\u00e9 republiky. V\u00a0hlavn\u00ed \u010d\u00e1sti \u010dl\u00e1nku jsou porovn\u00e1v\u00e1ny personalistick\u00e9 syst\u00e9my mimo r\u00e1mec a zvl\u00e1\u0161tnosti uvnit\u0159 policie, jako organizace, kter\u00e1 usiluje na trhu pr\u00e1ce o kvalitn\u00ed a vysoce kvalifikovanou pracovn\u00ed s\u00ed-lu. Pozornost je v\u011bnov\u00e1na hlavn\u011b syst\u00e9mov\u00e9mu pojet\u00ed person\u00e1ln\u00edho managementu policie a p\u0159edpokl\u00e1dan\u00e9 koncepci person\u00e1ln\u00edho \u0159\u00edzen\u00ed a \u0159\u00edzen\u00ed lidsk\u00fdch zdroj\u016f u Policie \u010cesk\u00e9 republiky.<br \/>\nKl\u00ed\u010dov\u00e1 slova: \u0159\u00edzen\u00ed lidsk\u00fdch zdroj\u016f, person\u00e1ln\u00ed management, personalista, perso-nalistika, management, liniov\u00fd vedouc\u00ed, person\u00e1ln\u00ed pravomoc.<\/p>\n<p><a href=\"https:\/\/veda.polac.cz\/?page_id=1666\">01\/2007<\/a><\/p>\n","protected":false},"excerpt":{"rendered":"<p>Resum\u00e9 \u010dl\u00e1nku \u0158\u00edzen\u00ed lidsk\u00fdch zdroj\u016f v podm\u00ednk\u00e1ch\u00a0 pplk. Mgr. Anton\u00edn Slab\u00fd Autor ve sv\u00e9m \u010dl\u00e1nku rozeb\u00edr\u00e1 charakteristick\u00e9 rysy a podstatu problematiky \u0159\u00ed-zen\u00ed lidsk\u00fdch zdroj\u016f v\u00a0podm\u00ednk\u00e1ch Policie \u010cesk\u00e9 republiky. V\u00a0hlavn\u00ed \u010d\u00e1sti \u010dl\u00e1nku jsou porovn\u00e1v\u00e1ny personalistick\u00e9 syst\u00e9my mimo r\u00e1mec a zvl\u00e1\u0161tnosti uvnit\u0159 policie, jako organizace, kter\u00e1 usiluje na trhu pr\u00e1ce o kvalitn\u00ed a vysoce kvalifikovanou pracovn\u00ed s\u00ed-lu. [&hellip;]<\/p>\n","protected":false},"author":2,"featured_media":0,"parent":1666,"menu_order":11,"comment_status":"closed","ping_status":"closed","template":"","meta":{"footnotes":""},"class_list":["post-1900","page","type-page","status-publish","hentry"],"_links":{"self":[{"href":"https:\/\/veda.polac.cz\/index.php?rest_route=\/wp\/v2\/pages\/1900","targetHints":{"allow":["GET"]}}],"collection":[{"href":"https:\/\/veda.polac.cz\/index.php?rest_route=\/wp\/v2\/pages"}],"about":[{"href":"https:\/\/veda.polac.cz\/index.php?rest_route=\/wp\/v2\/types\/page"}],"author":[{"embeddable":true,"href":"https:\/\/veda.polac.cz\/index.php?rest_route=\/wp\/v2\/users\/2"}],"replies":[{"embeddable":true,"href":"https:\/\/veda.polac.cz\/index.php?rest_route=%2Fwp%2Fv2%2Fcomments&post=1900"}],"version-history":[{"count":2,"href":"https:\/\/veda.polac.cz\/index.php?rest_route=\/wp\/v2\/pages\/1900\/revisions"}],"predecessor-version":[{"id":1917,"href":"https:\/\/veda.polac.cz\/index.php?rest_route=\/wp\/v2\/pages\/1900\/revisions\/1917"}],"up":[{"embeddable":true,"href":"https:\/\/veda.polac.cz\/index.php?rest_route=\/wp\/v2\/pages\/1666"}],"wp:attachment":[{"href":"https:\/\/veda.polac.cz\/index.php?rest_route=%2Fwp%2Fv2%2Fmedia&parent=1900"}],"curies":[{"name":"wp","href":"https:\/\/api.w.org\/{rel}","templated":true}]}}