{"id":1898,"date":"2018-10-07T12:05:56","date_gmt":"2018-10-07T12:05:56","guid":{"rendered":"http:\/\/veda.polac.cz\/?page_id=1898"},"modified":"2018-11-03T00:09:56","modified_gmt":"2018-11-03T00:09:56","slug":"10-2-8","status":"publish","type":"page","link":"https:\/\/veda.polac.cz\/?page_id=1898","title":{"rendered":""},"content":{"rendered":"<p style=\"text-align: center;\">Resum\u00e9 \u010dl\u00e1nku<\/p>\n<p style=\"font-weight: 400;\"><b>Lisabonsk\u00e1 strategie\u00a0<\/b><b><br \/>\n<\/b><em>doc. JUDr. Bohumil Pikna, CSc.<\/em><\/p>\n<p style=\"font-weight: 400;\">Autor v\u00a0\u010dl\u00e1nku reaguje na tu \u010d\u00e1st tzv. Lisabonsk\u00e9 strategie, kter\u00e1 se t\u00fdk\u00e1 zvl\u00e1\u0161t\u011b problematiky t\u00fdkaj\u00edc\u00ed se prostoru svobody, bezpe\u010dnosti a pr\u00e1va podle Haagsk\u00e9ho programu. Poukazuje na skute\u010dnost, \u017ee v\u00a0r\u00e1mci realizace Lisabonsk\u00e9 strategie m\u00e1 v\u00a0\u010d\u00e1sti obsahuj\u00edc\u00ed problematiku leg\u00e1ln\u00ed migrace a boj proti nez\u00e1konn\u00e9mu p\u0159ist\u011bhovalectv\u00ed d\u016fle\u017eit\u00e9 m\u00edsto pot\u00edr\u00e1n\u00ed \u0161ed\u00e9 ekonomiky a nez\u00e1konn\u00e9ho zam\u011bstn\u00e1v\u00e1n\u00ed. Ty toti\u017e mohou p\u016fsobit jako faktor zesiluj\u00edc\u00ed nedovolen\u00e9 p\u0159ist\u011bhovalectv\u00ed a v\u00a0neposledn\u00ed \u0159ad\u011b v\u00e9st k vyko\u0159is\u0165ov\u00e1n\u00ed. V\u00a0tomto sm\u011bru \u010dlensk\u00e9 st\u00e1ty Unie budou p\u0159ij\u00edmat p\u0159\u00edslu\u0161n\u00e1 opat\u0159en\u00ed s t\u00edm, \u017ee opat\u0159en\u00ed v\u00a0oblasti policejn\u00ed a trestn\u011bpr\u00e1vn\u00ed zde budou sehr\u00e1vat d\u016f-le\u017eitou roli. Z\u00a0t\u011bchto d\u016fvod\u016f je problematika Lisabonsk\u00e9 strategie za\u0159azena i do zku-\u0161ebn\u00edch ot\u00e1zek z\u00a0p\u0159edm\u011btu Evropsk\u00e9 pr\u00e1vo na Policejn\u00ed akademii \u010cR.<br \/>\nKl\u00ed\u010dov\u00e1 slova: Lisabonsk\u00e1 strategie, evropsk\u00e9 pr\u00e1vo, Evropsk\u00e1 komise, Jednotn\u00fd vnit\u0159n\u00ed trh, EU, HDP.<\/p>\n<p><a href=\"https:\/\/veda.polac.cz\/?page_id=1666\">01\/2007<\/a><\/p>\n","protected":false},"excerpt":{"rendered":"<p>Resum\u00e9 \u010dl\u00e1nku Lisabonsk\u00e1 strategie\u00a0 doc. JUDr. Bohumil Pikna, CSc. Autor v\u00a0\u010dl\u00e1nku reaguje na tu \u010d\u00e1st tzv. Lisabonsk\u00e9 strategie, kter\u00e1 se t\u00fdk\u00e1 zvl\u00e1\u0161t\u011b problematiky t\u00fdkaj\u00edc\u00ed se prostoru svobody, bezpe\u010dnosti a pr\u00e1va podle Haagsk\u00e9ho programu. Poukazuje na skute\u010dnost, \u017ee v\u00a0r\u00e1mci realizace Lisabonsk\u00e9 strategie m\u00e1 v\u00a0\u010d\u00e1sti obsahuj\u00edc\u00ed problematiku leg\u00e1ln\u00ed migrace a boj proti nez\u00e1konn\u00e9mu p\u0159ist\u011bhovalectv\u00ed d\u016fle\u017eit\u00e9 m\u00edsto pot\u00edr\u00e1n\u00ed [&hellip;]<\/p>\n","protected":false},"author":2,"featured_media":0,"parent":1666,"menu_order":10,"comment_status":"closed","ping_status":"closed","template":"","meta":{"footnotes":""},"class_list":["post-1898","page","type-page","status-publish","hentry"],"_links":{"self":[{"href":"https:\/\/veda.polac.cz\/index.php?rest_route=\/wp\/v2\/pages\/1898","targetHints":{"allow":["GET"]}}],"collection":[{"href":"https:\/\/veda.polac.cz\/index.php?rest_route=\/wp\/v2\/pages"}],"about":[{"href":"https:\/\/veda.polac.cz\/index.php?rest_route=\/wp\/v2\/types\/page"}],"author":[{"embeddable":true,"href":"https:\/\/veda.polac.cz\/index.php?rest_route=\/wp\/v2\/users\/2"}],"replies":[{"embeddable":true,"href":"https:\/\/veda.polac.cz\/index.php?rest_route=%2Fwp%2Fv2%2Fcomments&post=1898"}],"version-history":[{"count":2,"href":"https:\/\/veda.polac.cz\/index.php?rest_route=\/wp\/v2\/pages\/1898\/revisions"}],"predecessor-version":[{"id":1916,"href":"https:\/\/veda.polac.cz\/index.php?rest_route=\/wp\/v2\/pages\/1898\/revisions\/1916"}],"up":[{"embeddable":true,"href":"https:\/\/veda.polac.cz\/index.php?rest_route=\/wp\/v2\/pages\/1666"}],"wp:attachment":[{"href":"https:\/\/veda.polac.cz\/index.php?rest_route=%2Fwp%2Fv2%2Fmedia&parent=1898"}],"curies":[{"name":"wp","href":"https:\/\/api.w.org\/{rel}","templated":true}]}}