{"id":1896,"date":"2018-10-07T12:04:17","date_gmt":"2018-10-07T12:04:17","guid":{"rendered":"http:\/\/veda.polac.cz\/?page_id=1896"},"modified":"2018-10-27T19:00:58","modified_gmt":"2018-10-27T19:00:58","slug":"9-2-11","status":"publish","type":"page","link":"https:\/\/veda.polac.cz\/?page_id=1896","title":{"rendered":""},"content":{"rendered":"<p style=\"text-align: center;\">Resum\u00e9 \u010dl\u00e1nku<\/p>\n<p style=\"font-weight: 400;\"><strong>Probl\u00e9my sou\u017eit\u00ed a sou\u010dinnosti bezpe\u010dnostn\u00edch slu\u017eeb<br \/>\n<\/strong><em>PaedDr. Franti\u0161ek Nov\u00e1k<\/em><\/p>\n<p style=\"font-weight: 400;\">USA jsou sv\u011btov\u00fdm l\u00eddrem na \u00faseku kapit\u00e1lov\u00e9ho zaji\u0161t\u011bn\u00ed, relativn\u00edho po\u010dtu zam\u011bstnanc\u016f i spole\u010densk\u00e9ho v\u00fdznamu priv\u00e1tn\u00edch bezpe\u010dnostn\u00edch slu\u017eeb. Av\u0161ak i v\u00a0USA jejich efektivn\u011bj\u0161\u00ed uplatn\u011bn\u00ed komplikuj\u00ed mnoh\u00e9, zejm\u00e9na legislativn\u00ed probl\u00e9my i ned\u016fslednosti a paradoxy ve vztaz\u00edch ve\u0159ejn\u00fdch bezpe\u010dnostn\u00edch sil a priv\u00e1tn\u00edch (podnikatelsk\u00fdch) bezpe\u010dnostn\u00edch aktivit. P\u0159esto v\u0161ak subjekty SBS v\u00a0USA nach\u00e1zej\u00ed st\u00e1le nov\u00e9 oblasti uplatn\u011bn\u00ed. I kdy\u017e pr\u00e1vn\u00ed syst\u00e9m zv\u00fdraz\u0148uje rozd\u00edly mezi priv\u00e1tn\u00ed a ve\u0159ejnou bezpe\u010dnostn\u00ed \u010dinnost\u00ed, ob\u011b struktury vykon\u00e1vaj\u00ed st\u00e1le v\u00edce shodn\u00fdch \u010din-nost\u00ed. Priv\u00e1tn\u00ed bezpe\u010dnostn\u00ed slu\u017eby \u00fasp\u011b\u0161n\u011b profituj\u00ed z\u00a0ve\u0159ejn\u00e9ho zapojen\u00ed a v\u00a0jejich \u010dinnostech se prosazuj\u00ed sofistikovan\u00e9 formy spolupr\u00e1ce s\u00a0policejn\u00edmi org\u00e1ny a \u00fatvary.<br \/>\nKl\u00ed\u010dov\u00e1 slova: policing, soukrom\u00e1 policie, soukrom\u00e1 policejn\u00ed kontrola, ve\u0159ejn\u00e1 poli-cie, spolupr\u00e1ce ve\u0159ejn\u00fdch a soukrom\u00fdch polici\u00ed.<\/p>\n<p><a href=\"https:\/\/veda.polac.cz\/?page_id=1666\">01\/2007<\/a><\/p>\n","protected":false},"excerpt":{"rendered":"<p>Resum\u00e9 \u010dl\u00e1nku Probl\u00e9my sou\u017eit\u00ed a sou\u010dinnosti bezpe\u010dnostn\u00edch slu\u017eeb PaedDr. Franti\u0161ek Nov\u00e1k USA jsou sv\u011btov\u00fdm l\u00eddrem na \u00faseku kapit\u00e1lov\u00e9ho zaji\u0161t\u011bn\u00ed, relativn\u00edho po\u010dtu zam\u011bstnanc\u016f i spole\u010densk\u00e9ho v\u00fdznamu priv\u00e1tn\u00edch bezpe\u010dnostn\u00edch slu\u017eeb. Av\u0161ak i v\u00a0USA jejich efektivn\u011bj\u0161\u00ed uplatn\u011bn\u00ed komplikuj\u00ed mnoh\u00e9, zejm\u00e9na legislativn\u00ed probl\u00e9my i ned\u016fslednosti a paradoxy ve vztaz\u00edch ve\u0159ejn\u00fdch bezpe\u010dnostn\u00edch sil a priv\u00e1tn\u00edch (podnikatelsk\u00fdch) bezpe\u010dnostn\u00edch aktivit. P\u0159esto v\u0161ak [&hellip;]<\/p>\n","protected":false},"author":2,"featured_media":0,"parent":0,"menu_order":9,"comment_status":"closed","ping_status":"closed","template":"","meta":{"footnotes":""},"class_list":["post-1896","page","type-page","status-publish","hentry"],"_links":{"self":[{"href":"https:\/\/veda.polac.cz\/index.php?rest_route=\/wp\/v2\/pages\/1896","targetHints":{"allow":["GET"]}}],"collection":[{"href":"https:\/\/veda.polac.cz\/index.php?rest_route=\/wp\/v2\/pages"}],"about":[{"href":"https:\/\/veda.polac.cz\/index.php?rest_route=\/wp\/v2\/types\/page"}],"author":[{"embeddable":true,"href":"https:\/\/veda.polac.cz\/index.php?rest_route=\/wp\/v2\/users\/2"}],"replies":[{"embeddable":true,"href":"https:\/\/veda.polac.cz\/index.php?rest_route=%2Fwp%2Fv2%2Fcomments&post=1896"}],"version-history":[{"count":2,"href":"https:\/\/veda.polac.cz\/index.php?rest_route=\/wp\/v2\/pages\/1896\/revisions"}],"predecessor-version":[{"id":1915,"href":"https:\/\/veda.polac.cz\/index.php?rest_route=\/wp\/v2\/pages\/1896\/revisions\/1915"}],"wp:attachment":[{"href":"https:\/\/veda.polac.cz\/index.php?rest_route=%2Fwp%2Fv2%2Fmedia&parent=1896"}],"curies":[{"name":"wp","href":"https:\/\/api.w.org\/{rel}","templated":true}]}}