{"id":1890,"date":"2018-10-07T11:59:16","date_gmt":"2018-10-07T11:59:16","guid":{"rendered":"http:\/\/veda.polac.cz\/?page_id=1890"},"modified":"2018-10-27T19:00:58","modified_gmt":"2018-10-27T19:00:58","slug":"6-2-16","status":"publish","type":"page","link":"https:\/\/veda.polac.cz\/?page_id=1890","title":{"rendered":""},"content":{"rendered":"<p style=\"text-align: center;\">Resum\u00e9 \u010dl\u00e1nku<\/p>\n<p style=\"font-weight: 400;\"><strong>Slu\u017eba po\u0159\u00e1dkov\u00e9<\/strong>\u00a0<strong>policie a projekt Community policing<\/strong><br \/>\n<em>npor. Mgr. David Z\u00e1mek<\/em><\/p>\n<p style=\"font-weight: 400;\">Autor \u010dl\u00e1nku se ve sv\u00e9m p\u0159\u00edsp\u011bvku zab\u00fdv\u00e1 problematikou projektu community policing a implementac\u00ed prvk\u016f community policing do slu\u017eby po\u0159\u00e1dkov\u00e9 policie, kter\u00e1 je jednou z\u00a0prim\u00e1rn\u00edch nositel\u016f bezpe\u010dnosti pro ve\u0159ejnost.<br \/>\nKl\u00ed\u010dov\u00e1 slova:\u00a0Slu\u017eba po\u0159\u00e1dkov\u00e9 policie, ve\u0159ejn\u00fd po\u0159\u00e1dek, community policing, policista v\u00a0komunit\u011b.<\/p>\n<p><a href=\"https:\/\/veda.polac.cz\/?page_id=1666\">01\/2007<\/a><\/p>\n","protected":false},"excerpt":{"rendered":"<p>Resum\u00e9 \u010dl\u00e1nku Slu\u017eba po\u0159\u00e1dkov\u00e9\u00a0policie a projekt Community policing npor. Mgr. David Z\u00e1mek Autor \u010dl\u00e1nku se ve sv\u00e9m p\u0159\u00edsp\u011bvku zab\u00fdv\u00e1 problematikou projektu community policing a implementac\u00ed prvk\u016f community policing do slu\u017eby po\u0159\u00e1dkov\u00e9 policie, kter\u00e1 je jednou z\u00a0prim\u00e1rn\u00edch nositel\u016f bezpe\u010dnosti pro ve\u0159ejnost. Kl\u00ed\u010dov\u00e1 slova:\u00a0Slu\u017eba po\u0159\u00e1dkov\u00e9 policie, ve\u0159ejn\u00fd po\u0159\u00e1dek, community policing, policista v\u00a0komunit\u011b. 01\/2007<\/p>\n","protected":false},"author":2,"featured_media":0,"parent":0,"menu_order":6,"comment_status":"closed","ping_status":"closed","template":"","meta":{"footnotes":""},"class_list":["post-1890","page","type-page","status-publish","hentry"],"_links":{"self":[{"href":"https:\/\/veda.polac.cz\/index.php?rest_route=\/wp\/v2\/pages\/1890","targetHints":{"allow":["GET"]}}],"collection":[{"href":"https:\/\/veda.polac.cz\/index.php?rest_route=\/wp\/v2\/pages"}],"about":[{"href":"https:\/\/veda.polac.cz\/index.php?rest_route=\/wp\/v2\/types\/page"}],"author":[{"embeddable":true,"href":"https:\/\/veda.polac.cz\/index.php?rest_route=\/wp\/v2\/users\/2"}],"replies":[{"embeddable":true,"href":"https:\/\/veda.polac.cz\/index.php?rest_route=%2Fwp%2Fv2%2Fcomments&post=1890"}],"version-history":[{"count":2,"href":"https:\/\/veda.polac.cz\/index.php?rest_route=\/wp\/v2\/pages\/1890\/revisions"}],"predecessor-version":[{"id":1912,"href":"https:\/\/veda.polac.cz\/index.php?rest_route=\/wp\/v2\/pages\/1890\/revisions\/1912"}],"wp:attachment":[{"href":"https:\/\/veda.polac.cz\/index.php?rest_route=%2Fwp%2Fv2%2Fmedia&parent=1890"}],"curies":[{"name":"wp","href":"https:\/\/api.w.org\/{rel}","templated":true}]}}