{"id":1888,"date":"2018-10-07T11:14:31","date_gmt":"2018-10-07T11:14:31","guid":{"rendered":"http:\/\/veda.polac.cz\/?page_id=1888"},"modified":"2018-10-27T19:00:58","modified_gmt":"2018-10-27T19:00:58","slug":"5-2-16","status":"publish","type":"page","link":"https:\/\/veda.polac.cz\/?page_id=1888","title":{"rendered":""},"content":{"rendered":"<p style=\"text-align: center;\">Resum\u00e9 \u010dl\u00e1nku<\/p>\n<p style=\"font-weight: 400;\"><strong>Taktika z\u00edsk\u00e1v\u00e1n\u00ed informac\u00ed z\u00a0p\u0159\u00edjmu ozn\u00e1men\u00ed aplikovan\u00e1 na opera\u010dn\u00ed st\u0159edisko Spr\u00e1vy hlavn\u00edho m\u011bsta Prahy<\/strong><br \/>\n<em>Mgr. Zden\u011bk Chmela, doc. JUDr. Anton\u00edn Fil\u00e1k, CSc.<\/em><\/p>\n<p style=\"font-weight: 400;\">Auto\u0159i se ve sv\u00e9m \u010dl\u00e1nku zab\u00fdvaj\u00ed \u010dinnost\u00ed opera\u010dn\u00edho st\u0159ediska Spr\u00e1vy hlavn\u00edho m\u011bsta Prahy. Informuj\u00ed \u010dten\u00e1\u0159e o d\u016fle\u017eitosti u\u010din\u011bn\u00fdch opat\u0159en\u00ed u p\u0159\u00edjm\u016f informac\u00ed p\u0159ijat\u00fdch na linku 158. Rozv\u00e1d\u00ed n\u011bkter\u00e9 zku\u0161enosti z \u010dinnost\u00ed opera\u010dn\u00edho d\u016fstojn\u00edka a\u00a0vedouc\u00edho sm\u011bny.<br \/>\nKl\u00ed\u010dov\u00e1 slova:\u00a0 policie, ve\u0159ejnost, linka 158<\/p>\n<p><a href=\"https:\/\/veda.polac.cz\/?page_id=1666\">01\/2007<\/a><\/p>\n","protected":false},"excerpt":{"rendered":"<p>Resum\u00e9 \u010dl\u00e1nku Taktika z\u00edsk\u00e1v\u00e1n\u00ed informac\u00ed z\u00a0p\u0159\u00edjmu ozn\u00e1men\u00ed aplikovan\u00e1 na opera\u010dn\u00ed st\u0159edisko Spr\u00e1vy hlavn\u00edho m\u011bsta Prahy Mgr. Zden\u011bk Chmela, doc. JUDr. Anton\u00edn Fil\u00e1k, CSc. Auto\u0159i se ve sv\u00e9m \u010dl\u00e1nku zab\u00fdvaj\u00ed \u010dinnost\u00ed opera\u010dn\u00edho st\u0159ediska Spr\u00e1vy hlavn\u00edho m\u011bsta Prahy. Informuj\u00ed \u010dten\u00e1\u0159e o d\u016fle\u017eitosti u\u010din\u011bn\u00fdch opat\u0159en\u00ed u p\u0159\u00edjm\u016f informac\u00ed p\u0159ijat\u00fdch na linku 158. Rozv\u00e1d\u00ed n\u011bkter\u00e9 zku\u0161enosti z \u010dinnost\u00ed opera\u010dn\u00edho [&hellip;]<\/p>\n","protected":false},"author":2,"featured_media":0,"parent":0,"menu_order":5,"comment_status":"closed","ping_status":"closed","template":"","meta":{"footnotes":""},"class_list":["post-1888","page","type-page","status-publish","hentry"],"_links":{"self":[{"href":"https:\/\/veda.polac.cz\/index.php?rest_route=\/wp\/v2\/pages\/1888","targetHints":{"allow":["GET"]}}],"collection":[{"href":"https:\/\/veda.polac.cz\/index.php?rest_route=\/wp\/v2\/pages"}],"about":[{"href":"https:\/\/veda.polac.cz\/index.php?rest_route=\/wp\/v2\/types\/page"}],"author":[{"embeddable":true,"href":"https:\/\/veda.polac.cz\/index.php?rest_route=\/wp\/v2\/users\/2"}],"replies":[{"embeddable":true,"href":"https:\/\/veda.polac.cz\/index.php?rest_route=%2Fwp%2Fv2%2Fcomments&post=1888"}],"version-history":[{"count":2,"href":"https:\/\/veda.polac.cz\/index.php?rest_route=\/wp\/v2\/pages\/1888\/revisions"}],"predecessor-version":[{"id":1926,"href":"https:\/\/veda.polac.cz\/index.php?rest_route=\/wp\/v2\/pages\/1888\/revisions\/1926"}],"wp:attachment":[{"href":"https:\/\/veda.polac.cz\/index.php?rest_route=%2Fwp%2Fv2%2Fmedia&parent=1888"}],"curies":[{"name":"wp","href":"https:\/\/api.w.org\/{rel}","templated":true}]}}