{"id":1886,"date":"2018-10-07T11:13:12","date_gmt":"2018-10-07T11:13:12","guid":{"rendered":"http:\/\/veda.polac.cz\/?page_id=1886"},"modified":"2018-10-27T19:00:58","modified_gmt":"2018-10-27T19:00:58","slug":"4-2-16","status":"publish","type":"page","link":"https:\/\/veda.polac.cz\/?page_id=1886","title":{"rendered":""},"content":{"rendered":"<p style=\"text-align: center;\">Resum\u00e9 \u010dl\u00e1nku<\/p>\n<p style=\"font-weight: 400;\"><strong>Policejn\u011b bezpe\u010dnostn\u00ed \u010dinnost a jej\u00ed pr\u00e1vn\u00ed z\u00e1klady<br \/>\n<\/strong><em>doc. JUDr. Anton\u00edn Fil\u00e1k, CSc., Mgr. Zden\u011bk Chmela<\/em><\/p>\n<p style=\"font-weight: 400;\">Auto\u0159i se ve sv\u00e9m \u010dl\u00e1nku zab\u00fdvaj\u00ed aktu\u00e1ln\u00edmi probl\u00e9my pr\u00e1vn\u00ed \u00fapravy policejn\u011b bezpe\u010dnostn\u00ed \u010dinnosti. Akcentuj\u00ed jej\u00ed pr\u00e1vn\u00ed povahu a argumentuj\u00ed nutnost souladu s\u00a0principem legality (z\u00e1konnosti). D\u00e1le zkoumaj\u00ed ot\u00e1zky pr\u00e1vn\u00edch a nepr\u00e1vn\u00edch nor-mativn\u00edch syst\u00e9m\u016f z\u00a0hlediska regulace policejn\u011b bezpe\u010dnostn\u00ed \u010dinnosti. T\u011b\u017ei\u0161t\u011b spo-\u010d\u00edv\u00e1 v\u00a0anal\u00fdze pojet\u00ed a struktury pr\u00e1vn\u00edch z\u00e1klad\u016f dan\u00e9 \u010dinnosti. V\u00a0t\u00e9to souvislosti rovn\u011b\u017e rozeb\u00edraj\u00ed ot\u00e1zky postaven\u00ed a \u00falohy intern\u00edch normativn\u00edch instrukc\u00ed.<br \/>\nKl\u00ed\u010dov\u00e1 slova:\u00a0intern\u00ed normativn\u00ed instrukce, nepr\u00e1vn\u00ed normativn\u00ed syst\u00e9m,<strong>\u00a0<\/strong>policejn\u011b bezpe\u010dnostn\u00ed \u010dinnost, pr\u00e1vn\u00ed z\u00e1klady, pr\u00e1vn\u00ed normativn\u00ed syst\u00e9m, princip legality.<\/p>\n<p><a href=\"https:\/\/veda.polac.cz\/?page_id=1666\">01\/2007<\/a><\/p>\n","protected":false},"excerpt":{"rendered":"<p>Resum\u00e9 \u010dl\u00e1nku Policejn\u011b bezpe\u010dnostn\u00ed \u010dinnost a jej\u00ed pr\u00e1vn\u00ed z\u00e1klady doc. JUDr. Anton\u00edn Fil\u00e1k, CSc., Mgr. Zden\u011bk Chmela Auto\u0159i se ve sv\u00e9m \u010dl\u00e1nku zab\u00fdvaj\u00ed aktu\u00e1ln\u00edmi probl\u00e9my pr\u00e1vn\u00ed \u00fapravy policejn\u011b bezpe\u010dnostn\u00ed \u010dinnosti. Akcentuj\u00ed jej\u00ed pr\u00e1vn\u00ed povahu a argumentuj\u00ed nutnost souladu s\u00a0principem legality (z\u00e1konnosti). D\u00e1le zkoumaj\u00ed ot\u00e1zky pr\u00e1vn\u00edch a nepr\u00e1vn\u00edch nor-mativn\u00edch syst\u00e9m\u016f z\u00a0hlediska regulace policejn\u011b bezpe\u010dnostn\u00ed \u010dinnosti. T\u011b\u017ei\u0161t\u011b [&hellip;]<\/p>\n","protected":false},"author":2,"featured_media":0,"parent":0,"menu_order":4,"comment_status":"closed","ping_status":"closed","template":"","meta":{"footnotes":""},"class_list":["post-1886","page","type-page","status-publish","hentry"],"_links":{"self":[{"href":"https:\/\/veda.polac.cz\/index.php?rest_route=\/wp\/v2\/pages\/1886","targetHints":{"allow":["GET"]}}],"collection":[{"href":"https:\/\/veda.polac.cz\/index.php?rest_route=\/wp\/v2\/pages"}],"about":[{"href":"https:\/\/veda.polac.cz\/index.php?rest_route=\/wp\/v2\/types\/page"}],"author":[{"embeddable":true,"href":"https:\/\/veda.polac.cz\/index.php?rest_route=\/wp\/v2\/users\/2"}],"replies":[{"embeddable":true,"href":"https:\/\/veda.polac.cz\/index.php?rest_route=%2Fwp%2Fv2%2Fcomments&post=1886"}],"version-history":[{"count":2,"href":"https:\/\/veda.polac.cz\/index.php?rest_route=\/wp\/v2\/pages\/1886\/revisions"}],"predecessor-version":[{"id":1925,"href":"https:\/\/veda.polac.cz\/index.php?rest_route=\/wp\/v2\/pages\/1886\/revisions\/1925"}],"wp:attachment":[{"href":"https:\/\/veda.polac.cz\/index.php?rest_route=%2Fwp%2Fv2%2Fmedia&parent=1886"}],"curies":[{"name":"wp","href":"https:\/\/api.w.org\/{rel}","templated":true}]}}