{"id":1884,"date":"2018-10-07T11:07:16","date_gmt":"2018-10-07T11:07:16","guid":{"rendered":"http:\/\/veda.polac.cz\/?page_id=1884"},"modified":"2018-10-27T19:00:58","modified_gmt":"2018-10-27T19:00:58","slug":"3-2-17","status":"publish","type":"page","link":"https:\/\/veda.polac.cz\/?page_id=1884","title":{"rendered":""},"content":{"rendered":"<p style=\"text-align: center;\">Resum\u00e9 \u010dl\u00e1nku<\/p>\n<p style=\"font-weight: 400;\"><strong>Zav\u00e1d\u011bn\u00ed projektu Community policing do praxe Policie \u010cesk\u00e9 republiky<\/strong><br \/>\n<em>plk. JUDr. Mgr. Jan Br\u00e1zda, Ph.D.<\/em><\/p>\n<p style=\"font-weight: 400;\">Autor se zam\u011b\u0159uje na prezentaci z\u00e1kladn\u00edch my\u0161lenek projektu community poli-cing, jeho podstatu, v\u00fdznam a p\u0159\u00ednos pro \u010dinnost policie ve vztahu k\u00a0ve\u0159ejnosti, jako\u017e i syst\u00e9mu hodnocen\u00ed v\u00fdslednosti policie a jej\u00edho vn\u00edm\u00e1n\u00ed ze strany ve\u0159ejnosti.<br \/>\nKl\u00ed\u010dov\u00e1 slova:\u00a0Policie \u010cR, community policing, ve\u0159ejnost, prevence, bezpe\u010d\u00ed.<\/p>\n<p><a href=\"https:\/\/veda.polac.cz\/?page_id=1666\">01\/2007<\/a><\/p>\n","protected":false},"excerpt":{"rendered":"<p>Resum\u00e9 \u010dl\u00e1nku Zav\u00e1d\u011bn\u00ed projektu Community policing do praxe Policie \u010cesk\u00e9 republiky plk. JUDr. Mgr. Jan Br\u00e1zda, Ph.D. Autor se zam\u011b\u0159uje na prezentaci z\u00e1kladn\u00edch my\u0161lenek projektu community poli-cing, jeho podstatu, v\u00fdznam a p\u0159\u00ednos pro \u010dinnost policie ve vztahu k\u00a0ve\u0159ejnosti, jako\u017e i syst\u00e9mu hodnocen\u00ed v\u00fdslednosti policie a jej\u00edho vn\u00edm\u00e1n\u00ed ze strany ve\u0159ejnosti. Kl\u00ed\u010dov\u00e1 slova:\u00a0Policie \u010cR, community policing, [&hellip;]<\/p>\n","protected":false},"author":2,"featured_media":0,"parent":0,"menu_order":3,"comment_status":"closed","ping_status":"closed","template":"","meta":{"footnotes":""},"class_list":["post-1884","page","type-page","status-publish","hentry"],"_links":{"self":[{"href":"https:\/\/veda.polac.cz\/index.php?rest_route=\/wp\/v2\/pages\/1884","targetHints":{"allow":["GET"]}}],"collection":[{"href":"https:\/\/veda.polac.cz\/index.php?rest_route=\/wp\/v2\/pages"}],"about":[{"href":"https:\/\/veda.polac.cz\/index.php?rest_route=\/wp\/v2\/types\/page"}],"author":[{"embeddable":true,"href":"https:\/\/veda.polac.cz\/index.php?rest_route=\/wp\/v2\/users\/2"}],"replies":[{"embeddable":true,"href":"https:\/\/veda.polac.cz\/index.php?rest_route=%2Fwp%2Fv2%2Fcomments&post=1884"}],"version-history":[{"count":2,"href":"https:\/\/veda.polac.cz\/index.php?rest_route=\/wp\/v2\/pages\/1884\/revisions"}],"predecessor-version":[{"id":1924,"href":"https:\/\/veda.polac.cz\/index.php?rest_route=\/wp\/v2\/pages\/1884\/revisions\/1924"}],"wp:attachment":[{"href":"https:\/\/veda.polac.cz\/index.php?rest_route=%2Fwp%2Fv2%2Fmedia&parent=1884"}],"curies":[{"name":"wp","href":"https:\/\/api.w.org\/{rel}","templated":true}]}}