{"id":1882,"date":"2018-10-07T11:05:54","date_gmt":"2018-10-07T11:05:54","guid":{"rendered":"http:\/\/veda.polac.cz\/?page_id=1882"},"modified":"2018-11-02T22:14:43","modified_gmt":"2018-11-02T22:14:43","slug":"2-2-18","status":"publish","type":"page","link":"https:\/\/veda.polac.cz\/?page_id=1882","title":{"rendered":""},"content":{"rendered":"<p style=\"text-align: center;\">Resum\u00e9 \u010dl\u00e1nku<\/p>\n<p><b>N\u00e1vrh scen\u00e1rov pre potreby dlhodob\u00e9ho pl\u00e1novania rozvoja s\u00edl<\/b><strong><span lang=\"SK\"><br \/>\n<\/span><\/strong><i><span lang=\"SK\">plk. Ing. Jozef Pokorn\u00fd<\/span><\/i><i><\/i><\/p>\n<p class=\"Pozar\">Cie\u013eom pr\u00edspevku je charakterizova\u0165 vyu\u017e\u00edvan\u00e9 scen\u00e1re a\u00a0poskytn\u00fa\u0165 n\u00e1vod pre n\u00e1vrh portf\u00f3lia scen\u00e1rov, vyu\u017eite\u013en\u00fdch pre potreby\u00a0dlhodob\u00e9ho pl\u00e1novania rozvoja s\u00edl.\u00a0\u00a0Pr\u00edspevok rozober\u00e1 jednotliv\u00e9 kroky n\u00e1vrhu scen\u00e1rov, a\u00a0to: vymedzenie r\u00e1mcov jednotliv\u00fdch scen\u00e1rov, definovanie ich rozhoduj\u00facich faktorov, prehodnotenie n\u00e1vrhu a v\u00fdber portf\u00f3lia scen\u00e1rov. Nemal\u00fdm pr\u00ednosom je aj fakt, \u017ee v\u00fdsledn\u00e9 portf\u00f3lio scen\u00e1-rov by bylo mo\u017en\u00e9 vyu\u017ei\u0165 nielen pre dlhodob\u00e9 pl\u00e1novanie s\u00edl, ale aj pre ostatn\u00e9 pl\u00e1novacie discipl\u00edny z oblasti bezpe\u010dnosti a\u00a0obrany, ktor\u00e9 t\u00fdmto dostan\u00fa jednotn\u00fd z\u00e1klad.<br \/>\n<span lang=\"SK\">Kl\u00ed\u010dov\u00e1 slova:<\/span><span lang=\"SK\">\u00a0dlouhodob\u00e9 sc\u00e9n\u00e1\u0159e,\u00a0 pl\u00e1nov\u00e1n\u00ed, rozvoj sil, obrana, bezpe\u010dnost<\/span><\/p>\n<p><a href=\"https:\/\/veda.polac.cz\/?page_id=1666\">01\/2007<\/a><\/p>\n","protected":false},"excerpt":{"rendered":"<p>Resum\u00e9 \u010dl\u00e1nku N\u00e1vrh scen\u00e1rov pre potreby dlhodob\u00e9ho pl\u00e1novania rozvoja s\u00edl plk. Ing. Jozef Pokorn\u00fd Cie\u013eom pr\u00edspevku je charakterizova\u0165 vyu\u017e\u00edvan\u00e9 scen\u00e1re a\u00a0poskytn\u00fa\u0165 n\u00e1vod pre n\u00e1vrh portf\u00f3lia scen\u00e1rov, vyu\u017eite\u013en\u00fdch pre potreby\u00a0dlhodob\u00e9ho pl\u00e1novania rozvoja s\u00edl.\u00a0\u00a0Pr\u00edspevok rozober\u00e1 jednotliv\u00e9 kroky n\u00e1vrhu scen\u00e1rov, a\u00a0to: vymedzenie r\u00e1mcov jednotliv\u00fdch scen\u00e1rov, definovanie ich rozhoduj\u00facich faktorov, prehodnotenie n\u00e1vrhu a v\u00fdber portf\u00f3lia scen\u00e1rov. Nemal\u00fdm pr\u00ednosom je [&hellip;]<\/p>\n","protected":false},"author":2,"featured_media":0,"parent":1666,"menu_order":2,"comment_status":"closed","ping_status":"closed","template":"","meta":{"footnotes":""},"class_list":["post-1882","page","type-page","status-publish","hentry"],"_links":{"self":[{"href":"https:\/\/veda.polac.cz\/index.php?rest_route=\/wp\/v2\/pages\/1882","targetHints":{"allow":["GET"]}}],"collection":[{"href":"https:\/\/veda.polac.cz\/index.php?rest_route=\/wp\/v2\/pages"}],"about":[{"href":"https:\/\/veda.polac.cz\/index.php?rest_route=\/wp\/v2\/types\/page"}],"author":[{"embeddable":true,"href":"https:\/\/veda.polac.cz\/index.php?rest_route=\/wp\/v2\/users\/2"}],"replies":[{"embeddable":true,"href":"https:\/\/veda.polac.cz\/index.php?rest_route=%2Fwp%2Fv2%2Fcomments&post=1882"}],"version-history":[{"count":2,"href":"https:\/\/veda.polac.cz\/index.php?rest_route=\/wp\/v2\/pages\/1882\/revisions"}],"predecessor-version":[{"id":1923,"href":"https:\/\/veda.polac.cz\/index.php?rest_route=\/wp\/v2\/pages\/1882\/revisions\/1923"}],"up":[{"embeddable":true,"href":"https:\/\/veda.polac.cz\/index.php?rest_route=\/wp\/v2\/pages\/1666"}],"wp:attachment":[{"href":"https:\/\/veda.polac.cz\/index.php?rest_route=%2Fwp%2Fv2%2Fmedia&parent=1882"}],"curies":[{"name":"wp","href":"https:\/\/api.w.org\/{rel}","templated":true}]}}