{"id":187,"date":"2018-09-08T06:11:08","date_gmt":"2018-09-08T06:11:08","guid":{"rendered":"http:\/\/veda.polac.cz\/?page_id=187"},"modified":"2018-10-27T18:52:27","modified_gmt":"2018-10-27T18:52:27","slug":"187-2","status":"publish","type":"page","link":"https:\/\/veda.polac.cz\/?page_id=187","title":{"rendered":""},"content":{"rendered":"<p style=\"text-align: center;\">Resum\u00e9 \u010dl\u00e1nku<\/p>\n<p><strong>Zahrani\u010dn\u00ed studie v\u011bnovan\u00e9 mo\u017en\u00e9mu naru\u0161en\u00ed z\u00e1sobov\u00e1n\u00ed ropou a ropn\u00fdmi produkty a krizov\u00e9 komunikaci souvisej\u00edc\u00ed s ropn\u00fdm pr\u016fmyslem<\/strong><br \/>\n<em>Mgr. Luk\u00e1\u0161 Harazin, Ph.D.; Mgr. Old\u0159ich Krul\u00edk, Ph.D., Policejn\u00ed akademie \u010cesk\u00e9 republiky v Praze, Fakulta bezpe\u010dnostn\u00edho managementu PA \u010cR v Praze, katedra krizov\u00e9ho \u0159\u00edzen\u00ed<\/em><\/p>\n<p>Nedostatek pohonn\u00fdch hmot (ropy a ropn\u00fdch produkt\u016f) p\u0159edstavuje pro vl\u00e1du respektive soukromou t\u011b\u017eebn\u00ed nebo distribu\u010dn\u00ed firmu obvykle komplikovanou a komunika\u010dn\u011b n\u00e1ro\u010dnou situaci. Vyu\u017eiteln\u00fdch zahrani\u010dn\u00edch p\u0159\u00edklad\u016f, t\u00fdkaj\u00edc\u00edch se p\u0159\u00edmo ropn\u00e9 nouze na \u00farovni st\u00e1tu, nato\u017e vyu\u017eiteln\u00fdch p\u0159\u00edmo v prost\u0159ed\u00ed \u010cesk\u00e9 republiky, se autor\u016fm mnoho nal\u00e9zt nepoda\u0159ilo. Zn\u00e1m\u011bj\u0161\u00ed jsou pouze p\u0159\u00edpady v\u00edce \u010di m\u00e9n\u011b nezvl\u00e1dnut\u00e9 krizov\u00e9 komunikace po linii soukrom\u00fdch spole\u010dnost\u00ed.<br \/>\n<strong>Kl\u00ed\u010dov\u00e1 slova:<\/strong>\u00a0Nedostatek pohonn\u00fdch hmot, krizov\u00e9 \u0159\u00edzen\u00ed, krizov\u00e1 komunikace, doporu\u010den\u00ed, zku\u0161enosti ze zahrani\u010d\u00ed.<\/p>\n<p><a href=\"https:\/\/veda.polac.cz\/?page_id=85\">01\/2018<\/a><\/p>\n","protected":false},"excerpt":{"rendered":"<p>Resum\u00e9 \u010dl\u00e1nku Zahrani\u010dn\u00ed studie v\u011bnovan\u00e9 mo\u017en\u00e9mu naru\u0161en\u00ed z\u00e1sobov\u00e1n\u00ed ropou a ropn\u00fdmi produkty a krizov\u00e9 komunikaci souvisej\u00edc\u00ed s ropn\u00fdm pr\u016fmyslem Mgr. Luk\u00e1\u0161 Harazin, Ph.D.; Mgr. Old\u0159ich Krul\u00edk, Ph.D., Policejn\u00ed akademie \u010cesk\u00e9 republiky v Praze, Fakulta bezpe\u010dnostn\u00edho managementu PA \u010cR v Praze, katedra krizov\u00e9ho \u0159\u00edzen\u00ed Nedostatek pohonn\u00fdch hmot (ropy a ropn\u00fdch produkt\u016f) p\u0159edstavuje pro vl\u00e1du respektive soukromou [&hellip;]<\/p>\n","protected":false},"author":2,"featured_media":0,"parent":0,"menu_order":4,"comment_status":"closed","ping_status":"closed","template":"","meta":{"footnotes":""},"class_list":["post-187","page","type-page","status-publish","hentry"],"_links":{"self":[{"href":"https:\/\/veda.polac.cz\/index.php?rest_route=\/wp\/v2\/pages\/187","targetHints":{"allow":["GET"]}}],"collection":[{"href":"https:\/\/veda.polac.cz\/index.php?rest_route=\/wp\/v2\/pages"}],"about":[{"href":"https:\/\/veda.polac.cz\/index.php?rest_route=\/wp\/v2\/types\/page"}],"author":[{"embeddable":true,"href":"https:\/\/veda.polac.cz\/index.php?rest_route=\/wp\/v2\/users\/2"}],"replies":[{"embeddable":true,"href":"https:\/\/veda.polac.cz\/index.php?rest_route=%2Fwp%2Fv2%2Fcomments&post=187"}],"version-history":[{"count":6,"href":"https:\/\/veda.polac.cz\/index.php?rest_route=\/wp\/v2\/pages\/187\/revisions"}],"predecessor-version":[{"id":408,"href":"https:\/\/veda.polac.cz\/index.php?rest_route=\/wp\/v2\/pages\/187\/revisions\/408"}],"wp:attachment":[{"href":"https:\/\/veda.polac.cz\/index.php?rest_route=%2Fwp%2Fv2%2Fmedia&parent=187"}],"curies":[{"name":"wp","href":"https:\/\/api.w.org\/{rel}","templated":true}]}}