{"id":1858,"date":"2018-10-07T00:49:45","date_gmt":"2018-10-07T00:49:45","guid":{"rendered":"http:\/\/veda.polac.cz\/?page_id=1858"},"modified":"2018-10-27T19:01:42","modified_gmt":"2018-10-27T19:01:42","slug":"14-2-2","status":"publish","type":"page","link":"https:\/\/veda.polac.cz\/?page_id=1858","title":{"rendered":""},"content":{"rendered":"<p style=\"text-align: center;\">Resum\u00e9 \u010dl\u00e1nku<\/p>\n<p style=\"font-weight: 400;\"><strong>V\u00fdzkumy informa\u010dn\u00ed gramotnosti<br \/>\n<\/strong><em>Mgr. Jitka B\u00edl\u00e1<\/em><\/p>\n<p style=\"font-weight: 400;\">V\u00a0p\u0159\u00edsp\u011bvku je pops\u00e1na p\u0159\u00edprava reprezentativn\u00edho v\u00fdzkumu \u00farovn\u011b informa\u010dn\u00ed gramotnosti student\u016f-policist\u016f PA \u010cR. C\u00edlem v\u00fdzkumu bylo (krom zji\u0161t\u011bn\u00ed \u00farovn\u011b informa\u010dn\u00ed gramotnosti) porovnat standardy informa\u010dn\u00ed gramotnosti studenta PA \u010cR s\u00a0obecn\u011b nastaven\u00fdmi standardy informa\u010dn\u00ed gramotnosti vysoko\u0161kolsk\u00e9ho studenta.<br \/>\nKl\u00ed\u010dov\u00e1 slova: informa\u010dn\u00ed gramotnost, po\u010d\u00edta\u010dov\u00e1 gramotnost, v\u00fdzkum, populace,\u00a0\u00a0prosperita, ministerstvo informatiky, n\u00e1rodn\u00ed program po\u010d\u00edta\u010dov\u00e9 gramotnosti<\/p>\n<p><a href=\"https:\/\/veda.polac.cz\/?page_id=1668\">04\/2006<\/a><\/p>\n","protected":false},"excerpt":{"rendered":"<p>Resum\u00e9 \u010dl\u00e1nku V\u00fdzkumy informa\u010dn\u00ed gramotnosti Mgr. Jitka B\u00edl\u00e1 V\u00a0p\u0159\u00edsp\u011bvku je pops\u00e1na p\u0159\u00edprava reprezentativn\u00edho v\u00fdzkumu \u00farovn\u011b informa\u010dn\u00ed gramotnosti student\u016f-policist\u016f PA \u010cR. C\u00edlem v\u00fdzkumu bylo (krom zji\u0161t\u011bn\u00ed \u00farovn\u011b informa\u010dn\u00ed gramotnosti) porovnat standardy informa\u010dn\u00ed gramotnosti studenta PA \u010cR s\u00a0obecn\u011b nastaven\u00fdmi standardy informa\u010dn\u00ed gramotnosti vysoko\u0161kolsk\u00e9ho studenta. Kl\u00ed\u010dov\u00e1 slova: informa\u010dn\u00ed gramotnost, po\u010d\u00edta\u010dov\u00e1 gramotnost, v\u00fdzkum, populace,\u00a0\u00a0prosperita, ministerstvo informatiky, n\u00e1rodn\u00ed program po\u010d\u00edta\u010dov\u00e9 [&hellip;]<\/p>\n","protected":false},"author":2,"featured_media":0,"parent":0,"menu_order":14,"comment_status":"closed","ping_status":"closed","template":"","meta":{"footnotes":""},"class_list":["post-1858","page","type-page","status-publish","hentry"],"_links":{"self":[{"href":"https:\/\/veda.polac.cz\/index.php?rest_route=\/wp\/v2\/pages\/1858","targetHints":{"allow":["GET"]}}],"collection":[{"href":"https:\/\/veda.polac.cz\/index.php?rest_route=\/wp\/v2\/pages"}],"about":[{"href":"https:\/\/veda.polac.cz\/index.php?rest_route=\/wp\/v2\/types\/page"}],"author":[{"embeddable":true,"href":"https:\/\/veda.polac.cz\/index.php?rest_route=\/wp\/v2\/users\/2"}],"replies":[{"embeddable":true,"href":"https:\/\/veda.polac.cz\/index.php?rest_route=%2Fwp%2Fv2%2Fcomments&post=1858"}],"version-history":[{"count":2,"href":"https:\/\/veda.polac.cz\/index.php?rest_route=\/wp\/v2\/pages\/1858\/revisions"}],"predecessor-version":[{"id":1878,"href":"https:\/\/veda.polac.cz\/index.php?rest_route=\/wp\/v2\/pages\/1858\/revisions\/1878"}],"wp:attachment":[{"href":"https:\/\/veda.polac.cz\/index.php?rest_route=%2Fwp%2Fv2%2Fmedia&parent=1858"}],"curies":[{"name":"wp","href":"https:\/\/api.w.org\/{rel}","templated":true}]}}