{"id":1856,"date":"2018-10-07T00:48:13","date_gmt":"2018-10-07T00:48:13","guid":{"rendered":"http:\/\/veda.polac.cz\/?page_id=1856"},"modified":"2018-10-27T19:01:42","modified_gmt":"2018-10-27T19:01:42","slug":"13-2-5","status":"publish","type":"page","link":"https:\/\/veda.polac.cz\/?page_id=1856","title":{"rendered":""},"content":{"rendered":"<p style=\"text-align: center;\">Resum\u00e9 \u010dl\u00e1nku<\/p>\n<p style=\"font-weight: 400;\"><strong>Dal\u0161\u00ed symbolick\u00e9 formy podle \u00fastavn\u00edho pr\u00e1va<br \/>\n<\/strong><em>doc. JUDr. Vladim\u00edr Zoubek, CSc.<\/em><\/p>\n<p style=\"font-weight: 400;\">Autor se v\u00a0\u010dl\u00e1nku dotknul dal\u0161\u00edch symbolick\u00fdch forem podle \u010desk\u00e9 konstitucionalistiky. Popisuje krajsk\u00e9 znaky a vlajky podle nov\u00e9ho krajsk\u00e9ho z\u0159\u00edzen\u00ed. D\u00e1le je pops\u00e1na romsk\u00e1 vlajka a t\u00e9\u017e vlajka \u201esoukrom\u00e9ho st\u00e1tu\u201c Vala\u0161sk\u00e9ho kr\u00e1lovstv\u00ed. Mezi v\u00fdznamn\u00e9 je t\u00e9\u017e sd\u011blen\u00ed o evropsk\u00e9 symbolice (evropsk\u00e1 vlajka, hymna, heslo, m\u011bna, Den Evropy).<br \/>\nKl\u00ed\u010dov\u00e1 slova: \u010cesk\u00e1 republika, znaky kraj\u016f, vlajky, znak a prapor hlavn\u00edho m\u011bsta Prahy, romsk\u00e1 vlajka. Znak a vlajka Vala\u0161sk\u00e9ho kr\u00e1lovstv\u00ed. Vlajka Evropsk\u00e9 unie. Evropsk\u00e1 hymna. Heslo Evropsk\u00e9 unie. Euro. Den Evropy.<\/p>\n<p><a href=\"https:\/\/veda.polac.cz\/?page_id=1668\">04\/2006<\/a><\/p>\n<p style=\"font-weight: 400;\">\n","protected":false},"excerpt":{"rendered":"<p>Resum\u00e9 \u010dl\u00e1nku Dal\u0161\u00ed symbolick\u00e9 formy podle \u00fastavn\u00edho pr\u00e1va doc. JUDr. Vladim\u00edr Zoubek, CSc. Autor se v\u00a0\u010dl\u00e1nku dotknul dal\u0161\u00edch symbolick\u00fdch forem podle \u010desk\u00e9 konstitucionalistiky. Popisuje krajsk\u00e9 znaky a vlajky podle nov\u00e9ho krajsk\u00e9ho z\u0159\u00edzen\u00ed. D\u00e1le je pops\u00e1na romsk\u00e1 vlajka a t\u00e9\u017e vlajka \u201esoukrom\u00e9ho st\u00e1tu\u201c Vala\u0161sk\u00e9ho kr\u00e1lovstv\u00ed. Mezi v\u00fdznamn\u00e9 je t\u00e9\u017e sd\u011blen\u00ed o evropsk\u00e9 symbolice (evropsk\u00e1 vlajka, hymna, [&hellip;]<\/p>\n","protected":false},"author":2,"featured_media":0,"parent":0,"menu_order":13,"comment_status":"closed","ping_status":"closed","template":"","meta":{"footnotes":""},"class_list":["post-1856","page","type-page","status-publish","hentry"],"_links":{"self":[{"href":"https:\/\/veda.polac.cz\/index.php?rest_route=\/wp\/v2\/pages\/1856","targetHints":{"allow":["GET"]}}],"collection":[{"href":"https:\/\/veda.polac.cz\/index.php?rest_route=\/wp\/v2\/pages"}],"about":[{"href":"https:\/\/veda.polac.cz\/index.php?rest_route=\/wp\/v2\/types\/page"}],"author":[{"embeddable":true,"href":"https:\/\/veda.polac.cz\/index.php?rest_route=\/wp\/v2\/users\/2"}],"replies":[{"embeddable":true,"href":"https:\/\/veda.polac.cz\/index.php?rest_route=%2Fwp%2Fv2%2Fcomments&post=1856"}],"version-history":[{"count":2,"href":"https:\/\/veda.polac.cz\/index.php?rest_route=\/wp\/v2\/pages\/1856\/revisions"}],"predecessor-version":[{"id":1877,"href":"https:\/\/veda.polac.cz\/index.php?rest_route=\/wp\/v2\/pages\/1856\/revisions\/1877"}],"wp:attachment":[{"href":"https:\/\/veda.polac.cz\/index.php?rest_route=%2Fwp%2Fv2%2Fmedia&parent=1856"}],"curies":[{"name":"wp","href":"https:\/\/api.w.org\/{rel}","templated":true}]}}