{"id":1854,"date":"2018-10-07T00:46:48","date_gmt":"2018-10-07T00:46:48","guid":{"rendered":"http:\/\/veda.polac.cz\/?page_id=1854"},"modified":"2018-11-02T22:25:50","modified_gmt":"2018-11-02T22:25:50","slug":"12-2-8","status":"publish","type":"page","link":"https:\/\/veda.polac.cz\/?page_id=1854","title":{"rendered":""},"content":{"rendered":"<p style=\"text-align: center;\">Resum\u00e9 \u010dl\u00e1nku<\/p>\n<p style=\"font-weight: 400;\"><strong>N\u011bkter\u00e9 evalua\u010dn\u00ed poznatky z\u00a0v\u00fduky p\u0159edm\u011btu Evropsk\u00e9 pr\u00e1vo na PA \u010cR<br \/>\n<\/strong><em>doc. JUDr. Bohumil Pikna, CSc.<\/em><\/p>\n<p style=\"font-weight: 400;\">\u010cl\u00e1nek se zab\u00fdv\u00e1 v\u00fdsledky anonymn\u00edho dotazn\u00edkov\u00e9ho pr\u016fzkumu provede-n\u00e9ho u\u010ditelem p\u0159edm\u011btu Evropsk\u00e9 pr\u00e1vo na Policejn\u00ed akademii \u010cR v lednu 2006 p\u0159i p\u0159\u00edle\u017eitosti zkou\u0161ek student\u016f magistersk\u00e9ho studijn\u00edho programu Bezpe\u010dnostn\u011b pr\u00e1vn\u00ed studia. Hlavn\u00edm \u00fa\u010delem bylo zjistit zp\u011btnou vazbu mezi v\u00fdukou a v\u00fdsledky zkou\u0161ek, n\u00e1zory student\u016f na z\u00e1kladn\u00ed u\u010debnice a jejich kvalitu pro pot\u0159eby studijn\u00ed p\u0159\u00edpravy, jak vn\u00edmaj\u00ed odbornost, seri\u00f3znost a didaktick\u00e9 schopnosti u\u010ditele a v\u00a0nepo-sledn\u00ed \u0159ad\u011b i n\u00e1zory na zp\u016fsob veden\u00ed a\u00a0\u00a0objektivnost zkou\u0161ek. Z\u00edskan\u00e9 poznatky poslou\u017e\u00ed pro pot\u0159eby korekce v\u00fduky evropsk\u00e9ho pr\u00e1va a rovn\u011b\u017e pro \u00fa\u010dely t. \u010d. zpracov\u00e1van\u00fdch nov\u00fdch vyd\u00e1n\u00ed dvou z\u00e1kladn\u00edch u\u010debn\u00edch text\u016f Policejn\u00ed akademie \u010cR. Z odpov\u011bd\u00ed student\u016f\u00a0\u00a0(podle dotazn\u00edku) bylo potvrzeno jejich pozitivn\u00ed hodnocen\u00ed st\u00e1vaj\u00edc\u00ed v\u00fduky v\u010detn\u011b n\u00e1pln\u011b semin\u00e1\u0159\u016f. Takt\u00e9\u017e bylo potvrzeno, \u017ee jak zp\u016fsob a\u00a0forma veden\u00ed zkou\u0161ky,\u00a0\u00a0tak i objektivnost ulo\u017een\u00e9 zn\u00e1mky jsou hodnoceny kladn\u011b. Sou\u010dasn\u011b byly potvrzeny jist\u00e9 rozd\u00edly mezi kvalitou znalost\u00ed a v\u00fdslednost\u00ed zkou\u0161ek mezi prezen\u010dn\u00ed a kombinovanou formou studia. Z tohoto d\u016fvodu budou pro zv\u00fd\u0161en\u00ed \u00farovn\u011b znalost\u00ed student\u016f kombinovan\u00e9ho (resp. t\u00e9\u017e individu\u00e1ln\u00edho) studia p\u0159ijata\u00a0\u00a0konkr\u00e9tn\u00ed opat\u0159en\u00ed spo\u010d\u00edvaj\u00edc\u00ed krom\u011b organiza\u010dn\u00edch krok\u016f zvl\u00e1\u0161t\u011b v osv\u011btlen\u00ed a\u00a0praktick\u00e9m zav\u00e1d\u011bn\u00ed promy\u0161len\u00e9 metodiky studia evropsk\u00e9ho pr\u00e1va. V t\u00e9to souvislosti se po\u010d\u00edt\u00e1 s vyu\u017eit\u00edm zvl\u00e1\u0161tn\u00ed internetov\u00e9 str\u00e1nky Policejn\u00ed akademie \u010cR \u201eEvropsk\u00e9 pr\u00e1vo \u2013 podp\u016frn\u00e9 distan\u010dn\u00ed vzd\u011bl\u00e1vac\u00ed texty\u201c dostupn\u00e9 na World Wide Web:&lt;<a href=\"http:\/\/www.polac.cz\/g2\/view.php?eu\/index.html\">http:\/\/www.polac.cz\/g2\/view.php?eu\/index.html<\/a>&gt;<\/p>\n<p><a href=\"https:\/\/veda.polac.cz\/?page_id=1668\">04\/2006<\/a><\/p>\n<p style=\"font-weight: 400;\"><em>\u00a0<\/em><\/p>\n<p>&nbsp;<\/p>\n","protected":false},"excerpt":{"rendered":"<p>Resum\u00e9 \u010dl\u00e1nku N\u011bkter\u00e9 evalua\u010dn\u00ed poznatky z\u00a0v\u00fduky p\u0159edm\u011btu Evropsk\u00e9 pr\u00e1vo na PA \u010cR doc. JUDr. Bohumil Pikna, CSc. \u010cl\u00e1nek se zab\u00fdv\u00e1 v\u00fdsledky anonymn\u00edho dotazn\u00edkov\u00e9ho pr\u016fzkumu provede-n\u00e9ho u\u010ditelem p\u0159edm\u011btu Evropsk\u00e9 pr\u00e1vo na Policejn\u00ed akademii \u010cR v lednu 2006 p\u0159i p\u0159\u00edle\u017eitosti zkou\u0161ek student\u016f magistersk\u00e9ho studijn\u00edho programu Bezpe\u010dnostn\u011b pr\u00e1vn\u00ed studia. Hlavn\u00edm \u00fa\u010delem bylo zjistit zp\u011btnou vazbu mezi v\u00fdukou a [&hellip;]<\/p>\n","protected":false},"author":2,"featured_media":0,"parent":1668,"menu_order":12,"comment_status":"closed","ping_status":"closed","template":"","meta":{"footnotes":""},"class_list":["post-1854","page","type-page","status-publish","hentry"],"_links":{"self":[{"href":"https:\/\/veda.polac.cz\/index.php?rest_route=\/wp\/v2\/pages\/1854","targetHints":{"allow":["GET"]}}],"collection":[{"href":"https:\/\/veda.polac.cz\/index.php?rest_route=\/wp\/v2\/pages"}],"about":[{"href":"https:\/\/veda.polac.cz\/index.php?rest_route=\/wp\/v2\/types\/page"}],"author":[{"embeddable":true,"href":"https:\/\/veda.polac.cz\/index.php?rest_route=\/wp\/v2\/users\/2"}],"replies":[{"embeddable":true,"href":"https:\/\/veda.polac.cz\/index.php?rest_route=%2Fwp%2Fv2%2Fcomments&post=1854"}],"version-history":[{"count":2,"href":"https:\/\/veda.polac.cz\/index.php?rest_route=\/wp\/v2\/pages\/1854\/revisions"}],"predecessor-version":[{"id":1876,"href":"https:\/\/veda.polac.cz\/index.php?rest_route=\/wp\/v2\/pages\/1854\/revisions\/1876"}],"up":[{"embeddable":true,"href":"https:\/\/veda.polac.cz\/index.php?rest_route=\/wp\/v2\/pages\/1668"}],"wp:attachment":[{"href":"https:\/\/veda.polac.cz\/index.php?rest_route=%2Fwp%2Fv2%2Fmedia&parent=1854"}],"curies":[{"name":"wp","href":"https:\/\/api.w.org\/{rel}","templated":true}]}}