{"id":1852,"date":"2018-10-07T00:45:10","date_gmt":"2018-10-07T00:45:10","guid":{"rendered":"http:\/\/veda.polac.cz\/?page_id=1852"},"modified":"2018-11-02T22:28:36","modified_gmt":"2018-11-02T22:28:36","slug":"11-2-12","status":"publish","type":"page","link":"https:\/\/veda.polac.cz\/?page_id=1852","title":{"rendered":""},"content":{"rendered":"<p style=\"text-align: center;\">Resum\u00e9 \u010dl\u00e1nku<\/p>\n<p style=\"font-weight: 400;\"><strong>Zku\u0161enosti s\u00a0aplikac\u00ed n\u011bkter\u00fdch prvk\u016f distan\u010dn\u00edho vzd\u011bl\u00e1v\u00e1n\u00ed p\u0159i v\u00fduce p\u0159edm\u011btu Evropsk\u00e9ho pr\u00e1vo na Policejn\u00ed akademie \u010cR<br \/>\n<\/strong><em>doc. JUDr. Bohumil Pikna, CSc.<\/em><\/p>\n<p style=\"font-weight: 400;\">\u010cl\u00e1nek se zab\u00fdv\u00e1 n\u011bkter\u00fdmi zku\u0161enostmi s\u00a0vyu\u017eit\u00edm internetu (intranetu) pro pot\u0159eby studia p\u0159edm\u011btu Evropsk\u00e9 pr\u00e1vo na Policejn\u00ed akademii \u010cR. Zam\u011b\u0159uje se na zku\u0161enosti z\u00a0procesu p\u0159\u00edpravy student\u016f akademie na zkou\u0161ky za vyu\u017eit\u00ed n\u011bkter\u00fdch prvk\u016f a poznatk\u016f z\u00a0tzv. distan\u010dn\u00edho vzd\u011bl\u00e1v\u00e1n\u00ed (tento typ studia nen\u00ed zat\u00edm na akademii zaveden). Zvl\u00e1\u0161t\u011b jde o tvorbu, obsah a zam\u011b\u0159en\u00ed n\u011bkter\u00fdch vzd\u011bl\u00e1vac\u00edch text\u016f a studijn\u00edch pom\u016fcek obdobn\u00fdch \u201edistan\u010dn\u00edm materi\u00e1l\u016fm\u201c. V neposledn\u00ed \u0159ad\u011b jde<br \/>\no vhodnou studijn\u00ed metodiku zam\u011b\u0159enou na efektivn\u00ed zvl\u00e1dnut\u00ed p\u0159\u00edpravy zvl\u00e1\u0161t\u011b student\u016f kombinovan\u00e9ho a individu\u00e1ln\u00edho studia.<br \/>\nPo osv\u011btlen\u00ed z\u00e1kladn\u00edch kontur tzv. distan\u010dn\u00edho vzd\u011bl\u00e1v\u00e1n\u00ed se autor v\u00a0\u010dl\u00e1nku za-b\u00fdv\u00e1 konkr\u00e9tn\u00edmi mo\u017enostmi aplikace n\u011bkter\u00fdch zku\u0161enost\u00ed v\u010detn\u011b obsahu a forem distan\u010dn\u00edho zp\u016fsobu vzd\u011bl\u00e1v\u00e1n\u00ed na podm\u00ednky p\u0159\u00edpravy student\u016f akademie na zkou\u0161ku z\u00a0evropsk\u00e9ho pr\u00e1va. Tato je povinn\u00fdm zku\u0161ebn\u00edm p\u0159edm\u011btem v\u00a0posledn\u00edm ro\u010dn\u00edku magistersk\u00e9ho studia (resp. i v\u00a0jin\u00fdch form\u00e1ch aplikovan\u00e9ho studia evropsk\u00e9ho pr\u00e1va). Za t\u00edmto \u00fa\u010delem existuje od roku 2002 na internetov\u00e9 str\u00e1nce Policejn\u00ed akademie \u010cR speci\u00e1ln\u00ed str\u00e1nka pod ozna\u010den\u00edm \u201eEvropsk\u00e9 pr\u00e1vo &#8211; podp\u016frn\u00e9 distan-\u010dn\u00ed vzd\u011bl\u00e1vac\u00ed texty\u201c &#8211; dostupn\u00e9 na World Wide Web:\u00a0<a href=\"http:\/\/www.polac.cz\/g2\/view.php?eu\/index.html\">http:\/\/www.polac.cz\/g2\/view.php?eu\/index.html<\/a>. Ta obsahuje, krom\u011b informativn\u00ed \u010d\u00e1sti rovn\u011b\u017e v\u00a0jazyce anglick\u00e9m, hlavn\u011b problematiky: metodika pr\u00e1ce s\u00a0texty evropsk\u00e9ho pr\u00e1va, z\u00e1kladn\u00ed terminologie evropsk\u00e9ho pr\u00e1va zejm\u00e9na v\u00a0oblasti justice a vnit\u0159n\u00edch v\u011bc\u00ed, v\u00edce jak 50 odborn\u00fdch pojedn\u00e1n\u00ed pro pot\u0159eby studia v\u010detn\u011b p\u0159\u00edm\u00fdch internetov\u00fdch odkaz\u016f a d\u00e1le p\u0159eklady d\u016fle\u017eit\u00fdch evropsk\u00fdch dokument\u016f a pr\u00e1vn\u00edch akt\u016f.<br \/>\nV\u00a0z\u00e1v\u011bru \u010dl\u00e1nku jsou specifikov\u00e1na konkr\u00e9tn\u00ed opat\u0159en\u00ed zam\u011b\u0159en\u00e1 na zv\u00fd\u0161en\u00ed \u00farovn\u011b znalost\u00ed evropsk\u00e9ho pr\u00e1va zvl\u00e1\u0161t\u011b u student\u016f kombinovan\u00e9ho a individu\u00e1ln\u00edho studia na Policejn\u00ed akademii \u010cR za vyu\u017eit\u00ed p\u0159edm\u011btn\u00e9 internetov\u00e9 str\u00e1nky akademie. Zejm\u00e9na p\u016fjde o dopln\u011bn\u00ed n\u011bkter\u00fdch odborn\u00fdch text\u016f a o vypracov\u00e1n\u00ed \u00fa\u010dinn\u00e9 metodiky uleh\u010duj\u00edc\u00ed studium.<br \/>\nKl\u00ed\u010dov\u00e1 slova: distan\u010dn\u00ed vzd\u011bl\u00e1v\u00e1n\u00ed, internet, intranet, Evropsk\u00e9 pr\u00e1vo<\/p>\n<p><a href=\"https:\/\/veda.polac.cz\/?page_id=1668\">04\/2006<\/a><\/p>\n<p style=\"font-weight: 400;\">\n","protected":false},"excerpt":{"rendered":"<p>Resum\u00e9 \u010dl\u00e1nku Zku\u0161enosti s\u00a0aplikac\u00ed n\u011bkter\u00fdch prvk\u016f distan\u010dn\u00edho vzd\u011bl\u00e1v\u00e1n\u00ed p\u0159i v\u00fduce p\u0159edm\u011btu Evropsk\u00e9ho pr\u00e1vo na Policejn\u00ed akademie \u010cR doc. JUDr. Bohumil Pikna, CSc. \u010cl\u00e1nek se zab\u00fdv\u00e1 n\u011bkter\u00fdmi zku\u0161enostmi s\u00a0vyu\u017eit\u00edm internetu (intranetu) pro pot\u0159eby studia p\u0159edm\u011btu Evropsk\u00e9 pr\u00e1vo na Policejn\u00ed akademii \u010cR. Zam\u011b\u0159uje se na zku\u0161enosti z\u00a0procesu p\u0159\u00edpravy student\u016f akademie na zkou\u0161ky za vyu\u017eit\u00ed n\u011bkter\u00fdch prvk\u016f a [&hellip;]<\/p>\n","protected":false},"author":2,"featured_media":0,"parent":1668,"menu_order":11,"comment_status":"closed","ping_status":"closed","template":"","meta":{"footnotes":""},"class_list":["post-1852","page","type-page","status-publish","hentry"],"_links":{"self":[{"href":"https:\/\/veda.polac.cz\/index.php?rest_route=\/wp\/v2\/pages\/1852","targetHints":{"allow":["GET"]}}],"collection":[{"href":"https:\/\/veda.polac.cz\/index.php?rest_route=\/wp\/v2\/pages"}],"about":[{"href":"https:\/\/veda.polac.cz\/index.php?rest_route=\/wp\/v2\/types\/page"}],"author":[{"embeddable":true,"href":"https:\/\/veda.polac.cz\/index.php?rest_route=\/wp\/v2\/users\/2"}],"replies":[{"embeddable":true,"href":"https:\/\/veda.polac.cz\/index.php?rest_route=%2Fwp%2Fv2%2Fcomments&post=1852"}],"version-history":[{"count":2,"href":"https:\/\/veda.polac.cz\/index.php?rest_route=\/wp\/v2\/pages\/1852\/revisions"}],"predecessor-version":[{"id":1875,"href":"https:\/\/veda.polac.cz\/index.php?rest_route=\/wp\/v2\/pages\/1852\/revisions\/1875"}],"up":[{"embeddable":true,"href":"https:\/\/veda.polac.cz\/index.php?rest_route=\/wp\/v2\/pages\/1668"}],"wp:attachment":[{"href":"https:\/\/veda.polac.cz\/index.php?rest_route=%2Fwp%2Fv2%2Fmedia&parent=1852"}],"curies":[{"name":"wp","href":"https:\/\/api.w.org\/{rel}","templated":true}]}}