{"id":1850,"date":"2018-10-07T00:43:46","date_gmt":"2018-10-07T00:43:46","guid":{"rendered":"http:\/\/veda.polac.cz\/?page_id=1850"},"modified":"2018-11-03T00:10:16","modified_gmt":"2018-11-03T00:10:16","slug":"10-2-13","status":"publish","type":"page","link":"https:\/\/veda.polac.cz\/?page_id=1850","title":{"rendered":""},"content":{"rendered":"<p style=\"text-align: center;\">Resum\u00e9 \u010dl\u00e1nku<\/p>\n<p style=\"font-weight: 400;\"><strong>Sport a trestn\u00ed pr\u00e1vo<br \/>\n<\/strong><em>JUDr. Franti\u0161ek Voleveck\u00fd, JUDr. Petr Voleveck\u00fd<\/em><\/p>\n<p style=\"font-weight: 400;\">Auto\u0159i se v\u00a0\u010dl\u00e1nku zab\u00fdvaj\u00ed problematikou postihu sportovc\u016f za vybo\u010den\u00ed ze sportovn\u00edch pravidel. Definuj\u00ed vlastn\u00ed pojem \u201esport\u201c a nazna\u010duj\u00ed mo\u017en\u00e9 p\u0159\u00edstupy p\u0159i \u0159e\u0161en\u00ed vztahu sport a n\u00e1sledky rozhodn\u00e9 z\u00a0hlediska trestn\u00edho pr\u00e1va, ke kter\u00fdm v\u00a0r\u00e1mci v\u00fdkonu sportovn\u00ed \u010dinnosti doch\u00e1z\u00ed.<br \/>\nKl\u00ed\u010dov\u00e1 slova Sport, okolnosti vylu\u010duj\u00edc\u00ed protipr\u00e1vnost, trestn\u00fd \u010din, normy sportovn\u00edho pr\u00e1va<\/p>\n<p><a href=\"https:\/\/veda.polac.cz\/?page_id=1668\">04\/2006<\/a><\/p>\n<p style=\"font-weight: 400;\">\n","protected":false},"excerpt":{"rendered":"<p>Resum\u00e9 \u010dl\u00e1nku Sport a trestn\u00ed pr\u00e1vo JUDr. Franti\u0161ek Voleveck\u00fd, JUDr. Petr Voleveck\u00fd Auto\u0159i se v\u00a0\u010dl\u00e1nku zab\u00fdvaj\u00ed problematikou postihu sportovc\u016f za vybo\u010den\u00ed ze sportovn\u00edch pravidel. Definuj\u00ed vlastn\u00ed pojem \u201esport\u201c a nazna\u010duj\u00ed mo\u017en\u00e9 p\u0159\u00edstupy p\u0159i \u0159e\u0161en\u00ed vztahu sport a n\u00e1sledky rozhodn\u00e9 z\u00a0hlediska trestn\u00edho pr\u00e1va, ke kter\u00fdm v\u00a0r\u00e1mci v\u00fdkonu sportovn\u00ed \u010dinnosti doch\u00e1z\u00ed. Kl\u00ed\u010dov\u00e1 slova Sport, okolnosti vylu\u010duj\u00edc\u00ed protipr\u00e1vnost, [&hellip;]<\/p>\n","protected":false},"author":2,"featured_media":0,"parent":1668,"menu_order":10,"comment_status":"closed","ping_status":"closed","template":"","meta":{"footnotes":""},"class_list":["post-1850","page","type-page","status-publish","hentry"],"_links":{"self":[{"href":"https:\/\/veda.polac.cz\/index.php?rest_route=\/wp\/v2\/pages\/1850","targetHints":{"allow":["GET"]}}],"collection":[{"href":"https:\/\/veda.polac.cz\/index.php?rest_route=\/wp\/v2\/pages"}],"about":[{"href":"https:\/\/veda.polac.cz\/index.php?rest_route=\/wp\/v2\/types\/page"}],"author":[{"embeddable":true,"href":"https:\/\/veda.polac.cz\/index.php?rest_route=\/wp\/v2\/users\/2"}],"replies":[{"embeddable":true,"href":"https:\/\/veda.polac.cz\/index.php?rest_route=%2Fwp%2Fv2%2Fcomments&post=1850"}],"version-history":[{"count":3,"href":"https:\/\/veda.polac.cz\/index.php?rest_route=\/wp\/v2\/pages\/1850\/revisions"}],"predecessor-version":[{"id":1874,"href":"https:\/\/veda.polac.cz\/index.php?rest_route=\/wp\/v2\/pages\/1850\/revisions\/1874"}],"up":[{"embeddable":true,"href":"https:\/\/veda.polac.cz\/index.php?rest_route=\/wp\/v2\/pages\/1668"}],"wp:attachment":[{"href":"https:\/\/veda.polac.cz\/index.php?rest_route=%2Fwp%2Fv2%2Fmedia&parent=1850"}],"curies":[{"name":"wp","href":"https:\/\/api.w.org\/{rel}","templated":true}]}}