{"id":185,"date":"2018-09-08T06:09:52","date_gmt":"2018-09-08T06:09:52","guid":{"rendered":"http:\/\/veda.polac.cz\/?page_id=185"},"modified":"2018-11-02T22:38:35","modified_gmt":"2018-11-02T22:38:35","slug":"185-2","status":"publish","type":"page","link":"https:\/\/veda.polac.cz\/?page_id=185","title":{"rendered":""},"content":{"rendered":"<p style=\"text-align: center;\">Resum\u00e9 \u010dl\u00e1nku<\/p>\n<p><strong>Forenzn\u011b psychologick\u00e9 aspekty pachatele pojistn\u00e9ho podvodu a jeho indikace<\/strong><br \/>\n<em>Mgr. Martin Vysko\u010dil, student doktorsk\u00e9ho studia, Policejn\u00ed akademie \u010cesk\u00e9 republiky v Praze<\/em><\/p>\n<p>P\u0159ehledov\u00fd \u010dl\u00e1nek se zab\u00fdv\u00e1 forenzn\u011b psychologick\u00fdmi aspekty pojistn\u00e9ho podvodu a pachatele pojistn\u00e9ho podvodu, v\u010detn\u011b jeho indikace. Sou\u010d\u00e1st\u00ed \u010dl\u00e1nku je definice z\u00e1kladn\u00edch pojm\u016f, vymezen\u00ed vybran\u00fdch specifik pojistn\u00e9ho podvodu a jeho pachatele, p\u0159edstaven\u00ed v\u011bdeckov\u00fdzkumn\u00fdch v\u00fdsledk\u016f k indikaci pojistn\u00fdch podvod\u016f a jejich pachatel\u016f.<br \/>\nPrvn\u00ed \u010d\u00e1st p\u0159\u00edsp\u011bvku obsahuje vymezen\u00ed z\u00e1kladn\u00edch pojm\u016f k dan\u00e9mu t\u00e9matu, jsou jimi &#8211; pojistn\u00fd podvod, pachatel pojistn\u00e9ho podvodu a psychologie motivace.<br \/>\nDruh\u00e1 \u010d\u00e1st m\u00e1 za c\u00edl vymezit vybran\u00e1 specifika pojistn\u00e9ho podvodu a jeho pachatele. Sou\u010d\u00e1st\u00ed je zpracov\u00e1n\u00ed typologie dle vybran\u00fdch atribut\u016f.<br \/>\nT\u0159et\u00ed \u010d\u00e1st \u010dl\u00e1nku zpracov\u00e1v\u00e1 vybran\u00e9 v\u00fdsledky v\u011bdeckov\u00fdzkumn\u00e9 \u010dinnosti se zam\u011b\u0159en\u00edm na indikaci pojistn\u00e9ho podvodu a jeho pachatele.<br \/>\n<strong>Kl\u00ed\u010dov\u00e1 slova:<\/strong>\u00a0pojistn\u00fd podvod, pachatel, typologie pachatele, motivace, forenzn\u00ed psychologie, indikace.<\/p>\n<p><a href=\"https:\/\/veda.polac.cz\/wp-content\/uploads\/2018\/11\/012018Forenzn\u011b-psychologick\u00e9-aspekty-pachatele-pojistn\u00e9ho-podvodu-a-jeho-indikace.pdf\">Pdf form\u00e1t<\/a><\/p>\n<p><a href=\"https:\/\/veda.polac.cz\/?page_id=85\">01\/2018<\/a><\/p>\n","protected":false},"excerpt":{"rendered":"<p>Resum\u00e9 \u010dl\u00e1nku Forenzn\u011b psychologick\u00e9 aspekty pachatele pojistn\u00e9ho podvodu a jeho indikace Mgr. Martin Vysko\u010dil, student doktorsk\u00e9ho studia, Policejn\u00ed akademie \u010cesk\u00e9 republiky v Praze P\u0159ehledov\u00fd \u010dl\u00e1nek se zab\u00fdv\u00e1 forenzn\u011b psychologick\u00fdmi aspekty pojistn\u00e9ho podvodu a pachatele pojistn\u00e9ho podvodu, v\u010detn\u011b jeho indikace. Sou\u010d\u00e1st\u00ed \u010dl\u00e1nku je definice z\u00e1kladn\u00edch pojm\u016f, vymezen\u00ed vybran\u00fdch specifik pojistn\u00e9ho podvodu a jeho pachatele, p\u0159edstaven\u00ed v\u011bdeckov\u00fdzkumn\u00fdch [&hellip;]<\/p>\n","protected":false},"author":2,"featured_media":0,"parent":85,"menu_order":3,"comment_status":"closed","ping_status":"closed","template":"","meta":{"footnotes":""},"class_list":["post-185","page","type-page","status-publish","hentry"],"_links":{"self":[{"href":"https:\/\/veda.polac.cz\/index.php?rest_route=\/wp\/v2\/pages\/185","targetHints":{"allow":["GET"]}}],"collection":[{"href":"https:\/\/veda.polac.cz\/index.php?rest_route=\/wp\/v2\/pages"}],"about":[{"href":"https:\/\/veda.polac.cz\/index.php?rest_route=\/wp\/v2\/types\/page"}],"author":[{"embeddable":true,"href":"https:\/\/veda.polac.cz\/index.php?rest_route=\/wp\/v2\/users\/2"}],"replies":[{"embeddable":true,"href":"https:\/\/veda.polac.cz\/index.php?rest_route=%2Fwp%2Fv2%2Fcomments&post=185"}],"version-history":[{"count":6,"href":"https:\/\/veda.polac.cz\/index.php?rest_route=\/wp\/v2\/pages\/185\/revisions"}],"predecessor-version":[{"id":2157,"href":"https:\/\/veda.polac.cz\/index.php?rest_route=\/wp\/v2\/pages\/185\/revisions\/2157"}],"up":[{"embeddable":true,"href":"https:\/\/veda.polac.cz\/index.php?rest_route=\/wp\/v2\/pages\/85"}],"wp:attachment":[{"href":"https:\/\/veda.polac.cz\/index.php?rest_route=%2Fwp%2Fv2%2Fmedia&parent=185"}],"curies":[{"name":"wp","href":"https:\/\/api.w.org\/{rel}","templated":true}]}}