{"id":1848,"date":"2018-10-07T00:42:14","date_gmt":"2018-10-07T00:42:14","guid":{"rendered":"http:\/\/veda.polac.cz\/?page_id=1848"},"modified":"2018-10-27T19:01:42","modified_gmt":"2018-10-27T19:01:42","slug":"9-2-16","status":"publish","type":"page","link":"https:\/\/veda.polac.cz\/?page_id=1848","title":{"rendered":""},"content":{"rendered":"<p style=\"text-align: center;\">Resum\u00e9 \u010dl\u00e1nku<\/p>\n<p style=\"font-weight: 400;\"><strong>Syst\u00e9m vzd\u011bl\u00e1v\u00e1n\u00ed \u010detn\u00edk\u016f v\u00a0obdob\u00ed 1. republiky<br \/>\n<\/strong><em>doc. JUDr. Pavel Macek, CSc.<\/em><\/p>\n<p style=\"font-weight: 400;\">Vzd\u011bl\u00e1v\u00e1n\u00ed \u010detnictva v\u00a0obdob\u00ed tzv. prvn\u00ed republiky, syst\u00e9m \u0161kol, n\u00e1vaznosti a\u00a0obsah vzd\u011bl\u00e1v\u00e1n\u00ed \u010detn\u00edk\u016f, pedagogick\u00e9 metody a postupy, jsou v\u00a0mnoha sm\u011brech aktu\u00e1ln\u00ed a aplikovateln\u00e9 v\u00a0podstat\u011b i v\u00a0dne\u0161n\u00ed dob\u011b. Nad obsahem, n\u00e1vaznost\u00ed odborn\u00e9 p\u0159\u00edpravy, ale i syst\u00e9mem v\u00fdb\u011bru frekventant\u016f \u0161kol, stoj\u00ed za to zamyslet se.<br \/>\nKl\u00ed\u010dov\u00e1 slova: Vzd\u011bl\u00e1v\u00e1n\u00ed, v\u00fdchova, v\u00fdcvik, historie, \u010detnictvo, prvn\u00ed republika<\/p>\n<p><a href=\"https:\/\/veda.polac.cz\/?page_id=1668\">04\/2006<\/a><\/p>\n<p style=\"font-weight: 400;\">\n<p>&nbsp;<\/p>\n","protected":false},"excerpt":{"rendered":"<p>Resum\u00e9 \u010dl\u00e1nku Syst\u00e9m vzd\u011bl\u00e1v\u00e1n\u00ed \u010detn\u00edk\u016f v\u00a0obdob\u00ed 1. republiky doc. JUDr. Pavel Macek, CSc. Vzd\u011bl\u00e1v\u00e1n\u00ed \u010detnictva v\u00a0obdob\u00ed tzv. prvn\u00ed republiky, syst\u00e9m \u0161kol, n\u00e1vaznosti a\u00a0obsah vzd\u011bl\u00e1v\u00e1n\u00ed \u010detn\u00edk\u016f, pedagogick\u00e9 metody a postupy, jsou v\u00a0mnoha sm\u011brech aktu\u00e1ln\u00ed a aplikovateln\u00e9 v\u00a0podstat\u011b i v\u00a0dne\u0161n\u00ed dob\u011b. Nad obsahem, n\u00e1vaznost\u00ed odborn\u00e9 p\u0159\u00edpravy, ale i syst\u00e9mem v\u00fdb\u011bru frekventant\u016f \u0161kol, stoj\u00ed za to zamyslet se. [&hellip;]<\/p>\n","protected":false},"author":2,"featured_media":0,"parent":0,"menu_order":9,"comment_status":"closed","ping_status":"closed","template":"","meta":{"footnotes":""},"class_list":["post-1848","page","type-page","status-publish","hentry"],"_links":{"self":[{"href":"https:\/\/veda.polac.cz\/index.php?rest_route=\/wp\/v2\/pages\/1848","targetHints":{"allow":["GET"]}}],"collection":[{"href":"https:\/\/veda.polac.cz\/index.php?rest_route=\/wp\/v2\/pages"}],"about":[{"href":"https:\/\/veda.polac.cz\/index.php?rest_route=\/wp\/v2\/types\/page"}],"author":[{"embeddable":true,"href":"https:\/\/veda.polac.cz\/index.php?rest_route=\/wp\/v2\/users\/2"}],"replies":[{"embeddable":true,"href":"https:\/\/veda.polac.cz\/index.php?rest_route=%2Fwp%2Fv2%2Fcomments&post=1848"}],"version-history":[{"count":2,"href":"https:\/\/veda.polac.cz\/index.php?rest_route=\/wp\/v2\/pages\/1848\/revisions"}],"predecessor-version":[{"id":1872,"href":"https:\/\/veda.polac.cz\/index.php?rest_route=\/wp\/v2\/pages\/1848\/revisions\/1872"}],"wp:attachment":[{"href":"https:\/\/veda.polac.cz\/index.php?rest_route=%2Fwp%2Fv2%2Fmedia&parent=1848"}],"curies":[{"name":"wp","href":"https:\/\/api.w.org\/{rel}","templated":true}]}}