{"id":1842,"date":"2018-10-07T00:37:46","date_gmt":"2018-10-07T00:37:46","guid":{"rendered":"http:\/\/veda.polac.cz\/?page_id=1842"},"modified":"2018-10-27T19:00:39","modified_gmt":"2018-10-27T19:00:39","slug":"6-2-15","status":"publish","type":"page","link":"https:\/\/veda.polac.cz\/?page_id=1842","title":{"rendered":""},"content":{"rendered":"<p style=\"text-align: center;\">Resum\u00e9 \u010dl\u00e1nku<\/p>\n<p style=\"font-weight: 400;\"><strong>Zvl\u00e1\u0161tnosti proveden\u00ed domovn\u00ed prohl\u00eddky a prohl\u00eddky jin\u00fdch prostor nebo pozemk\u016f u advok\u00e1ta<br \/>\n<\/strong><em>JUDr. Petr Voleveck\u00fd<\/em><\/p>\n<p style=\"font-weight: 400;\">Autor se v\u00a0p\u0159\u00edsp\u011bvku zab\u00fdv\u00e1 novelou trestn\u00edho \u0159\u00e1du, provedenou z\u00e1konem \u010d\u00edslo 79\/2006, kter\u00fdm se m\u011bn\u00ed z\u00e1kon \u010d. 85\/1996 Sb., o advokacii, ve zn\u011bn\u00ed pozd\u011bj\u0161\u00edch p\u0159edpis\u016f, a dal\u0161\u00ed souvisej\u00edc\u00ed z\u00e1kony. Tato novela nov\u011b upravuje v\u00fdkon n\u011bkter\u00fdch zaji\u0161\u0165ovac\u00edch \u00fakon\u016f sm\u011b\u0159uj\u00edc\u00edch v\u016f\u010di advok\u00e1tovi, zejm\u00e9na v\u00fdkon domovn\u00ed prohl\u00eddky a prohl\u00eddky jin\u00fdch prostor a pozemk\u016f. Tento \u010dl\u00e1nek je p\u0159\u00edsp\u011bvkem do diskuse odborn\u00e9 ve\u0159ejnosti o novele trestn\u00edho \u0159\u00e1du, kter\u00e1 byla provedena z\u00e1konem \u010d. 79\/2006 Sb., a kter\u00e1 \u0159e\u0161\u00ed shora nast\u00edn\u011bnou problematiku.<br \/>\nKl\u00ed\u010dov\u00e1 slova: trestn\u00ed \u0159\u00edzen\u00ed, advok\u00e1t, zaji\u0161\u0165ovac\u00ed \u00fakony, domovn\u00ed prohl\u00eddka, prohl\u00edd-ka jin\u00fdch prostor, zvl\u00e1\u0161tn\u00ed re\u017eim, edi\u010dn\u00ed povinnost advok\u00e1ta<\/p>\n<p><a href=\"https:\/\/veda.polac.cz\/?page_id=1668\">04\/2006<\/a><\/p>\n","protected":false},"excerpt":{"rendered":"<p>Resum\u00e9 \u010dl\u00e1nku Zvl\u00e1\u0161tnosti proveden\u00ed domovn\u00ed prohl\u00eddky a prohl\u00eddky jin\u00fdch prostor nebo pozemk\u016f u advok\u00e1ta JUDr. Petr Voleveck\u00fd Autor se v\u00a0p\u0159\u00edsp\u011bvku zab\u00fdv\u00e1 novelou trestn\u00edho \u0159\u00e1du, provedenou z\u00e1konem \u010d\u00edslo 79\/2006, kter\u00fdm se m\u011bn\u00ed z\u00e1kon \u010d. 85\/1996 Sb., o advokacii, ve zn\u011bn\u00ed pozd\u011bj\u0161\u00edch p\u0159edpis\u016f, a dal\u0161\u00ed souvisej\u00edc\u00ed z\u00e1kony. Tato novela nov\u011b upravuje v\u00fdkon n\u011bkter\u00fdch zaji\u0161\u0165ovac\u00edch \u00fakon\u016f sm\u011b\u0159uj\u00edc\u00edch v\u016f\u010di [&hellip;]<\/p>\n","protected":false},"author":2,"featured_media":0,"parent":0,"menu_order":6,"comment_status":"closed","ping_status":"closed","template":"","meta":{"footnotes":""},"class_list":["post-1842","page","type-page","status-publish","hentry"],"_links":{"self":[{"href":"https:\/\/veda.polac.cz\/index.php?rest_route=\/wp\/v2\/pages\/1842","targetHints":{"allow":["GET"]}}],"collection":[{"href":"https:\/\/veda.polac.cz\/index.php?rest_route=\/wp\/v2\/pages"}],"about":[{"href":"https:\/\/veda.polac.cz\/index.php?rest_route=\/wp\/v2\/types\/page"}],"author":[{"embeddable":true,"href":"https:\/\/veda.polac.cz\/index.php?rest_route=\/wp\/v2\/users\/2"}],"replies":[{"embeddable":true,"href":"https:\/\/veda.polac.cz\/index.php?rest_route=%2Fwp%2Fv2%2Fcomments&post=1842"}],"version-history":[{"count":2,"href":"https:\/\/veda.polac.cz\/index.php?rest_route=\/wp\/v2\/pages\/1842\/revisions"}],"predecessor-version":[{"id":1869,"href":"https:\/\/veda.polac.cz\/index.php?rest_route=\/wp\/v2\/pages\/1842\/revisions\/1869"}],"wp:attachment":[{"href":"https:\/\/veda.polac.cz\/index.php?rest_route=%2Fwp%2Fv2%2Fmedia&parent=1842"}],"curies":[{"name":"wp","href":"https:\/\/api.w.org\/{rel}","templated":true}]}}