{"id":1840,"date":"2018-10-07T00:36:29","date_gmt":"2018-10-07T00:36:29","guid":{"rendered":"http:\/\/veda.polac.cz\/?page_id=1840"},"modified":"2018-10-27T19:00:39","modified_gmt":"2018-10-27T19:00:39","slug":"5-2-15","status":"publish","type":"page","link":"https:\/\/veda.polac.cz\/?page_id=1840","title":{"rendered":""},"content":{"rendered":"<p style=\"text-align: center;\">Resum\u00e9 \u010dl\u00e1nku<\/p>\n<p style=\"font-weight: 400;\"><strong>Vyu\u017eitie operat\u00edvnych inform\u00e1ci\u00ed a\u00a0poznatkov o\u00a0sp\u00f4sobe p\u00e1chania a\u00a0utajovania kriminality s\u00a0prvkami extremizmu pri zabezpe\u010dovan\u00ed jej kontroly<br \/>\n<\/strong><em>doc. Dezider Bango, CSc., doc. Ing. Miroslav Liso\u0148, PhD.<\/em><\/p>\n<p style=\"font-weight: 400;\">Operat\u00edvne inform\u00e1cie, ktor\u00e9 s\u00fa z\u00edskavan\u00e9 a spracovan\u00e9 vyu\u017eit\u00edm met\u00f3d a\u00a0prostriedkov operat\u00edvnej \u010dinnosti, poskytuj\u00fa tak\u00e9 poznanie, ktor\u00e9 m\u00e1 vz\u0165ah k\u00a0mo\u017enostiam, obmedzeniam, zranite\u013enosti i z\u00e1merom extr\u00e9mistick\u00fdch skup\u00edn alebo jednotliv\u00fdch p\u00e1chate\u013eov. V\u00a0takom pr\u00edpade operat\u00edvna inform\u00e1cia predstavuje z\u00e1klad-n\u00fa b\u00e1zu poznania, ktorou sa pr\u00edslu\u0161n\u00edkom PZ roz\u0161iruje schopnos\u0165 k\u00a0tomu, aby kri-min\u00e1lne extr\u00e9mistick\u00e9 aktivity spr\u00e1vne hodnotili a\u00a0pod\u013ea z\u00e1va\u017enosti vyvodzovali trestnopr\u00e1vnu zodpovednos\u0165. Autori sa zab\u00fdvaj\u00fa sp\u00f4sobom zberu a\u00a0vyu\u017e\u00edvan\u00ed t\u00fdchto inform\u00e1cii.<\/p>\n<p><a href=\"https:\/\/veda.polac.cz\/?page_id=1668\">04\/2006<\/a><\/p>\n<p style=\"font-weight: 400;\">\n","protected":false},"excerpt":{"rendered":"<p>Resum\u00e9 \u010dl\u00e1nku Vyu\u017eitie operat\u00edvnych inform\u00e1ci\u00ed a\u00a0poznatkov o\u00a0sp\u00f4sobe p\u00e1chania a\u00a0utajovania kriminality s\u00a0prvkami extremizmu pri zabezpe\u010dovan\u00ed jej kontroly doc. Dezider Bango, CSc., doc. Ing. Miroslav Liso\u0148, PhD. Operat\u00edvne inform\u00e1cie, ktor\u00e9 s\u00fa z\u00edskavan\u00e9 a spracovan\u00e9 vyu\u017eit\u00edm met\u00f3d a\u00a0prostriedkov operat\u00edvnej \u010dinnosti, poskytuj\u00fa tak\u00e9 poznanie, ktor\u00e9 m\u00e1 vz\u0165ah k\u00a0mo\u017enostiam, obmedzeniam, zranite\u013enosti i z\u00e1merom extr\u00e9mistick\u00fdch skup\u00edn alebo jednotliv\u00fdch p\u00e1chate\u013eov. V\u00a0takom pr\u00edpade [&hellip;]<\/p>\n","protected":false},"author":2,"featured_media":0,"parent":0,"menu_order":5,"comment_status":"closed","ping_status":"closed","template":"","meta":{"footnotes":""},"class_list":["post-1840","page","type-page","status-publish","hentry"],"_links":{"self":[{"href":"https:\/\/veda.polac.cz\/index.php?rest_route=\/wp\/v2\/pages\/1840","targetHints":{"allow":["GET"]}}],"collection":[{"href":"https:\/\/veda.polac.cz\/index.php?rest_route=\/wp\/v2\/pages"}],"about":[{"href":"https:\/\/veda.polac.cz\/index.php?rest_route=\/wp\/v2\/types\/page"}],"author":[{"embeddable":true,"href":"https:\/\/veda.polac.cz\/index.php?rest_route=\/wp\/v2\/users\/2"}],"replies":[{"embeddable":true,"href":"https:\/\/veda.polac.cz\/index.php?rest_route=%2Fwp%2Fv2%2Fcomments&post=1840"}],"version-history":[{"count":2,"href":"https:\/\/veda.polac.cz\/index.php?rest_route=\/wp\/v2\/pages\/1840\/revisions"}],"predecessor-version":[{"id":1868,"href":"https:\/\/veda.polac.cz\/index.php?rest_route=\/wp\/v2\/pages\/1840\/revisions\/1868"}],"wp:attachment":[{"href":"https:\/\/veda.polac.cz\/index.php?rest_route=%2Fwp%2Fv2%2Fmedia&parent=1840"}],"curies":[{"name":"wp","href":"https:\/\/api.w.org\/{rel}","templated":true}]}}