{"id":1838,"date":"2018-10-07T00:34:48","date_gmt":"2018-10-07T00:34:48","guid":{"rendered":"http:\/\/veda.polac.cz\/?page_id=1838"},"modified":"2018-10-27T19:00:38","modified_gmt":"2018-10-27T19:00:38","slug":"4-2-15","status":"publish","type":"page","link":"https:\/\/veda.polac.cz\/?page_id=1838","title":{"rendered":""},"content":{"rendered":"<p style=\"text-align: center;\">Resum\u00e9 \u010dl\u00e1nku<\/p>\n<p style=\"font-weight: 400;\"><strong>Elektronizace administrativy Policie \u010cR<br \/>\n<\/strong><em>npor. Mgr. Ivan Va\u0148ura<\/em><\/p>\n<p style=\"font-weight: 400;\">P\u0159\u00edsp\u011bvek se zab\u00fdv\u00e1 situac\u00ed v oblasti administrativy u Policie \u010cesk\u00e9 republiky. Mapuje a hodnot\u00ed st\u00e1vaj\u00edc\u00ed informa\u010dn\u00ed syst\u00e9my na poli elektronizace administrativy, pod\u00e1v\u00e1 n\u00e1m\u011bty na dal\u0161\u00ed rozvoj v t\u00e9to oblasti a nab\u00edz\u00ed pohled do budoucnosti na poli \u0159e\u0161en\u00ed elektronick\u00e9ho spisu.<br \/>\nKl\u00ed\u010dov\u00e1 slova: informa\u010dn\u00ed syst\u00e9m, informa\u010dn\u00ed\u00a0\u00a0technologie, elektronika, policie<\/p>\n<p><a href=\"https:\/\/veda.polac.cz\/?page_id=1668\">04\/2006<\/a><\/p>\n<p style=\"font-weight: 400;\">\n","protected":false},"excerpt":{"rendered":"<p>Resum\u00e9 \u010dl\u00e1nku Elektronizace administrativy Policie \u010cR npor. Mgr. Ivan Va\u0148ura P\u0159\u00edsp\u011bvek se zab\u00fdv\u00e1 situac\u00ed v oblasti administrativy u Policie \u010cesk\u00e9 republiky. Mapuje a hodnot\u00ed st\u00e1vaj\u00edc\u00ed informa\u010dn\u00ed syst\u00e9my na poli elektronizace administrativy, pod\u00e1v\u00e1 n\u00e1m\u011bty na dal\u0161\u00ed rozvoj v t\u00e9to oblasti a nab\u00edz\u00ed pohled do budoucnosti na poli \u0159e\u0161en\u00ed elektronick\u00e9ho spisu. Kl\u00ed\u010dov\u00e1 slova: informa\u010dn\u00ed syst\u00e9m, informa\u010dn\u00ed\u00a0\u00a0technologie, elektronika, [&hellip;]<\/p>\n","protected":false},"author":2,"featured_media":0,"parent":0,"menu_order":4,"comment_status":"closed","ping_status":"closed","template":"","meta":{"footnotes":""},"class_list":["post-1838","page","type-page","status-publish","hentry"],"_links":{"self":[{"href":"https:\/\/veda.polac.cz\/index.php?rest_route=\/wp\/v2\/pages\/1838","targetHints":{"allow":["GET"]}}],"collection":[{"href":"https:\/\/veda.polac.cz\/index.php?rest_route=\/wp\/v2\/pages"}],"about":[{"href":"https:\/\/veda.polac.cz\/index.php?rest_route=\/wp\/v2\/types\/page"}],"author":[{"embeddable":true,"href":"https:\/\/veda.polac.cz\/index.php?rest_route=\/wp\/v2\/users\/2"}],"replies":[{"embeddable":true,"href":"https:\/\/veda.polac.cz\/index.php?rest_route=%2Fwp%2Fv2%2Fcomments&post=1838"}],"version-history":[{"count":2,"href":"https:\/\/veda.polac.cz\/index.php?rest_route=\/wp\/v2\/pages\/1838\/revisions"}],"predecessor-version":[{"id":1867,"href":"https:\/\/veda.polac.cz\/index.php?rest_route=\/wp\/v2\/pages\/1838\/revisions\/1867"}],"wp:attachment":[{"href":"https:\/\/veda.polac.cz\/index.php?rest_route=%2Fwp%2Fv2%2Fmedia&parent=1838"}],"curies":[{"name":"wp","href":"https:\/\/api.w.org\/{rel}","templated":true}]}}