{"id":1836,"date":"2018-10-07T00:33:25","date_gmt":"2018-10-07T00:33:25","guid":{"rendered":"http:\/\/veda.polac.cz\/?page_id=1836"},"modified":"2018-10-27T19:00:38","modified_gmt":"2018-10-27T19:00:38","slug":"3-2-16","status":"publish","type":"page","link":"https:\/\/veda.polac.cz\/?page_id=1836","title":{"rendered":""},"content":{"rendered":"<p style=\"text-align: center;\">Resum\u00e9 \u010dl\u00e1nku<\/p>\n<p style=\"font-weight: 400;\"><strong>Uplatn\u011bn\u00ed EFQM modelu Excelence na Okresn\u00edm \u0159editelstv\u00ed Policie \u010cR<br \/>\n<\/strong><em>npor. Mgr. David Z\u00e1mek,\u00a0\u00a0por. Bc. Dagmar Vym\u011btalov\u00e1<\/em><\/p>\n<p style=\"font-weight: 400;\">\u010cl\u00e1nek se d\u00e1 rozd\u011blit do dvou \u010d\u00e1st\u00ed, kdy se auto\u0159i v\u00a0prvn\u00ed \u010d\u00e1sti \u010dl\u00e1nku zam\u011b\u0159uj\u00ed na EFQM model Excelence, jeho\u017e principy a metody se v\u00a0sou\u010dasn\u00e9 dob\u011b zav\u00e1d\u011bj\u00ed do \u010dinnosti Policie \u010cR, a na druhou \u010d\u00e1st, kter\u00e1 zejm\u00e9na seznamuje s\u00a0v\u00fdsledkem v\u00fdzkumu spokojenosti pracovn\u00edk\u016f Okresn\u00edho \u0159editelstv\u00ed Policie \u010cR Prachatice.<br \/>\nKl\u00ed\u010dov\u00e1 slova: EFQM model, \u0159\u00edzen\u00ed, policie, v\u00fdzkumy, spokojenost policist\u016f<\/p>\n<p><a href=\"https:\/\/veda.polac.cz\/?page_id=1668\">04\/2006<\/a><\/p>\n","protected":false},"excerpt":{"rendered":"<p>Resum\u00e9 \u010dl\u00e1nku Uplatn\u011bn\u00ed EFQM modelu Excelence na Okresn\u00edm \u0159editelstv\u00ed Policie \u010cR npor. Mgr. David Z\u00e1mek,\u00a0\u00a0por. Bc. Dagmar Vym\u011btalov\u00e1 \u010cl\u00e1nek se d\u00e1 rozd\u011blit do dvou \u010d\u00e1st\u00ed, kdy se auto\u0159i v\u00a0prvn\u00ed \u010d\u00e1sti \u010dl\u00e1nku zam\u011b\u0159uj\u00ed na EFQM model Excelence, jeho\u017e principy a metody se v\u00a0sou\u010dasn\u00e9 dob\u011b zav\u00e1d\u011bj\u00ed do \u010dinnosti Policie \u010cR, a na druhou \u010d\u00e1st, kter\u00e1 zejm\u00e9na seznamuje [&hellip;]<\/p>\n","protected":false},"author":2,"featured_media":0,"parent":0,"menu_order":3,"comment_status":"closed","ping_status":"closed","template":"","meta":{"footnotes":""},"class_list":["post-1836","page","type-page","status-publish","hentry"],"_links":{"self":[{"href":"https:\/\/veda.polac.cz\/index.php?rest_route=\/wp\/v2\/pages\/1836","targetHints":{"allow":["GET"]}}],"collection":[{"href":"https:\/\/veda.polac.cz\/index.php?rest_route=\/wp\/v2\/pages"}],"about":[{"href":"https:\/\/veda.polac.cz\/index.php?rest_route=\/wp\/v2\/types\/page"}],"author":[{"embeddable":true,"href":"https:\/\/veda.polac.cz\/index.php?rest_route=\/wp\/v2\/users\/2"}],"replies":[{"embeddable":true,"href":"https:\/\/veda.polac.cz\/index.php?rest_route=%2Fwp%2Fv2%2Fcomments&post=1836"}],"version-history":[{"count":2,"href":"https:\/\/veda.polac.cz\/index.php?rest_route=\/wp\/v2\/pages\/1836\/revisions"}],"predecessor-version":[{"id":1866,"href":"https:\/\/veda.polac.cz\/index.php?rest_route=\/wp\/v2\/pages\/1836\/revisions\/1866"}],"wp:attachment":[{"href":"https:\/\/veda.polac.cz\/index.php?rest_route=%2Fwp%2Fv2%2Fmedia&parent=1836"}],"curies":[{"name":"wp","href":"https:\/\/api.w.org\/{rel}","templated":true}]}}