{"id":1834,"date":"2018-10-07T00:31:51","date_gmt":"2018-10-07T00:31:51","guid":{"rendered":"http:\/\/veda.polac.cz\/?page_id=1834"},"modified":"2018-11-02T20:37:51","modified_gmt":"2018-11-02T20:37:51","slug":"2-2-17","status":"publish","type":"page","link":"https:\/\/veda.polac.cz\/?page_id=1834","title":{"rendered":""},"content":{"rendered":"<p style=\"text-align: center;\">Resum\u00e9 \u010dl\u00e1nku<\/p>\n<p style=\"font-weight: 400;\"><strong>Identifikace a hodnocen\u00ed policejn\u011b-bezpe\u010dnostn\u00ed situace<br \/>\n<\/strong><em>doc. JUDr. \u0160tefan Hund\u00e1k, CSc.<\/em><\/p>\n<p style=\"font-weight: 400;\">Ke kvalifikovan\u00e9mu \u0159\u00edzen\u00ed \u010dinnosti policie je nezbytn\u00e9 pravideln\u011b analyzovat stav a v\u00fdvoj policejn\u011b-bezpe\u010dnostn\u00ed situace. Anal\u00fdza stavu a v\u00fdvoje policejn\u011b-bezpe\u010dnostn\u00ed situace a jej\u00ed z\u00e1v\u011bry, umo\u017e\u0148uj\u00ed tuto situaci identifikovat a hodnotit. Na z\u00e1klad\u011b identifikace a hodnocen\u00ed policejn\u011b-bezpe\u010dnostn\u00ed situace je pak mo\u017en\u00e9 vymezit bezpe\u010dnostn\u00ed rizika a stanovit priority policejn\u00ed \u010dinnosti p\u0159i zabezpe\u010dov\u00e1n\u00ed co nejp\u0159\u00edzniv\u011bj\u0161\u00edho stavu a v\u00fdvoje policejn\u011b-bezpe\u010dnostn\u00ed situace v\u00a0dal\u0161\u00edm obdob\u00ed. K\u00a0objektivn\u00ed identifikaci a objektivn\u00edmu hodnocen\u00ed policejn\u011b-bezpe\u010dnostn\u00ed situace je nutn\u00e9, krom\u011b jin\u00e9ho, zvolit odpov\u00eddaj\u00edc\u00ed postup p\u0159i analyzovan\u00ed a respektovat specifi-ka anal\u00fdzy, identifikace a hodnocen\u00ed policejn\u011b-bezpe\u010dnostn\u00ed situace. Toto n\u00e1sledn\u011b umo\u017en\u00ed kvalifikovan\u011b vymezit uveden\u00e1 bezpe\u010dnostn\u00ed rizika a objektivn\u011b stanovit priority policejn\u00ed \u010dinnosti p\u0159i zabezpe\u010dov\u00e1n\u00ed policejn\u011b-bezpe\u010dnostn\u00ed situace v\u00a0dal\u0161\u00edm obdob\u00ed.<br \/>\nKl\u00ed\u010dov\u00e1 slova: policejn\u011b-bezpe\u010dnostn\u00ed situace, \u0159\u00edzen\u00ed \u010dinnosti policie, anal\u00fdza policejn\u011b-bezpe\u010dnostn\u00ed situace, identifikace policejn\u011b\u2013bezpe\u010dnostn\u00ed situace, hodnocen\u00ed policejn\u011b-bezpe\u010dnostn\u00ed situace, bezpe\u010dnostn\u00ed rizika, priority policejn\u00ed \u010dinnosti, zabezpe\u010dov\u00e1n\u00ed policejn\u011b bezpe\u010dnostn\u00ed situace.<\/p>\n<p><a href=\"https:\/\/veda.polac.cz\/?page_id=1668\">04\/2006<\/a><\/p>\n","protected":false},"excerpt":{"rendered":"<p>Resum\u00e9 \u010dl\u00e1nku Identifikace a hodnocen\u00ed policejn\u011b-bezpe\u010dnostn\u00ed situace doc. JUDr. \u0160tefan Hund\u00e1k, CSc. Ke kvalifikovan\u00e9mu \u0159\u00edzen\u00ed \u010dinnosti policie je nezbytn\u00e9 pravideln\u011b analyzovat stav a v\u00fdvoj policejn\u011b-bezpe\u010dnostn\u00ed situace. Anal\u00fdza stavu a v\u00fdvoje policejn\u011b-bezpe\u010dnostn\u00ed situace a jej\u00ed z\u00e1v\u011bry, umo\u017e\u0148uj\u00ed tuto situaci identifikovat a hodnotit. Na z\u00e1klad\u011b identifikace a hodnocen\u00ed policejn\u011b-bezpe\u010dnostn\u00ed situace je pak mo\u017en\u00e9 vymezit bezpe\u010dnostn\u00ed rizika a [&hellip;]<\/p>\n","protected":false},"author":2,"featured_media":0,"parent":1668,"menu_order":2,"comment_status":"closed","ping_status":"closed","template":"","meta":{"footnotes":""},"class_list":["post-1834","page","type-page","status-publish","hentry"],"_links":{"self":[{"href":"https:\/\/veda.polac.cz\/index.php?rest_route=\/wp\/v2\/pages\/1834","targetHints":{"allow":["GET"]}}],"collection":[{"href":"https:\/\/veda.polac.cz\/index.php?rest_route=\/wp\/v2\/pages"}],"about":[{"href":"https:\/\/veda.polac.cz\/index.php?rest_route=\/wp\/v2\/types\/page"}],"author":[{"embeddable":true,"href":"https:\/\/veda.polac.cz\/index.php?rest_route=\/wp\/v2\/users\/2"}],"replies":[{"embeddable":true,"href":"https:\/\/veda.polac.cz\/index.php?rest_route=%2Fwp%2Fv2%2Fcomments&post=1834"}],"version-history":[{"count":2,"href":"https:\/\/veda.polac.cz\/index.php?rest_route=\/wp\/v2\/pages\/1834\/revisions"}],"predecessor-version":[{"id":1865,"href":"https:\/\/veda.polac.cz\/index.php?rest_route=\/wp\/v2\/pages\/1834\/revisions\/1865"}],"up":[{"embeddable":true,"href":"https:\/\/veda.polac.cz\/index.php?rest_route=\/wp\/v2\/pages\/1668"}],"wp:attachment":[{"href":"https:\/\/veda.polac.cz\/index.php?rest_route=%2Fwp%2Fv2%2Fmedia&parent=1834"}],"curies":[{"name":"wp","href":"https:\/\/api.w.org\/{rel}","templated":true}]}}