{"id":1815,"date":"2018-10-07T00:22:40","date_gmt":"2018-10-07T00:22:40","guid":{"rendered":"http:\/\/veda.polac.cz\/?page_id=1815"},"modified":"2018-10-27T19:00:38","modified_gmt":"2018-10-27T19:00:38","slug":"13-2-3","status":"publish","type":"page","link":"https:\/\/veda.polac.cz\/?page_id=1815","title":{"rendered":""},"content":{"rendered":"<p style=\"text-align: center;\">Resum\u00e9 \u010dl\u00e1nku<\/p>\n<p style=\"font-weight: 400;\"><strong>P\u0159\u00edpad Marilyn Monroe<br \/>\n<\/strong><em>JUDr. Franti\u0161ek Vavera<\/em><\/p>\n<p style=\"font-weight: 400;\">\u010cl\u00e1nek pojedn\u00e1v\u00e1 o \u017eivot\u011b a n\u00e1sledn\u00e9m \u00famrt\u00ed hollywoodsk\u00e9 hv\u011bzdy Marilyn Monroe. \u010cl\u00e1nek vznikl na podklad\u011b debaty na 16. ro\u010dn\u00edku Festivalu spisovatel\u016f v\u00a0Praze. Prvn\u00ed \u010d\u00e1st \u010dl\u00e1nku je v\u011bnov\u00e1na \u017eivotu Marilyn, jej\u00edmu neut\u011b\u0161en\u00e9mu d\u011btstv\u00ed, jej\u00edmu vzestupu k\u00a0hereck\u00e9 hv\u011bzd\u011b a jej\u00edm z\u00e1kout\u00edm v\u00a0\u010d\u00e1stech \u017eivota. Posledn\u00ed \u010d\u00e1st \u010dl\u00e1nku, ta nejobjemn\u011bj\u0161\u00ed je v\u011bnov\u00e1na kriminalistick\u00e9mu rozboru \u00famrt\u00ed Marilyn Monroe. Cel\u00fd skutek je rozebr\u00e1n z\u00a0hlediska kriminalistick\u00e9 metodiky s\u00a0prvky kriminalistick\u00e9 taktiky a techniky. Autor uzav\u00edr\u00e1 celou kauzu t\u0159emi kriminalisticky p\u0159ijateln\u00fdmi verzemi.<br \/>\nKl\u00ed\u010dov\u00e1 slova: p\u0159\u00edpad Marylin Monroe, kriminalistika.<\/p>\n<p><a href=\"https:\/\/veda.polac.cz\/?page_id=1671\">03\/2006<\/a><\/p>\n","protected":false},"excerpt":{"rendered":"<p>Resum\u00e9 \u010dl\u00e1nku P\u0159\u00edpad Marilyn Monroe JUDr. Franti\u0161ek Vavera \u010cl\u00e1nek pojedn\u00e1v\u00e1 o \u017eivot\u011b a n\u00e1sledn\u00e9m \u00famrt\u00ed hollywoodsk\u00e9 hv\u011bzdy Marilyn Monroe. \u010cl\u00e1nek vznikl na podklad\u011b debaty na 16. ro\u010dn\u00edku Festivalu spisovatel\u016f v\u00a0Praze. Prvn\u00ed \u010d\u00e1st \u010dl\u00e1nku je v\u011bnov\u00e1na \u017eivotu Marilyn, jej\u00edmu neut\u011b\u0161en\u00e9mu d\u011btstv\u00ed, jej\u00edmu vzestupu k\u00a0hereck\u00e9 hv\u011bzd\u011b a jej\u00edm z\u00e1kout\u00edm v\u00a0\u010d\u00e1stech \u017eivota. Posledn\u00ed \u010d\u00e1st \u010dl\u00e1nku, ta nejobjemn\u011bj\u0161\u00ed je [&hellip;]<\/p>\n","protected":false},"author":2,"featured_media":0,"parent":0,"menu_order":13,"comment_status":"closed","ping_status":"closed","template":"","meta":{"footnotes":""},"class_list":["post-1815","page","type-page","status-publish","hentry"],"_links":{"self":[{"href":"https:\/\/veda.polac.cz\/index.php?rest_route=\/wp\/v2\/pages\/1815","targetHints":{"allow":["GET"]}}],"collection":[{"href":"https:\/\/veda.polac.cz\/index.php?rest_route=\/wp\/v2\/pages"}],"about":[{"href":"https:\/\/veda.polac.cz\/index.php?rest_route=\/wp\/v2\/types\/page"}],"author":[{"embeddable":true,"href":"https:\/\/veda.polac.cz\/index.php?rest_route=\/wp\/v2\/users\/2"}],"replies":[{"embeddable":true,"href":"https:\/\/veda.polac.cz\/index.php?rest_route=%2Fwp%2Fv2%2Fcomments&post=1815"}],"version-history":[{"count":2,"href":"https:\/\/veda.polac.cz\/index.php?rest_route=\/wp\/v2\/pages\/1815\/revisions"}],"predecessor-version":[{"id":1831,"href":"https:\/\/veda.polac.cz\/index.php?rest_route=\/wp\/v2\/pages\/1815\/revisions\/1831"}],"wp:attachment":[{"href":"https:\/\/veda.polac.cz\/index.php?rest_route=%2Fwp%2Fv2%2Fmedia&parent=1815"}],"curies":[{"name":"wp","href":"https:\/\/api.w.org\/{rel}","templated":true}]}}