{"id":1813,"date":"2018-10-07T00:21:06","date_gmt":"2018-10-07T00:21:06","guid":{"rendered":"http:\/\/veda.polac.cz\/?page_id=1813"},"modified":"2018-11-02T22:41:02","modified_gmt":"2018-11-02T22:41:02","slug":"12-2-4","status":"publish","type":"page","link":"https:\/\/veda.polac.cz\/?page_id=1813","title":{"rendered":""},"content":{"rendered":"<p style=\"text-align: center;\">Resum\u00e9 \u010dl\u00e1nku<\/p>\n<p style=\"font-weight: 400;\"><strong>Bezpe\u010dnostn\u00ed audit v organizaci<br \/>\n<\/strong><em>Doc. PhDr. Stanislav Ne\u010das, CSc., JUDr. Milan Seiler<\/em><\/p>\n<p style=\"font-weight: 400;\">Autor se zab\u00fdv\u00e1 bezpe\u010dnostn\u00edm auditem v organizac\u00ed a podnik\u016f. Bezpe\u010dnostn\u00ed syst\u00e9m je tvo\u0159en komplexem vz\u00e1jemn\u011b slad\u011bn\u00fdch a vyv\u00e1\u017een\u00fdch\u00a0\u00a0opat\u0159en\u00ed. Auto\u0159i vymezuj\u00ed z\u00e1kladn\u00ed principy bezpe\u010dnostn\u00edho auditu Je jedn\u00edm z druh\u016f auditn\u00ed \u010dinnosti, kter\u00e1 je zam\u011b\u0159ena na ov\u011b\u0159ov\u00e1n\u00ed funk\u010dnosti a \u00fa\u010dinnosti bezpe\u010dnostn\u00edch syst\u00e9m\u016f organizace ve vztahu k\u00a0jej\u00edm c\u00edl\u016fm v\u00a0t\u00e9to oblasti.<br \/>\nKl\u00ed\u010dov\u00e1 slova: bezpe\u010dnostn\u00ed audit, bezpe\u010dnostn\u00ed syst\u00e9m, organizace, audit.<\/p>\n<p><a href=\"https:\/\/veda.polac.cz\/?page_id=1671\">03\/2006<\/a><\/p>\n","protected":false},"excerpt":{"rendered":"<p>Resum\u00e9 \u010dl\u00e1nku Bezpe\u010dnostn\u00ed audit v organizaci Doc. PhDr. Stanislav Ne\u010das, CSc., JUDr. Milan Seiler Autor se zab\u00fdv\u00e1 bezpe\u010dnostn\u00edm auditem v organizac\u00ed a podnik\u016f. Bezpe\u010dnostn\u00ed syst\u00e9m je tvo\u0159en komplexem vz\u00e1jemn\u011b slad\u011bn\u00fdch a vyv\u00e1\u017een\u00fdch\u00a0\u00a0opat\u0159en\u00ed. Auto\u0159i vymezuj\u00ed z\u00e1kladn\u00ed principy bezpe\u010dnostn\u00edho auditu Je jedn\u00edm z druh\u016f auditn\u00ed \u010dinnosti, kter\u00e1 je zam\u011b\u0159ena na ov\u011b\u0159ov\u00e1n\u00ed funk\u010dnosti a \u00fa\u010dinnosti bezpe\u010dnostn\u00edch syst\u00e9m\u016f organizace [&hellip;]<\/p>\n","protected":false},"author":2,"featured_media":0,"parent":1671,"menu_order":12,"comment_status":"closed","ping_status":"closed","template":"","meta":{"footnotes":""},"class_list":["post-1813","page","type-page","status-publish","hentry"],"_links":{"self":[{"href":"https:\/\/veda.polac.cz\/index.php?rest_route=\/wp\/v2\/pages\/1813","targetHints":{"allow":["GET"]}}],"collection":[{"href":"https:\/\/veda.polac.cz\/index.php?rest_route=\/wp\/v2\/pages"}],"about":[{"href":"https:\/\/veda.polac.cz\/index.php?rest_route=\/wp\/v2\/types\/page"}],"author":[{"embeddable":true,"href":"https:\/\/veda.polac.cz\/index.php?rest_route=\/wp\/v2\/users\/2"}],"replies":[{"embeddable":true,"href":"https:\/\/veda.polac.cz\/index.php?rest_route=%2Fwp%2Fv2%2Fcomments&post=1813"}],"version-history":[{"count":2,"href":"https:\/\/veda.polac.cz\/index.php?rest_route=\/wp\/v2\/pages\/1813\/revisions"}],"predecessor-version":[{"id":1830,"href":"https:\/\/veda.polac.cz\/index.php?rest_route=\/wp\/v2\/pages\/1813\/revisions\/1830"}],"up":[{"embeddable":true,"href":"https:\/\/veda.polac.cz\/index.php?rest_route=\/wp\/v2\/pages\/1671"}],"wp:attachment":[{"href":"https:\/\/veda.polac.cz\/index.php?rest_route=%2Fwp%2Fv2%2Fmedia&parent=1813"}],"curies":[{"name":"wp","href":"https:\/\/api.w.org\/{rel}","templated":true}]}}