{"id":1811,"date":"2018-10-07T00:19:26","date_gmt":"2018-10-07T00:19:26","guid":{"rendered":"http:\/\/veda.polac.cz\/?page_id=1811"},"modified":"2018-11-02T22:29:37","modified_gmt":"2018-11-02T22:29:37","slug":"11-2-7","status":"publish","type":"page","link":"https:\/\/veda.polac.cz\/?page_id=1811","title":{"rendered":""},"content":{"rendered":"<p style=\"text-align: center;\">Resum\u00e9 \u010dl\u00e1nku<\/p>\n<p style=\"font-weight: 400;\"><strong>Post\u0159ehy z\u00a0izraelsk\u00e9ho konceptu vnit\u0159n\u00ed bezpe\u010dnosti \u2013 inspirace z\u00a0Bl\u00edzk\u00e9ho v\u00fdchodu<br \/>\n<\/strong><em>npor. Mgr. David Z\u00e1mek, ppor. JUDr. Martin Bohman<\/em><\/p>\n<p style=\"font-weight: 400;\">Sta\u0165 je zam\u011b\u0159ena na inovativn\u00ed a zefektiv\u0148uj\u00edc\u00ed prvky v\u00a0\u010dinnosti izraelsk\u00e9 policie p\u0159i zaji\u0161\u0165ov\u00e1n\u00ed bezpe\u010dnosti a ve\u0159ejn\u00e9ho po\u0159\u00e1dku. V\u00a0\u00favodu je \u010dten\u00e1\u0159 stru\u010dn\u011b sezn\u00e1men s\u00a0geopolitick\u00fdm kontextem a z\u00e1kladn\u00edmi aspekty vnit\u0159n\u00ed bezpe\u010dnosti, kriminality a trestn\u00edho soudnictv\u00ed v\u00a0Izraeli. N\u00e1sleduje historie izraelsk\u00e9ho policejn\u00edho sboru na pozad\u00ed nejv\u00fdznamn\u011bj\u0161\u00edch d\u011bjinn\u00fdch ud\u00e1lost\u00ed, sezn\u00e1men\u00ed s\u00a0organiza\u010dn\u00ed strukturou, syst\u00e9mem profesn\u00ed p\u0159\u00edpravy a vzd\u011bl\u00e1n\u00ed a kontroln\u00edmi mechanizmy policie. Obohacu-j\u00edc\u00ed poznatky jsou uvedeny i v\u00a0\u010d\u00e1sti o community policing a dobrovolnick\u00e9 slu\u017eb\u011b. Atraktivitu stati dod\u00e1v\u00e1 i \u0159ada zaj\u00edmavost\u00ed (nap\u0159. pod\u00edl policistek a p\u0159\u00edslu\u0161n\u00edk\u016f minorit ve sboru, informace k\u00a0rozpo\u010dtu i v\u00fdsluh\u00e1m policist\u016f v Izraeli) a komparativn\u00edch \u00fadaj\u016f v\u016f\u010di podm\u00ednk\u00e1m v\u00a0\u010cR.<br \/>\nKl\u00ed\u010dov\u00e1 slova: Izrael, policie, vnit\u0159n\u00ed bezpe\u010dnost, organizace.<\/p>\n<p><a href=\"https:\/\/veda.polac.cz\/?page_id=1671\">03\/2006<\/a><\/p>\n<p style=\"font-weight: 400;\">\n","protected":false},"excerpt":{"rendered":"<p>Resum\u00e9 \u010dl\u00e1nku Post\u0159ehy z\u00a0izraelsk\u00e9ho konceptu vnit\u0159n\u00ed bezpe\u010dnosti \u2013 inspirace z\u00a0Bl\u00edzk\u00e9ho v\u00fdchodu npor. Mgr. David Z\u00e1mek, ppor. JUDr. Martin Bohman Sta\u0165 je zam\u011b\u0159ena na inovativn\u00ed a zefektiv\u0148uj\u00edc\u00ed prvky v\u00a0\u010dinnosti izraelsk\u00e9 policie p\u0159i zaji\u0161\u0165ov\u00e1n\u00ed bezpe\u010dnosti a ve\u0159ejn\u00e9ho po\u0159\u00e1dku. V\u00a0\u00favodu je \u010dten\u00e1\u0159 stru\u010dn\u011b sezn\u00e1men s\u00a0geopolitick\u00fdm kontextem a z\u00e1kladn\u00edmi aspekty vnit\u0159n\u00ed bezpe\u010dnosti, kriminality a trestn\u00edho soudnictv\u00ed v\u00a0Izraeli. N\u00e1sleduje historie [&hellip;]<\/p>\n","protected":false},"author":2,"featured_media":0,"parent":1671,"menu_order":11,"comment_status":"closed","ping_status":"closed","template":"","meta":{"footnotes":""},"class_list":["post-1811","page","type-page","status-publish","hentry"],"_links":{"self":[{"href":"https:\/\/veda.polac.cz\/index.php?rest_route=\/wp\/v2\/pages\/1811","targetHints":{"allow":["GET"]}}],"collection":[{"href":"https:\/\/veda.polac.cz\/index.php?rest_route=\/wp\/v2\/pages"}],"about":[{"href":"https:\/\/veda.polac.cz\/index.php?rest_route=\/wp\/v2\/types\/page"}],"author":[{"embeddable":true,"href":"https:\/\/veda.polac.cz\/index.php?rest_route=\/wp\/v2\/users\/2"}],"replies":[{"embeddable":true,"href":"https:\/\/veda.polac.cz\/index.php?rest_route=%2Fwp%2Fv2%2Fcomments&post=1811"}],"version-history":[{"count":2,"href":"https:\/\/veda.polac.cz\/index.php?rest_route=\/wp\/v2\/pages\/1811\/revisions"}],"predecessor-version":[{"id":1829,"href":"https:\/\/veda.polac.cz\/index.php?rest_route=\/wp\/v2\/pages\/1811\/revisions\/1829"}],"up":[{"embeddable":true,"href":"https:\/\/veda.polac.cz\/index.php?rest_route=\/wp\/v2\/pages\/1671"}],"wp:attachment":[{"href":"https:\/\/veda.polac.cz\/index.php?rest_route=%2Fwp%2Fv2%2Fmedia&parent=1811"}],"curies":[{"name":"wp","href":"https:\/\/api.w.org\/{rel}","templated":true}]}}