{"id":1809,"date":"2018-10-07T00:17:47","date_gmt":"2018-10-07T00:17:47","guid":{"rendered":"http:\/\/veda.polac.cz\/?page_id=1809"},"modified":"2018-10-27T19:00:38","modified_gmt":"2018-10-27T19:00:38","slug":"10-2-7","status":"publish","type":"page","link":"https:\/\/veda.polac.cz\/?page_id=1809","title":{"rendered":""},"content":{"rendered":"<p style=\"text-align: center;\">Resum\u00e9 \u010dl\u00e1nku<\/p>\n<p style=\"font-weight: 400;\"><strong>Priv\u00e1tn\u00ed bezpe\u010dnostn\u00ed slu\u017eby SR zcela pod\u0159\u00edzeny dozoru MV a policie<br \/>\n<\/strong><em>PaedDr. Franti\u0161ek Nov\u00e1k<\/em><\/p>\n<p style=\"font-weight: 400;\">V\u00fdznam soukrom\u00fdch bezpe\u010dnostn\u00edch slu\u017eeb jako ned\u00edln\u00e9 sou\u010d\u00e1sti bezpe\u010dnostn\u00edho syst\u00e9mu zem\u011b s\u00a0funguj\u00edc\u00ed tr\u017en\u00ed ekonomikou zd\u016fraz\u0148uje \u010dinnost legislativn\u00edch org\u00e1n\u016f Slovensk\u00e9 republiky, kter\u00e9 v\u00a0pr\u016fb\u011bhu dev\u00edti let vypracovaly ji\u017e druhou, podrobnou a velmi rigor\u00f3zn\u00ed normu upravuj\u00edc\u00ed \u010dinnost nest\u00e1tn\u00ed, priv\u00e1tn\u00ed bezpe\u010dnosti. Tato norma vn\u00e1\u0161\u00ed do \u010dinnosti SBS n\u00e1ro\u010dnost dosud nepoznanou. Velmi bl\u00edzk\u00e1 budoucnost uk\u00e1\u017ee, jak se s\u00a0nov\u00fdmi, mnohem n\u00e1ro\u010dn\u011bj\u0161\u00edmi podm\u00ednkami vypo\u0159\u00e1daj\u00ed velk\u00e9, st\u0159edn\u00ed, ale zejm\u00e9na men\u0161\u00ed subjekty jak komer\u010dn\u00ed tak i vlastn\u00ed ochrany. Je jist\u011b zaj\u00edmav\u00e9, \u017ee a\u010d sloven\u0161t\u00ed legislativci do Z\u00e1kona p\u0159ejali ve\u0161ker\u00e9 nejp\u0159\u00edsn\u011bj\u0161\u00ed a st\u00e1tn\u011b regulativn\u00ed postupy jak\u00e9 mohli ve vysp\u011bl\u00fdch zem\u00edch Evropy objevit, v\u00a0z\u00e1kon\u011b v\u016fbec ne\u0159e\u0161\u00ed ot\u00e1zku komorov\u00e9ho uspo\u0159\u00e1d\u00e1n\u00ed, nato\u017e pak obligatorn\u00edho \u010dlenstv\u00ed v\u00a0p\u0159\u00edslu\u0161n\u00e9 stavovsk\u00e9 komo\u0159e. V\u00a0podm\u00ednk\u00e1ch \u010cesk\u00e9 republiky by v\u00fdrazn\u00fd pokrok p\u0159ineslo p\u0159ijet\u00ed normy nebo norem upravuj\u00edc\u00edch provozov\u00e1n\u00ed priv\u00e1tn\u00edch bezpe\u010dnostn\u00edch slu\u017eeb, a to i\u00a0takov\u00fdch, kter\u00e9 by nepostupovaly s\u00a0tak maximalistick\u00fdmi, st\u00e1tn\u011b dirigistick\u00fdmi postupy jako z\u00e1kon slovensk\u00fd.<br \/>\nKl\u00ed\u010dov\u00e1 slova: priv\u00e1tn\u00ed slu\u017eby v\u00a0oblasti bezpe\u010dnosti, str\u00e1\u017en\u00ed slu\u017eba, detektivn\u00ed slu\u017eba, odborn\u00e1 p\u0159\u00edprava a poradenstv\u00ed<\/p>\n<p><a href=\"https:\/\/veda.polac.cz\/?page_id=1671\">03\/2006<\/a><\/p>\n","protected":false},"excerpt":{"rendered":"<p>Resum\u00e9 \u010dl\u00e1nku Priv\u00e1tn\u00ed bezpe\u010dnostn\u00ed slu\u017eby SR zcela pod\u0159\u00edzeny dozoru MV a policie PaedDr. Franti\u0161ek Nov\u00e1k V\u00fdznam soukrom\u00fdch bezpe\u010dnostn\u00edch slu\u017eeb jako ned\u00edln\u00e9 sou\u010d\u00e1sti bezpe\u010dnostn\u00edho syst\u00e9mu zem\u011b s\u00a0funguj\u00edc\u00ed tr\u017en\u00ed ekonomikou zd\u016fraz\u0148uje \u010dinnost legislativn\u00edch org\u00e1n\u016f Slovensk\u00e9 republiky, kter\u00e9 v\u00a0pr\u016fb\u011bhu dev\u00edti let vypracovaly ji\u017e druhou, podrobnou a velmi rigor\u00f3zn\u00ed normu upravuj\u00edc\u00ed \u010dinnost nest\u00e1tn\u00ed, priv\u00e1tn\u00ed bezpe\u010dnosti. Tato norma vn\u00e1\u0161\u00ed do [&hellip;]<\/p>\n","protected":false},"author":2,"featured_media":0,"parent":0,"menu_order":10,"comment_status":"closed","ping_status":"closed","template":"","meta":{"footnotes":""},"class_list":["post-1809","page","type-page","status-publish","hentry"],"_links":{"self":[{"href":"https:\/\/veda.polac.cz\/index.php?rest_route=\/wp\/v2\/pages\/1809","targetHints":{"allow":["GET"]}}],"collection":[{"href":"https:\/\/veda.polac.cz\/index.php?rest_route=\/wp\/v2\/pages"}],"about":[{"href":"https:\/\/veda.polac.cz\/index.php?rest_route=\/wp\/v2\/types\/page"}],"author":[{"embeddable":true,"href":"https:\/\/veda.polac.cz\/index.php?rest_route=\/wp\/v2\/users\/2"}],"replies":[{"embeddable":true,"href":"https:\/\/veda.polac.cz\/index.php?rest_route=%2Fwp%2Fv2%2Fcomments&post=1809"}],"version-history":[{"count":2,"href":"https:\/\/veda.polac.cz\/index.php?rest_route=\/wp\/v2\/pages\/1809\/revisions"}],"predecessor-version":[{"id":1828,"href":"https:\/\/veda.polac.cz\/index.php?rest_route=\/wp\/v2\/pages\/1809\/revisions\/1828"}],"wp:attachment":[{"href":"https:\/\/veda.polac.cz\/index.php?rest_route=%2Fwp%2Fv2%2Fmedia&parent=1809"}],"curies":[{"name":"wp","href":"https:\/\/api.w.org\/{rel}","templated":true}]}}