{"id":1805,"date":"2018-10-07T00:14:29","date_gmt":"2018-10-07T00:14:29","guid":{"rendered":"http:\/\/veda.polac.cz\/?page_id=1805"},"modified":"2018-10-27T19:00:38","modified_gmt":"2018-10-27T19:00:38","slug":"8-2-10","status":"publish","type":"page","link":"https:\/\/veda.polac.cz\/?page_id=1805","title":{"rendered":""},"content":{"rendered":"<p style=\"text-align: center;\">Resum\u00e9 \u010dl\u00e1nku<\/p>\n<p style=\"font-weight: 400;\"><strong>Dopravn\u00ed nehodovost a princip omezen\u00e9 d\u016fv\u011bry v\u00a0doprav\u011b<br \/>\n<\/strong><em>JUDr. Miroslav\u00a0\u00a0Polcar<\/em><\/p>\n<p style=\"font-weight: 400;\">Autor se velmi podrobn\u011b zab\u00fdv\u00e1 probl\u00e9mem dopravn\u00ed nehodovosti na pozemn\u00edch komunikac\u00edch. Tento spole\u010densk\u00fd jev pova\u017euje za jeden z\u00a0nejz\u00e1va\u017en\u011bj\u0161\u00edch probl\u00e9m\u016f sou\u010dasn\u00e9 spole\u010dnosti. V\u00a0prv\u00e9 \u0159ad\u011b prov\u00e1d\u00ed anal\u00fdzu v\u00fdvoje a sou\u010dasn\u00e9ho stavu legislativy na tomto poli. Uv\u00e1d\u00ed v\u00fdsledky statick\u00e9ho pr\u016fzkumu dopravn\u00ed nehodovosti proveden\u00e9ho v\u00a0minul\u00e9m roce se zam\u011b\u0159en\u00edm na dopravn\u00ed nehody a jejich n\u00e1sledky. Analyzuje stru\u010dn\u011b mno\u017estv\u00ed jednotliv\u00fdch p\u0159estupk\u016f sp\u00e1chan\u00fdch nej\u010dast\u011bji pachateli dopravn\u00edch nehod. V\u00a0z\u00e1v\u011bru se zab\u00fdv\u00e1 principem omezen\u00e9 d\u016fv\u011bry a principem sekund\u00e1rn\u00ed odpov\u011bdnosti za zp\u016fsobenou dopravn\u00ed nehodu.<br \/>\nKl\u00ed\u010dov\u00e1 slova: dopravn\u00ed nehodovost, komunikace, sekund\u00e1rn\u00ed odpov\u011bdnost.<\/p>\n<p><a href=\"https:\/\/veda.polac.cz\/?page_id=1671\">03\/2006<\/a><\/p>\n","protected":false},"excerpt":{"rendered":"<p>Resum\u00e9 \u010dl\u00e1nku Dopravn\u00ed nehodovost a princip omezen\u00e9 d\u016fv\u011bry v\u00a0doprav\u011b JUDr. Miroslav\u00a0\u00a0Polcar Autor se velmi podrobn\u011b zab\u00fdv\u00e1 probl\u00e9mem dopravn\u00ed nehodovosti na pozemn\u00edch komunikac\u00edch. Tento spole\u010densk\u00fd jev pova\u017euje za jeden z\u00a0nejz\u00e1va\u017en\u011bj\u0161\u00edch probl\u00e9m\u016f sou\u010dasn\u00e9 spole\u010dnosti. V\u00a0prv\u00e9 \u0159ad\u011b prov\u00e1d\u00ed anal\u00fdzu v\u00fdvoje a sou\u010dasn\u00e9ho stavu legislativy na tomto poli. Uv\u00e1d\u00ed v\u00fdsledky statick\u00e9ho pr\u016fzkumu dopravn\u00ed nehodovosti proveden\u00e9ho v\u00a0minul\u00e9m roce se zam\u011b\u0159en\u00edm [&hellip;]<\/p>\n","protected":false},"author":2,"featured_media":0,"parent":0,"menu_order":8,"comment_status":"closed","ping_status":"closed","template":"","meta":{"footnotes":""},"class_list":["post-1805","page","type-page","status-publish","hentry"],"_links":{"self":[{"href":"https:\/\/veda.polac.cz\/index.php?rest_route=\/wp\/v2\/pages\/1805","targetHints":{"allow":["GET"]}}],"collection":[{"href":"https:\/\/veda.polac.cz\/index.php?rest_route=\/wp\/v2\/pages"}],"about":[{"href":"https:\/\/veda.polac.cz\/index.php?rest_route=\/wp\/v2\/types\/page"}],"author":[{"embeddable":true,"href":"https:\/\/veda.polac.cz\/index.php?rest_route=\/wp\/v2\/users\/2"}],"replies":[{"embeddable":true,"href":"https:\/\/veda.polac.cz\/index.php?rest_route=%2Fwp%2Fv2%2Fcomments&post=1805"}],"version-history":[{"count":2,"href":"https:\/\/veda.polac.cz\/index.php?rest_route=\/wp\/v2\/pages\/1805\/revisions"}],"predecessor-version":[{"id":1826,"href":"https:\/\/veda.polac.cz\/index.php?rest_route=\/wp\/v2\/pages\/1805\/revisions\/1826"}],"wp:attachment":[{"href":"https:\/\/veda.polac.cz\/index.php?rest_route=%2Fwp%2Fv2%2Fmedia&parent=1805"}],"curies":[{"name":"wp","href":"https:\/\/api.w.org\/{rel}","templated":true}]}}