{"id":1803,"date":"2018-10-07T00:12:52","date_gmt":"2018-10-07T00:12:52","guid":{"rendered":"http:\/\/veda.polac.cz\/?page_id=1803"},"modified":"2018-10-27T19:00:38","modified_gmt":"2018-10-27T19:00:38","slug":"7-2-13","status":"publish","type":"page","link":"https:\/\/veda.polac.cz\/?page_id=1803","title":{"rendered":""},"content":{"rendered":"<p style=\"text-align: center;\">Resum\u00e9 \u010dl\u00e1nku<\/p>\n<p style=\"font-weight: 400;\"><strong>Neprav\u00e9 ob\u011bti<br \/>\n<\/strong><em>doc. PhDr. Ludmila \u010c\u00edrtkov\u00e1, CSc.<\/em><\/p>\n<p style=\"font-weight: 400;\">\u010cl\u00e1nek se zab\u00fdv\u00e1 problematikou neprav\u00fdch ob\u011bt\u00ed, kter\u00e9 svou viktimizaci z\u00a0r\u016fzn\u00fdch pohnutek p\u0159edst\u00edraj\u00ed. Autorka nejd\u0159\u00edve seznamuje se \u0161\u00ed\u0159\u00ed jev\u016f fale\u0161n\u00e9 viktimizace. Upozor\u0148uje na syndrom fale\u0161n\u00e9 viktimizace, kter\u00fd je \u00fazce spjat s\u00a0r\u016fzn\u00fdmi psychosoci\u00e1ln\u00edmi probl\u00e9my \u00fadajn\u00e9 ob\u011bti. Pak se zam\u011b\u0159uje na dva specifick\u00e9 fenom\u00e9ny: na tzv. dodate\u010dn\u011b odhalen\u00e9 vzpom\u00ednky a na medi\u00e1ln\u011b indukovan\u00fd syndrom fale\u0161n\u00e9 viktimizace.<br \/>\nKli\u010dov\u00e1 slova: ob\u011b\u0165, neprav\u00e1 ob\u011b\u0165, psychologie, viktimizace<\/p>\n<p><a href=\"https:\/\/veda.polac.cz\/?page_id=1671\">03\/2006<\/a><\/p>\n","protected":false},"excerpt":{"rendered":"<p>Resum\u00e9 \u010dl\u00e1nku Neprav\u00e9 ob\u011bti doc. PhDr. Ludmila \u010c\u00edrtkov\u00e1, CSc. \u010cl\u00e1nek se zab\u00fdv\u00e1 problematikou neprav\u00fdch ob\u011bt\u00ed, kter\u00e9 svou viktimizaci z\u00a0r\u016fzn\u00fdch pohnutek p\u0159edst\u00edraj\u00ed. Autorka nejd\u0159\u00edve seznamuje se \u0161\u00ed\u0159\u00ed jev\u016f fale\u0161n\u00e9 viktimizace. Upozor\u0148uje na syndrom fale\u0161n\u00e9 viktimizace, kter\u00fd je \u00fazce spjat s\u00a0r\u016fzn\u00fdmi psychosoci\u00e1ln\u00edmi probl\u00e9my \u00fadajn\u00e9 ob\u011bti. Pak se zam\u011b\u0159uje na dva specifick\u00e9 fenom\u00e9ny: na tzv. dodate\u010dn\u011b odhalen\u00e9 vzpom\u00ednky [&hellip;]<\/p>\n","protected":false},"author":2,"featured_media":0,"parent":0,"menu_order":7,"comment_status":"closed","ping_status":"closed","template":"","meta":{"footnotes":""},"class_list":["post-1803","page","type-page","status-publish","hentry"],"_links":{"self":[{"href":"https:\/\/veda.polac.cz\/index.php?rest_route=\/wp\/v2\/pages\/1803","targetHints":{"allow":["GET"]}}],"collection":[{"href":"https:\/\/veda.polac.cz\/index.php?rest_route=\/wp\/v2\/pages"}],"about":[{"href":"https:\/\/veda.polac.cz\/index.php?rest_route=\/wp\/v2\/types\/page"}],"author":[{"embeddable":true,"href":"https:\/\/veda.polac.cz\/index.php?rest_route=\/wp\/v2\/users\/2"}],"replies":[{"embeddable":true,"href":"https:\/\/veda.polac.cz\/index.php?rest_route=%2Fwp%2Fv2%2Fcomments&post=1803"}],"version-history":[{"count":2,"href":"https:\/\/veda.polac.cz\/index.php?rest_route=\/wp\/v2\/pages\/1803\/revisions"}],"predecessor-version":[{"id":1825,"href":"https:\/\/veda.polac.cz\/index.php?rest_route=\/wp\/v2\/pages\/1803\/revisions\/1825"}],"wp:attachment":[{"href":"https:\/\/veda.polac.cz\/index.php?rest_route=%2Fwp%2Fv2%2Fmedia&parent=1803"}],"curies":[{"name":"wp","href":"https:\/\/api.w.org\/{rel}","templated":true}]}}