{"id":1801,"date":"2018-10-07T00:11:19","date_gmt":"2018-10-07T00:11:19","guid":{"rendered":"http:\/\/veda.polac.cz\/?page_id=1801"},"modified":"2018-10-27T19:00:38","modified_gmt":"2018-10-27T19:00:38","slug":"6-2-14","status":"publish","type":"page","link":"https:\/\/veda.polac.cz\/?page_id=1801","title":{"rendered":""},"content":{"rendered":"<p style=\"text-align: center;\">Resum\u00e9 \u010dl\u00e1nku<\/p>\n<p style=\"font-weight: 400;\"><strong>Probl\u00e9m \u201ejinakosti\u201c jako v\u00fdchodisko diskursu o multikulturalit\u011b<br \/>\n<\/strong><em>PhDr. Petr Nesvadba, CSc.<\/em><\/p>\n<p style=\"font-weight: 400;\">P\u0159edm\u011btem \u010dl\u00e1nku je hled\u00e1n\u00ed filosofick\u00fdch p\u0159edpoklad\u016f diskursu o multikul-turalit\u011b dne\u0161n\u00edho sv\u011bta. V\u00a0jeho prv\u00e9 \u010d\u00e1sti klade autor z\u00e1sadn\u00ed ot\u00e1zku, zda lze v\u016fbec tematizovat radik\u00e1ln\u00ed \u201ejinakost\u201c, a jej\u00ed zodpov\u011bzen\u00ed zasazuje do kontextu v\u00fdvoje evropsk\u00e9 racionality. Podrobuje kritice totalizuj\u00edc\u00ed koncept \u201en\u00e1sil\u00ed vhledu\u201c a m\u00edsto toho navrhuje reflexi \u201edomova\u201c jako horizontu \u201ep\u0159edporozum\u011bn\u00ed\u201c.Ve druh\u00e9 \u010d\u00e1sti pod\u00e1v\u00e1 rozli\u0161en\u00ed pojm\u016f \u201etolerance\u201c a \u201erespekt\u201c, a nasti\u0148uje koncept respektu v rovin\u011b \u201edekonstrukce smyslu\u201c.<br \/>\nKl\u00ed\u010dov\u00e1 slova: multikulturalita, jinakost, totalita, domov, tolerance, respekt, dekonstrukce.<\/p>\n<p><a href=\"https:\/\/veda.polac.cz\/?page_id=1671\">03\/2006<\/a><\/p>\n","protected":false},"excerpt":{"rendered":"<p>Resum\u00e9 \u010dl\u00e1nku Probl\u00e9m \u201ejinakosti\u201c jako v\u00fdchodisko diskursu o multikulturalit\u011b PhDr. Petr Nesvadba, CSc. P\u0159edm\u011btem \u010dl\u00e1nku je hled\u00e1n\u00ed filosofick\u00fdch p\u0159edpoklad\u016f diskursu o multikul-turalit\u011b dne\u0161n\u00edho sv\u011bta. V\u00a0jeho prv\u00e9 \u010d\u00e1sti klade autor z\u00e1sadn\u00ed ot\u00e1zku, zda lze v\u016fbec tematizovat radik\u00e1ln\u00ed \u201ejinakost\u201c, a jej\u00ed zodpov\u011bzen\u00ed zasazuje do kontextu v\u00fdvoje evropsk\u00e9 racionality. Podrobuje kritice totalizuj\u00edc\u00ed koncept \u201en\u00e1sil\u00ed vhledu\u201c a m\u00edsto toho [&hellip;]<\/p>\n","protected":false},"author":2,"featured_media":0,"parent":0,"menu_order":6,"comment_status":"closed","ping_status":"closed","template":"","meta":{"footnotes":""},"class_list":["post-1801","page","type-page","status-publish","hentry"],"_links":{"self":[{"href":"https:\/\/veda.polac.cz\/index.php?rest_route=\/wp\/v2\/pages\/1801","targetHints":{"allow":["GET"]}}],"collection":[{"href":"https:\/\/veda.polac.cz\/index.php?rest_route=\/wp\/v2\/pages"}],"about":[{"href":"https:\/\/veda.polac.cz\/index.php?rest_route=\/wp\/v2\/types\/page"}],"author":[{"embeddable":true,"href":"https:\/\/veda.polac.cz\/index.php?rest_route=\/wp\/v2\/users\/2"}],"replies":[{"embeddable":true,"href":"https:\/\/veda.polac.cz\/index.php?rest_route=%2Fwp%2Fv2%2Fcomments&post=1801"}],"version-history":[{"count":2,"href":"https:\/\/veda.polac.cz\/index.php?rest_route=\/wp\/v2\/pages\/1801\/revisions"}],"predecessor-version":[{"id":1824,"href":"https:\/\/veda.polac.cz\/index.php?rest_route=\/wp\/v2\/pages\/1801\/revisions\/1824"}],"wp:attachment":[{"href":"https:\/\/veda.polac.cz\/index.php?rest_route=%2Fwp%2Fv2%2Fmedia&parent=1801"}],"curies":[{"name":"wp","href":"https:\/\/api.w.org\/{rel}","templated":true}]}}