{"id":18,"date":"2018-08-22T20:19:28","date_gmt":"2018-08-22T20:19:28","guid":{"rendered":"http:\/\/veda.polac.cz\/?page_id=18"},"modified":"2026-01-09T09:22:12","modified_gmt":"2026-01-09T09:22:12","slug":"kontakt","status":"publish","type":"page","link":"https:\/\/veda.polac.cz\/?page_id=18","title":{"rendered":"Kontakt"},"content":{"rendered":"<h5 align=\"center\"><\/h5>\n<p><strong><em>Mgr. Martina Posp\u00ed\u0161ilov\u00e1<\/em><\/strong><br \/>\n<strong><em>tajemnice \u010dasopisu Bezpe\u010dnostn\u00ed teorie a praxe<\/em><\/strong><br \/>\n<strong><em>person\u00e1ln\u00ed odd\u011blen\u00ed<\/em><\/strong><br \/>\n<strong><em>Policejn\u00ed akademie \u010cesk\u00e9 republiky v Praze<\/em><\/strong><\/p>\n<p>Lhoteck\u00e1 559\/7<br \/>\nP.O. Box 54<br \/>\n143 00 Praha 12 &#8211; Kam\u00fdk<\/p>\n<p><em><b>tel: +420 974 828 502<br \/>\n<\/b><\/em><em><b>e-mail: <a href=\"mailto:pospisilova@polac.cz\">pospisilova@polac.cz<\/a><\/b><\/em><\/p>\n<p align=\"center\">\n","protected":false},"excerpt":{"rendered":"<p>Mgr. Martina Posp\u00ed\u0161ilov\u00e1 tajemnice \u010dasopisu Bezpe\u010dnostn\u00ed teorie a praxe person\u00e1ln\u00ed odd\u011blen\u00ed Policejn\u00ed akademie \u010cesk\u00e9 republiky v Praze Lhoteck\u00e1 559\/7 P.O. Box 54 143 00 Praha 12 &#8211; Kam\u00fdk tel: +420 974 828 502 e-mail: pospisilova@polac.cz<\/p>\n","protected":false},"author":2,"featured_media":0,"parent":0,"menu_order":0,"comment_status":"closed","ping_status":"closed","template":"","meta":{"footnotes":""},"class_list":["post-18","page","type-page","status-publish","hentry"],"_links":{"self":[{"href":"https:\/\/veda.polac.cz\/index.php?rest_route=\/wp\/v2\/pages\/18","targetHints":{"allow":["GET"]}}],"collection":[{"href":"https:\/\/veda.polac.cz\/index.php?rest_route=\/wp\/v2\/pages"}],"about":[{"href":"https:\/\/veda.polac.cz\/index.php?rest_route=\/wp\/v2\/types\/page"}],"author":[{"embeddable":true,"href":"https:\/\/veda.polac.cz\/index.php?rest_route=\/wp\/v2\/users\/2"}],"replies":[{"embeddable":true,"href":"https:\/\/veda.polac.cz\/index.php?rest_route=%2Fwp%2Fv2%2Fcomments&post=18"}],"version-history":[{"count":17,"href":"https:\/\/veda.polac.cz\/index.php?rest_route=\/wp\/v2\/pages\/18\/revisions"}],"predecessor-version":[{"id":7812,"href":"https:\/\/veda.polac.cz\/index.php?rest_route=\/wp\/v2\/pages\/18\/revisions\/7812"}],"wp:attachment":[{"href":"https:\/\/veda.polac.cz\/index.php?rest_route=%2Fwp%2Fv2%2Fmedia&parent=18"}],"curies":[{"name":"wp","href":"https:\/\/api.w.org\/{rel}","templated":true}]}}