{"id":1799,"date":"2018-10-07T00:09:40","date_gmt":"2018-10-07T00:09:40","guid":{"rendered":"http:\/\/veda.polac.cz\/?page_id=1799"},"modified":"2018-10-27T19:00:38","modified_gmt":"2018-10-27T19:00:38","slug":"5-2-14","status":"publish","type":"page","link":"https:\/\/veda.polac.cz\/?page_id=1799","title":{"rendered":""},"content":{"rendered":"<p style=\"text-align: center;\">Resum\u00e9 \u010dl\u00e1nku<\/p>\n<p style=\"font-weight: 400;\"><strong>N\u011bkolik pozn\u00e1mek k\u00a0managementu zm\u011bn v\u00a0policii<br \/>\n<\/strong><em>Ing. \u013dubica Bari\u010di\u010dov\u00e1, PhD., Ing. Milan Kn\u00fd, CSc.<\/em><\/p>\n<p style=\"font-weight: 400;\">Hlavn\u00edm \u00fa\u010delem p\u0159\u00edsp\u011bvku je ilustrovat jeden z t\u00e9matick\u00fdch v\u00fdstup\u016f d\u00edl\u010d\u00edho v\u00fdzkumn\u00e9ho \u00fakolu Rozvoj bezpe\u010dnostn\u00edho managementu a informatiky V\u00da 1\/2. V\u00a0z\u00e1\u0159\u00ed 2005 byla v\u00a0Bratislav\u011b uspo\u0159\u00e1d\u00e1na na A PZ SR ve spolupr\u00e1ci kateder managementu a informatiky s\u00a0Policejn\u00ed akademi\u00ed \u010cR konference na t\u00e9ma \u201eRiadenie zmien v\u00a0policajnej organiz\u00e1cii\u201c. Sborn\u00edk, kter\u00fd je v\u00a0tisku bude pat\u0159it mezi dal\u0161\u00ed konferen\u010dn\u00ed v\u00fdstupy z\u00a0v\u00fdzkumn\u00e9ho \u00fakolu. K\u00a0paraleln\u00edm v\u00fdstup\u016fm \u00fakolu pat\u0159\u00ed tak\u00e9 anal\u00fdza faktografie bezpe\u010dnostn\u00edho managementu. Za sou\u010d\u00e1st t\u00e9matu bezpe\u010dnostn\u00ed management je pova\u017eov\u00e1na tak\u00e9 \u0159\u00edzen\u00e1 informa\u010dn\u00ed bezpe\u010dnost, krizov\u00e9 \u0159\u00edzen\u00ed a\u00a0policejn\u00ed management. Informatika je zde v\u00a0postaven\u00ed \u201eslu\u017eby pro slu\u017ebu\u201c \u2013 jako aplikovan\u00e1 odborn\u00e1 discipl\u00edna na podporu bezpe\u010dnostn\u00edho managementu, na podporu rozhodov\u00e1n\u00ed za rizika.<br \/>\nKl\u00ed\u010dov\u00e1 slova: management zm\u011bn, policejn\u00ed praxe, policejn\u00ed slu\u017eba, EFQM.<\/p>\n<p><a href=\"https:\/\/veda.polac.cz\/?page_id=1671\">03\/2006<\/a><\/p>\n","protected":false},"excerpt":{"rendered":"<p>Resum\u00e9 \u010dl\u00e1nku N\u011bkolik pozn\u00e1mek k\u00a0managementu zm\u011bn v\u00a0policii Ing. \u013dubica Bari\u010di\u010dov\u00e1, PhD., Ing. Milan Kn\u00fd, CSc. Hlavn\u00edm \u00fa\u010delem p\u0159\u00edsp\u011bvku je ilustrovat jeden z t\u00e9matick\u00fdch v\u00fdstup\u016f d\u00edl\u010d\u00edho v\u00fdzkumn\u00e9ho \u00fakolu Rozvoj bezpe\u010dnostn\u00edho managementu a informatiky V\u00da 1\/2. V\u00a0z\u00e1\u0159\u00ed 2005 byla v\u00a0Bratislav\u011b uspo\u0159\u00e1d\u00e1na na A PZ SR ve spolupr\u00e1ci kateder managementu a informatiky s\u00a0Policejn\u00ed akademi\u00ed \u010cR konference na t\u00e9ma [&hellip;]<\/p>\n","protected":false},"author":2,"featured_media":0,"parent":0,"menu_order":5,"comment_status":"closed","ping_status":"closed","template":"","meta":{"footnotes":""},"class_list":["post-1799","page","type-page","status-publish","hentry"],"_links":{"self":[{"href":"https:\/\/veda.polac.cz\/index.php?rest_route=\/wp\/v2\/pages\/1799","targetHints":{"allow":["GET"]}}],"collection":[{"href":"https:\/\/veda.polac.cz\/index.php?rest_route=\/wp\/v2\/pages"}],"about":[{"href":"https:\/\/veda.polac.cz\/index.php?rest_route=\/wp\/v2\/types\/page"}],"author":[{"embeddable":true,"href":"https:\/\/veda.polac.cz\/index.php?rest_route=\/wp\/v2\/users\/2"}],"replies":[{"embeddable":true,"href":"https:\/\/veda.polac.cz\/index.php?rest_route=%2Fwp%2Fv2%2Fcomments&post=1799"}],"version-history":[{"count":2,"href":"https:\/\/veda.polac.cz\/index.php?rest_route=\/wp\/v2\/pages\/1799\/revisions"}],"predecessor-version":[{"id":1823,"href":"https:\/\/veda.polac.cz\/index.php?rest_route=\/wp\/v2\/pages\/1799\/revisions\/1823"}],"wp:attachment":[{"href":"https:\/\/veda.polac.cz\/index.php?rest_route=%2Fwp%2Fv2%2Fmedia&parent=1799"}],"curies":[{"name":"wp","href":"https:\/\/api.w.org\/{rel}","templated":true}]}}