{"id":1797,"date":"2018-10-07T00:07:59","date_gmt":"2018-10-07T00:07:59","guid":{"rendered":"http:\/\/veda.polac.cz\/?page_id=1797"},"modified":"2018-10-27T19:00:38","modified_gmt":"2018-10-27T19:00:38","slug":"4-2-14","status":"publish","type":"page","link":"https:\/\/veda.polac.cz\/?page_id=1797","title":{"rendered":""},"content":{"rendered":"<p style=\"text-align: center;\">Resum\u00e9 \u010dl\u00e1nku<\/p>\n<p style=\"font-weight: 400;\"><strong>Pachov\u00e1 stopa<br \/>\n<\/strong><em>JUDr. Nikolaj Hrib<\/em><\/p>\n<p style=\"font-weight: 400;\">Sou\u010dasn\u00fd stav pozn\u00e1n\u00ed v\u00a0oboru individu\u00e1ln\u00ed identifikaci podle pachu, je na takov\u00e9 \u00farovni a prax\u00ed prov\u011b\u0159en\u00e1, \u017ee dovoluje u\u010dinit kvalitativn\u00ed zm\u011bny v\u00a0organizaci a institucion\u00e1ln\u00edm postaven\u00ed pachov\u00fdch st\u0159edisek Policie \u010cR, z\u00a0pachov\u00fdch st\u0159edisek na expertn\u00ed pracovi\u0161t\u011b. Sou\u010dasn\u011b pov\u00fd\u0161it odbornou \u010dinnost policist\u016f na experty v\u00a0oboru kriminalistick\u00e9 odorologie a kynologie, na z\u00e1klad\u011b regul\u00e9rn\u00edho pro\u0161kolen\u00ed na Policejn\u00ed akademii \u010cR, a posl\u00e9ze p\u0159ezkou\u0161en\u00ed p\u0159ed odbornou komis\u00ed, opr\u00e1vn\u011bnou ud\u011blit statut experta, obdobn\u011b jako u ostatn\u00edch obor\u016f kriminalistick\u00e9 techniky. T\u00edmto by do\u0161lo sou\u010dasn\u011b i k\u00a0pov\u00fd\u0161en\u00ed pachov\u00e9 stopy na d\u016fkaz, ze sou\u010dasn\u00e9ho stavu, kdy je pachov\u00e1 stopa pova\u017eov\u00e1na za pouh\u00fd podp\u016frn\u00fd d\u016fkaz, nebo\u0165 pachovou zkou\u0161ku lze p\u0159ezkoumat, a vyhodnocen\u00ed pachov\u00e9 stopy psem, lze objektivizovat formou odborn\u00e9ho vyj\u00e1d\u0159en\u00ed, p\u0159\u00edpadn\u011b i znaleck\u00e9ho posudku.<br \/>\nKl\u00ed\u010dov\u00e1 slova: pachov\u00e1 stopa, identifikace<\/p>\n<p><a href=\"https:\/\/veda.polac.cz\/?page_id=1671\">03\/2006<\/a><\/p>\n","protected":false},"excerpt":{"rendered":"<p>Resum\u00e9 \u010dl\u00e1nku Pachov\u00e1 stopa JUDr. Nikolaj Hrib Sou\u010dasn\u00fd stav pozn\u00e1n\u00ed v\u00a0oboru individu\u00e1ln\u00ed identifikaci podle pachu, je na takov\u00e9 \u00farovni a prax\u00ed prov\u011b\u0159en\u00e1, \u017ee dovoluje u\u010dinit kvalitativn\u00ed zm\u011bny v\u00a0organizaci a institucion\u00e1ln\u00edm postaven\u00ed pachov\u00fdch st\u0159edisek Policie \u010cR, z\u00a0pachov\u00fdch st\u0159edisek na expertn\u00ed pracovi\u0161t\u011b. Sou\u010dasn\u011b pov\u00fd\u0161it odbornou \u010dinnost policist\u016f na experty v\u00a0oboru kriminalistick\u00e9 odorologie a kynologie, na z\u00e1klad\u011b regul\u00e9rn\u00edho [&hellip;]<\/p>\n","protected":false},"author":2,"featured_media":0,"parent":0,"menu_order":4,"comment_status":"closed","ping_status":"closed","template":"","meta":{"footnotes":""},"class_list":["post-1797","page","type-page","status-publish","hentry"],"_links":{"self":[{"href":"https:\/\/veda.polac.cz\/index.php?rest_route=\/wp\/v2\/pages\/1797","targetHints":{"allow":["GET"]}}],"collection":[{"href":"https:\/\/veda.polac.cz\/index.php?rest_route=\/wp\/v2\/pages"}],"about":[{"href":"https:\/\/veda.polac.cz\/index.php?rest_route=\/wp\/v2\/types\/page"}],"author":[{"embeddable":true,"href":"https:\/\/veda.polac.cz\/index.php?rest_route=\/wp\/v2\/users\/2"}],"replies":[{"embeddable":true,"href":"https:\/\/veda.polac.cz\/index.php?rest_route=%2Fwp%2Fv2%2Fcomments&post=1797"}],"version-history":[{"count":2,"href":"https:\/\/veda.polac.cz\/index.php?rest_route=\/wp\/v2\/pages\/1797\/revisions"}],"predecessor-version":[{"id":1822,"href":"https:\/\/veda.polac.cz\/index.php?rest_route=\/wp\/v2\/pages\/1797\/revisions\/1822"}],"wp:attachment":[{"href":"https:\/\/veda.polac.cz\/index.php?rest_route=%2Fwp%2Fv2%2Fmedia&parent=1797"}],"curies":[{"name":"wp","href":"https:\/\/api.w.org\/{rel}","templated":true}]}}