{"id":1795,"date":"2018-10-07T00:06:03","date_gmt":"2018-10-07T00:06:03","guid":{"rendered":"http:\/\/veda.polac.cz\/?page_id=1795"},"modified":"2018-10-27T19:00:38","modified_gmt":"2018-10-27T19:00:38","slug":"3-2-15","status":"publish","type":"page","link":"https:\/\/veda.polac.cz\/?page_id=1795","title":{"rendered":""},"content":{"rendered":"<p style=\"text-align: center;\">Resum\u00e9 \u010dl\u00e1nku<\/p>\n<p style=\"font-weight: 400;\"><strong>Nov\u00e9 p\u0159\u00edstupy v teorii kriminalistick\u00fdch stop a identifikace v\u00a0souvislosti s\u00a0dokazov\u00e1n\u00edm v\u00a0trestn\u00edm \u0159\u00edzen\u00ed<br \/>\n<\/strong><em>prof. JUDr. Ing. Viktor Porada, DrSc., plk. prof. PhDr. Ji\u0159\u00ed Straus, DrSc., prof. JUDr. Jozef Madliak, CSc.<\/em><\/p>\n<p style=\"font-weight: 400;\">Auto\u0159i teoreticky zpracov\u00e1vaj\u00ed problematiku kriminalistick\u00fdch stop a identifikace v\u00a0souvislosti s\u00a0dokazov\u00e1n\u00ed v\u00a0trestn\u00edm \u0159\u00edzen\u00ed. Teoreticky rozpracov\u00e1vaj\u00ed problematiku stopy jako relace mezi objektem a prost\u0159ed\u00edm. V\u011bnuj\u00ed se aktu\u00e1ln\u00ed teorii problematiky pam\u011b\u0165ov\u00fdch stop, v\u00fdzkum\u016fm v\u00a0t\u00e9to oblasti a forenzn\u00edm aplikac\u00edm. Zcela nov\u00fdm okruhem kriminalistick\u00fdch stop jsou digit\u00e1ln\u00ed stopy. V\u00a0t\u00e9to oblasti doch\u00e1z\u00ed prudk\u00e9mu rozvoji poznatk\u016f, kter\u00e9 jsou n\u00e1sledn\u011b teoreticky zpracov\u00e1v\u00e1ny a aplika\u010dn\u011b vyu\u017e\u00edv\u00e1ny V\u00a0z\u00e1v\u011bru \u010dl\u00e1nku se auto\u0159i v\u011bnuj\u00ed syst\u00e9mov\u00e9 identifikaci v\u00a0kriminalistice.<br \/>\nKl\u00ed\u010dov\u00e1 slova: Kriminalistick\u00e1 stopa, identifikace, pam\u011b\u0165ov\u00e1 stopa, digit\u00e1ln\u00ed stopa.<\/p>\n<p><a href=\"https:\/\/veda.polac.cz\/?page_id=1671\">03\/2006<\/a><\/p>\n","protected":false},"excerpt":{"rendered":"<p>Resum\u00e9 \u010dl\u00e1nku Nov\u00e9 p\u0159\u00edstupy v teorii kriminalistick\u00fdch stop a identifikace v\u00a0souvislosti s\u00a0dokazov\u00e1n\u00edm v\u00a0trestn\u00edm \u0159\u00edzen\u00ed prof. JUDr. Ing. Viktor Porada, DrSc., plk. prof. PhDr. Ji\u0159\u00ed Straus, DrSc., prof. JUDr. Jozef Madliak, CSc. Auto\u0159i teoreticky zpracov\u00e1vaj\u00ed problematiku kriminalistick\u00fdch stop a identifikace v\u00a0souvislosti s\u00a0dokazov\u00e1n\u00ed v\u00a0trestn\u00edm \u0159\u00edzen\u00ed. Teoreticky rozpracov\u00e1vaj\u00ed problematiku stopy jako relace mezi objektem a prost\u0159ed\u00edm. V\u011bnuj\u00ed se [&hellip;]<\/p>\n","protected":false},"author":2,"featured_media":0,"parent":0,"menu_order":3,"comment_status":"closed","ping_status":"closed","template":"","meta":{"footnotes":""},"class_list":["post-1795","page","type-page","status-publish","hentry"],"_links":{"self":[{"href":"https:\/\/veda.polac.cz\/index.php?rest_route=\/wp\/v2\/pages\/1795","targetHints":{"allow":["GET"]}}],"collection":[{"href":"https:\/\/veda.polac.cz\/index.php?rest_route=\/wp\/v2\/pages"}],"about":[{"href":"https:\/\/veda.polac.cz\/index.php?rest_route=\/wp\/v2\/types\/page"}],"author":[{"embeddable":true,"href":"https:\/\/veda.polac.cz\/index.php?rest_route=\/wp\/v2\/users\/2"}],"replies":[{"embeddable":true,"href":"https:\/\/veda.polac.cz\/index.php?rest_route=%2Fwp%2Fv2%2Fcomments&post=1795"}],"version-history":[{"count":2,"href":"https:\/\/veda.polac.cz\/index.php?rest_route=\/wp\/v2\/pages\/1795\/revisions"}],"predecessor-version":[{"id":1821,"href":"https:\/\/veda.polac.cz\/index.php?rest_route=\/wp\/v2\/pages\/1795\/revisions\/1821"}],"wp:attachment":[{"href":"https:\/\/veda.polac.cz\/index.php?rest_route=%2Fwp%2Fv2%2Fmedia&parent=1795"}],"curies":[{"name":"wp","href":"https:\/\/api.w.org\/{rel}","templated":true}]}}