{"id":1793,"date":"2018-10-07T00:04:33","date_gmt":"2018-10-07T00:04:33","guid":{"rendered":"http:\/\/veda.polac.cz\/?page_id=1793"},"modified":"2018-11-02T22:15:34","modified_gmt":"2018-11-02T22:15:34","slug":"2-2-16","status":"publish","type":"page","link":"https:\/\/veda.polac.cz\/?page_id=1793","title":{"rendered":""},"content":{"rendered":"<p style=\"text-align: center;\">Resum\u00e9 \u010dl\u00e1nku<\/p>\n<p style=\"font-weight: 400;\"><strong>Schengensk\u00fd hrani\u010dn\u00ed kodex<br \/>\n<\/strong><em>Doc. JUDr. Bohumil Pikna, CSc.<\/em><\/p>\n<p style=\"font-weight: 400;\">\u010cl\u00e1nek se zab\u00fdv\u00e1 jedn\u00edm z\u00a0nejd\u016fle\u017eit\u011bj\u0161\u00edch legislativn\u00edch opat\u0159en\u00ed Evropsk\u00e9 unie z\u00a0posledn\u00ed doby p\u0159i rozvoji schengensk\u00e9ho acquis. Je j\u00edm na\u0159\u00edzen\u00ed Evropsk\u00e9ho parlamentu a Rady \u010d. 562\/2006 ze dne 15. b\u0159ezna 2006, kter\u00fdm se stanov\u00ed kodex Spole\u010denstv\u00ed o pravidlech upravuj\u00edc\u00edch p\u0159eshrani\u010dn\u00ed pohyb osob, tzv. Schengensk\u00fd hrani\u010dn\u00ed kodex. Na\u0159\u00edzen\u00ed p\u0159edstavuje konsolidovan\u00fd soubor pr\u00e1vn\u00edch norem pro oblast ochrany vn\u011bj\u0161\u00edch hranic a z\u00e1sadn\u00ed n\u00e1stroj pro spole\u010dnou politiku na \u00faseku \u0159\u00edzen\u00ed vn\u011bj\u0161\u00edch hranic. Na\u0159\u00edzen\u00ed zakotvuje, \u017ee ve vztahu k\u00a0osob\u00e1m p\u0159ekra\u010duj\u00edc\u00edm vnit\u0159n\u00ed hranice mezi \u010dlensk\u00fdmi st\u00e1ty Evropsk\u00e9 unie se opat\u0159en\u00ed na ochranu hranic neprov\u00e1d\u00ed. Znovuzaveden\u00ed ochrany vnit\u0159n\u00edch hranic je p\u0159\u00edpustn\u00e9 pouze jako v\u00fdjime\u010dn\u00e9 opat\u0159en\u00ed z\u00a0d\u016fvodu z\u00e1va\u017en\u00e9 hrozby pro ve\u0159ejn\u00fd po\u0159\u00e1dek a vnit\u0159n\u00ed bezpe\u010dnost dot\u010den\u00e9ho st\u00e1tu. \u010cl\u00e1nek obsahuje rovn\u011b\u017e problematiku participace p\u0159idru\u017een\u00fdch st\u00e1t\u016f Schengenu, mo\u017enosti odep\u0159en\u00ed vstupu na \u00fazem\u00ed \u010dlensk\u00fdch st\u00e1t\u016f a z\u00e1kladn\u00ed sch\u00e9ma kontroly na vn\u011bj\u0161\u00edch hranic\u00edch.<br \/>\nKl\u00ed\u010dov\u00e1 slova: EU, Schengensk\u00fd hrani\u010dn\u00ed kodex,<\/p>\n<p><a href=\"https:\/\/veda.polac.cz\/?page_id=1671\">03\/2006<\/a><\/p>\n","protected":false},"excerpt":{"rendered":"<p>Resum\u00e9 \u010dl\u00e1nku Schengensk\u00fd hrani\u010dn\u00ed kodex Doc. JUDr. Bohumil Pikna, CSc. \u010cl\u00e1nek se zab\u00fdv\u00e1 jedn\u00edm z\u00a0nejd\u016fle\u017eit\u011bj\u0161\u00edch legislativn\u00edch opat\u0159en\u00ed Evropsk\u00e9 unie z\u00a0posledn\u00ed doby p\u0159i rozvoji schengensk\u00e9ho acquis. Je j\u00edm na\u0159\u00edzen\u00ed Evropsk\u00e9ho parlamentu a Rady \u010d. 562\/2006 ze dne 15. b\u0159ezna 2006, kter\u00fdm se stanov\u00ed kodex Spole\u010denstv\u00ed o pravidlech upravuj\u00edc\u00edch p\u0159eshrani\u010dn\u00ed pohyb osob, tzv. Schengensk\u00fd hrani\u010dn\u00ed kodex. Na\u0159\u00edzen\u00ed [&hellip;]<\/p>\n","protected":false},"author":2,"featured_media":0,"parent":1671,"menu_order":2,"comment_status":"closed","ping_status":"closed","template":"","meta":{"footnotes":""},"class_list":["post-1793","page","type-page","status-publish","hentry"],"_links":{"self":[{"href":"https:\/\/veda.polac.cz\/index.php?rest_route=\/wp\/v2\/pages\/1793","targetHints":{"allow":["GET"]}}],"collection":[{"href":"https:\/\/veda.polac.cz\/index.php?rest_route=\/wp\/v2\/pages"}],"about":[{"href":"https:\/\/veda.polac.cz\/index.php?rest_route=\/wp\/v2\/types\/page"}],"author":[{"embeddable":true,"href":"https:\/\/veda.polac.cz\/index.php?rest_route=\/wp\/v2\/users\/2"}],"replies":[{"embeddable":true,"href":"https:\/\/veda.polac.cz\/index.php?rest_route=%2Fwp%2Fv2%2Fcomments&post=1793"}],"version-history":[{"count":2,"href":"https:\/\/veda.polac.cz\/index.php?rest_route=\/wp\/v2\/pages\/1793\/revisions"}],"predecessor-version":[{"id":1833,"href":"https:\/\/veda.polac.cz\/index.php?rest_route=\/wp\/v2\/pages\/1793\/revisions\/1833"}],"up":[{"embeddable":true,"href":"https:\/\/veda.polac.cz\/index.php?rest_route=\/wp\/v2\/pages\/1671"}],"wp:attachment":[{"href":"https:\/\/veda.polac.cz\/index.php?rest_route=%2Fwp%2Fv2%2Fmedia&parent=1793"}],"curies":[{"name":"wp","href":"https:\/\/api.w.org\/{rel}","templated":true}]}}