{"id":1791,"date":"2018-10-07T00:02:55","date_gmt":"2018-10-07T00:02:55","guid":{"rendered":"http:\/\/veda.polac.cz\/?page_id=1791"},"modified":"2018-11-02T20:52:09","modified_gmt":"2018-11-02T20:52:09","slug":"1-2-15","status":"publish","type":"page","link":"https:\/\/veda.polac.cz\/?page_id=1791","title":{"rendered":""},"content":{"rendered":"<p style=\"text-align: center;\">Resum\u00e9 \u010dl\u00e1nku<\/p>\n<p style=\"font-weight: 400;\"><strong>Prostor svobody, bezpe\u010dnosti a pr\u00e1va v\u00a0n\u00e1vrhu \u00dastavn\u00ed smlouvy<br \/>\n<\/strong><em>Doc. JUDr. Bohumil Pikna, CSc.<\/em><\/p>\n<p style=\"font-weight: 400;\">Autor se ve sv\u00e9m \u010dl\u00e1nku zab\u00fdv\u00e1 problematikou oblasti prostoru svobody, bezpe\u010dnosti a pr\u00e1va, jak je zakotvena v\u00a0n\u00e1vrhu \u00dastavn\u00ed smlouvy. \u010cl\u00e1nkem sou\u010dasn\u011b sleduje o\u017eiven\u00ed odborn\u00e9 diskuse k\u00a0obsahu \u00dastavn\u00ed smlouvy s\u00a0t\u00edm, \u017ee ani v\u00a0p\u0159\u00edpad\u011b korekce \u00dastavy nep\u0159edpokl\u00e1d\u00e1 n\u011bjak\u00e9 z\u00e1sadn\u011bj\u0161\u00ed zm\u011bny v\u00a0t\u00e9to oblasti. Autor se zab\u00fdv\u00e1, po stru\u010dn\u00e9 genezi, konkr\u00e9tn\u00edmi legislativn\u011b pr\u00e1vn\u00edmi zm\u011bnami oproti sou\u010dasn\u00e9mu stavu \u00fapravy oblasti justice a vnit\u0159n\u00edch v\u011bc\u00ed ve Smlouv\u011b o EU. Problematiku posuzuje z\u00a0hlediska pr\u00e1vn\u00edho, p\u0159ij\u00edm\u00e1n\u00ed legislativn\u00edch akt\u016f v\u00a0jednotliv\u00fdch politik\u00e1ch a\u00a0problematik\u00e1ch, a specifikuje konkr\u00e9tn\u00ed zm\u011bny, kter\u00e9 text \u00dastavy p\u0159edstavuje.<br \/>\nDoch\u00e1z\u00ed k\u00a0z\u00e1v\u011bru, \u017ee i kdy\u017e pr\u00e1v\u011b oblast svobody, bezpe\u010dnosti a pr\u00e1va nedozn\u00e1v\u00e1 n\u011bjak\u00fdch z\u00e1sadn\u011bj\u0161\u00edch zm\u011bn, lze navrhovanou \u00fapravu hodnotit jako ur\u010dit\u00fd pokrok, a\u00a0to hlavn\u011b z\u00a0pohledu jednotn\u00e9 \u00fapravy instituc\u00ed a org\u00e1n\u016f Unie, jako\u017e i\u00a0standardizace pr\u00e1vn\u00edch akt\u016f a z\u00e1kladn\u00edch legislativn\u00ed postup\u016f, i kdy\u017e s\u00a0nezanedbateln\u00fdmi v\u00fdjimkami v\u00a0jednomyslnosti p\u0159ij\u00edm\u00e1n\u00ed akt\u016f. V\u00a0neposledn\u00ed \u0159ad\u011b \u00dastava p\u0159in\u00e1\u0161\u00ed pokrok rovn\u011b\u017e v\u00a0ujednocen\u00ed kompetenc\u00ed Evropsk\u00e9ho soudn\u00edho dvora a standardizuje jeho p\u0159\u00edslu\u0161nost rovn\u011b\u017e v\u00a0t\u00e9to oblasti, i kdy\u017e se st\u00e1vaj\u00edc\u00ed \u00a0v\u00fdhradou ve\u0159ejn\u00e9ho po\u0159\u00e1dku a vnit\u0159n\u00ed bezpe\u010dnosti. Na druh\u00e9 stran\u011b autor poukazuje na st\u00e1le p\u0159etrv\u00e1vaj\u00edc\u00ed probl\u00e9m s\u00a0materi\u00ed Schengenu, kter\u00fd je jako v\u00fdjimka pro t\u0159i \u010dlensk\u00e9 st\u00e1ty Unie i nad\u00e1le obsa\u017een v\u00a0protokolech p\u0159ipojen\u00fdch k\u00a0\u00dastav\u011b.<br \/>\nKl\u00ed\u010dov\u00e1 slova: \u00dastavn\u00ed smlouva, legislativa, EU, evropsk\u00fd prostor.<\/p>\n<p><a href=\"https:\/\/veda.polac.cz\/?page_id=1671\">03\/2006<\/a><\/p>\n","protected":false},"excerpt":{"rendered":"<p>Resum\u00e9 \u010dl\u00e1nku Prostor svobody, bezpe\u010dnosti a pr\u00e1va v\u00a0n\u00e1vrhu \u00dastavn\u00ed smlouvy Doc. JUDr. Bohumil Pikna, CSc. Autor se ve sv\u00e9m \u010dl\u00e1nku zab\u00fdv\u00e1 problematikou oblasti prostoru svobody, bezpe\u010dnosti a pr\u00e1va, jak je zakotvena v\u00a0n\u00e1vrhu \u00dastavn\u00ed smlouvy. \u010cl\u00e1nkem sou\u010dasn\u011b sleduje o\u017eiven\u00ed odborn\u00e9 diskuse k\u00a0obsahu \u00dastavn\u00ed smlouvy s\u00a0t\u00edm, \u017ee ani v\u00a0p\u0159\u00edpad\u011b korekce \u00dastavy nep\u0159edpokl\u00e1d\u00e1 n\u011bjak\u00e9 z\u00e1sadn\u011bj\u0161\u00ed zm\u011bny v\u00a0t\u00e9to oblasti. [&hellip;]<\/p>\n","protected":false},"author":2,"featured_media":0,"parent":1671,"menu_order":1,"comment_status":"closed","ping_status":"closed","template":"","meta":{"footnotes":""},"class_list":["post-1791","page","type-page","status-publish","hentry"],"_links":{"self":[{"href":"https:\/\/veda.polac.cz\/index.php?rest_route=\/wp\/v2\/pages\/1791","targetHints":{"allow":["GET"]}}],"collection":[{"href":"https:\/\/veda.polac.cz\/index.php?rest_route=\/wp\/v2\/pages"}],"about":[{"href":"https:\/\/veda.polac.cz\/index.php?rest_route=\/wp\/v2\/types\/page"}],"author":[{"embeddable":true,"href":"https:\/\/veda.polac.cz\/index.php?rest_route=\/wp\/v2\/users\/2"}],"replies":[{"embeddable":true,"href":"https:\/\/veda.polac.cz\/index.php?rest_route=%2Fwp%2Fv2%2Fcomments&post=1791"}],"version-history":[{"count":2,"href":"https:\/\/veda.polac.cz\/index.php?rest_route=\/wp\/v2\/pages\/1791\/revisions"}],"predecessor-version":[{"id":1832,"href":"https:\/\/veda.polac.cz\/index.php?rest_route=\/wp\/v2\/pages\/1791\/revisions\/1832"}],"up":[{"embeddable":true,"href":"https:\/\/veda.polac.cz\/index.php?rest_route=\/wp\/v2\/pages\/1671"}],"wp:attachment":[{"href":"https:\/\/veda.polac.cz\/index.php?rest_route=%2Fwp%2Fv2%2Fmedia&parent=1791"}],"curies":[{"name":"wp","href":"https:\/\/api.w.org\/{rel}","templated":true}]}}