{"id":1775,"date":"2018-10-06T23:55:18","date_gmt":"2018-10-06T23:55:18","guid":{"rendered":"http:\/\/veda.polac.cz\/?page_id=1775"},"modified":"2018-11-02T22:40:35","modified_gmt":"2018-11-02T22:40:35","slug":"12-2-7","status":"publish","type":"page","link":"https:\/\/veda.polac.cz\/?page_id=1775","title":{"rendered":""},"content":{"rendered":"<p style=\"text-align: center;\">Resum\u00e9 \u010dl\u00e1nku<\/p>\n<p style=\"font-weight: 400;\"><strong>Tetov\u00e1n\u00ed jako zp\u016fsob neverb\u00e1ln\u00ed komunikace v\u00a0krimin\u00e1ln\u00ed subkultu\u0159e<br \/>\n<\/strong><em>PhDr. Oxana Dlouh\u00e1<\/em><\/p>\n<p style=\"font-weight: 400;\">P\u0159\u00edsp\u011bvek v\u00a0\u00favodn\u00ed \u010d\u00e1sti pojedn\u00e1v\u00e1 o slangu jako o specifick\u00e9 sou\u010d\u00e1st\u00ed n\u00e1rod-n\u00edho jazyka, kter\u00fd pou\u017e\u00edvaj\u00ed ur\u010dit\u00e9 soci\u00e1ln\u00ed skupiny a o tetov\u00e1n\u00ed jako o neverb\u00e1ln\u00ed komunikaci v\u00a0krimin\u00e1ln\u00ed subkultu\u0159e, jen\u017e p\u0159in\u00e1\u0161\u00ed ur\u010ditou informaci o jeho nositeli. Pot\u00e9 n\u00e1sleduje kr\u00e1tk\u00e1 exkurze do historie tetov\u00e1n\u00ed. Pod\u00e1v\u00e1 se informace o vzniku um\u011bn\u00ed tetov\u00e1n\u00ed, o p\u016fvodu slova tetov\u00e1n\u00ed, o \u00fa\u010delu tetov\u00e1n\u00ed. V\u00a0dal\u0161\u00ed \u010d\u00e1sti se p\u0159\u00edsp\u011bvek zab\u00fdv\u00e1 kr\u00e1tkou histori\u00ed tetov\u00e1n\u00ed v\u00a0Rusku, nutnost\u00ed anal\u00fdzy tetov\u00e1n\u00ed jako zvl\u00e1\u0161tn\u00edho prost\u0159edku krimin\u00e1ln\u00edho sv\u011bta. P\u0159\u00edsp\u011bvek d\u00e1le zahrnuje \u010d\u00e1st o tetov\u00e1n\u00ed jako o zp\u016fsobu mimoslovn\u00ed komunikace, j\u00ed\u017e jedinec vyjad\u0159uje p\u0159\u00edslu\u0161nost k\u00a0ur\u010dit\u00e9 subkultu\u0159e, o teto-v\u00e1n\u00ed jako o druhu vizitky, o ozna\u010den\u00ed m\u00edsta v\u00a0krimin\u00e1ln\u00ed hierarchii. Dal\u0161\u00ed \u010d\u00e1st informuje o klasifikaci tetov\u00e1n\u00ed a zam\u011b\u0159uje se na charakteristiku z\u00e1kladn\u00edch druh\u016f tetov\u00e1n\u00ed. Rovn\u011b\u017e opisuje zp\u016fsoby aplikace tetov\u00e1n\u00ed krimin\u00e1ln\u00edch \u017eivl\u016f ve v\u011bznic\u00edch.<\/p>\n<p><a href=\"https:\/\/veda.polac.cz\/?page_id=1674\">02\/2006<\/a><\/p>\n","protected":false},"excerpt":{"rendered":"<p>Resum\u00e9 \u010dl\u00e1nku Tetov\u00e1n\u00ed jako zp\u016fsob neverb\u00e1ln\u00ed komunikace v\u00a0krimin\u00e1ln\u00ed subkultu\u0159e PhDr. Oxana Dlouh\u00e1 P\u0159\u00edsp\u011bvek v\u00a0\u00favodn\u00ed \u010d\u00e1sti pojedn\u00e1v\u00e1 o slangu jako o specifick\u00e9 sou\u010d\u00e1st\u00ed n\u00e1rod-n\u00edho jazyka, kter\u00fd pou\u017e\u00edvaj\u00ed ur\u010dit\u00e9 soci\u00e1ln\u00ed skupiny a o tetov\u00e1n\u00ed jako o neverb\u00e1ln\u00ed komunikaci v\u00a0krimin\u00e1ln\u00ed subkultu\u0159e, jen\u017e p\u0159in\u00e1\u0161\u00ed ur\u010ditou informaci o jeho nositeli. Pot\u00e9 n\u00e1sleduje kr\u00e1tk\u00e1 exkurze do historie tetov\u00e1n\u00ed. Pod\u00e1v\u00e1 se informace [&hellip;]<\/p>\n","protected":false},"author":2,"featured_media":0,"parent":1674,"menu_order":12,"comment_status":"closed","ping_status":"closed","template":"","meta":{"footnotes":""},"class_list":["post-1775","page","type-page","status-publish","hentry"],"_links":{"self":[{"href":"https:\/\/veda.polac.cz\/index.php?rest_route=\/wp\/v2\/pages\/1775","targetHints":{"allow":["GET"]}}],"collection":[{"href":"https:\/\/veda.polac.cz\/index.php?rest_route=\/wp\/v2\/pages"}],"about":[{"href":"https:\/\/veda.polac.cz\/index.php?rest_route=\/wp\/v2\/types\/page"}],"author":[{"embeddable":true,"href":"https:\/\/veda.polac.cz\/index.php?rest_route=\/wp\/v2\/users\/2"}],"replies":[{"embeddable":true,"href":"https:\/\/veda.polac.cz\/index.php?rest_route=%2Fwp%2Fv2%2Fcomments&post=1775"}],"version-history":[{"count":2,"href":"https:\/\/veda.polac.cz\/index.php?rest_route=\/wp\/v2\/pages\/1775\/revisions"}],"predecessor-version":[{"id":1790,"href":"https:\/\/veda.polac.cz\/index.php?rest_route=\/wp\/v2\/pages\/1775\/revisions\/1790"}],"up":[{"embeddable":true,"href":"https:\/\/veda.polac.cz\/index.php?rest_route=\/wp\/v2\/pages\/1674"}],"wp:attachment":[{"href":"https:\/\/veda.polac.cz\/index.php?rest_route=%2Fwp%2Fv2%2Fmedia&parent=1775"}],"curies":[{"name":"wp","href":"https:\/\/api.w.org\/{rel}","templated":true}]}}