{"id":1773,"date":"2018-10-06T23:53:28","date_gmt":"2018-10-06T23:53:28","guid":{"rendered":"http:\/\/veda.polac.cz\/?page_id=1773"},"modified":"2018-11-02T22:29:13","modified_gmt":"2018-11-02T22:29:13","slug":"11-2-11","status":"publish","type":"page","link":"https:\/\/veda.polac.cz\/?page_id=1773","title":{"rendered":""},"content":{"rendered":"<p style=\"text-align: center;\">Resum\u00e9 \u010dl\u00e1nku<\/p>\n<p style=\"font-weight: 400;\"><strong>\u00a0Pedagogika pro policisty a pracovn\u00edky MV \u010cR a\u00a0pracovn\u00edky v\u00a0bezpe\u010dnostn\u00edch slu\u017eb\u00e1ch\u00a0 (prezentace d\u00edl\u010d\u00edho \u00fakolu V\u00fdzkumn\u00e9ho z\u00e1m\u011bru PA \u010cR)<br \/>\n<\/strong><em>PhDr.\u00a0Iva Borsk\u00e1, CSc.<\/em><\/p>\n<p style=\"font-weight: 400;\">Jednou z\u00a0ur\u010duj\u00edc\u00edch hybn\u00fdch sil dne\u0161n\u00edho sv\u011bta je glob\u00e1ln\u00ed a kvalitativn\u011b z\u00e1sadn\u00ed posun sm\u011brem k\u00a0hodnot\u011b v\u011bdomost\u00ed. Celo\u017eivotn\u00ed u\u010den\u00ed se st\u00e1v\u00e1 z\u00e1sadn\u00ed podm\u00ednkou prosperity jedince i cel\u00e9 spole\u010dnosti. Vzd\u011bl\u00e1vac\u00ed strategie se orientuje na kl\u00ed\u010dov\u00e9 kompetence, p\u0159edstavuj\u00edc\u00ed schopnosti, dovednosti, postoje, hodnoty a dal\u0161\u00ed charakteristiky osobnosti, kter\u00e9 umo\u017e\u0148uj\u00ed \u010dlov\u011bku jednat adekv\u00e1tn\u011b a efektivn\u011b v\u00a0r\u016fzn\u00fdch profesn\u00edch a \u017eivotn\u00edch situac\u00edch. Sou\u010dasn\u00e9 pojet\u00ed policejn\u00ed pr\u00e1ce posiluje soci\u00e1ln\u00ed rozm\u011br, policejn\u00ed pr\u00e1ce je ch\u00e1pana jako slu\u017eba ve\u0159ejnosti. V\u00a0policejn\u00ed \u010dinnosti se proto st\u00e1vaj\u00ed kl\u00ed\u010dov\u00fdmi soci\u00e1ln\u00ed kompetence. Profesn\u00ed dovednosti se up\u0159ednost\u0148uj\u00ed p\u0159ed profesn\u00edmi v\u011bdomostmi, jedinec nese s\u00e1m odpov\u011bdnost za svou profesn\u00ed p\u0159ipravenost, policejn\u00ed management odpov\u00edd\u00e1 za vytv\u00e1\u0159en\u00ed podm\u00ednek ke vzd\u011bl\u00e1v\u00e1n\u00ed. Tyto vize a skute\u010dnosti reflektuje \u201eKoncepce celo\u017eivotn\u00edho povinn\u00e9ho vzd\u011bl\u00e1v\u00e1n\u00ed p\u0159\u00edslu\u0161n\u00edk\u016f a zam\u011bstnanc\u016f Policie \u010cR a resortu vnitra\u201c.<\/p>\n<p><a href=\"https:\/\/veda.polac.cz\/?page_id=1674\">02\/2006<\/a><\/p>\n","protected":false},"excerpt":{"rendered":"<p>Resum\u00e9 \u010dl\u00e1nku \u00a0Pedagogika pro policisty a pracovn\u00edky MV \u010cR a\u00a0pracovn\u00edky v\u00a0bezpe\u010dnostn\u00edch slu\u017eb\u00e1ch\u00a0 (prezentace d\u00edl\u010d\u00edho \u00fakolu V\u00fdzkumn\u00e9ho z\u00e1m\u011bru PA \u010cR) PhDr.\u00a0Iva Borsk\u00e1, CSc. Jednou z\u00a0ur\u010duj\u00edc\u00edch hybn\u00fdch sil dne\u0161n\u00edho sv\u011bta je glob\u00e1ln\u00ed a kvalitativn\u011b z\u00e1sadn\u00ed posun sm\u011brem k\u00a0hodnot\u011b v\u011bdomost\u00ed. Celo\u017eivotn\u00ed u\u010den\u00ed se st\u00e1v\u00e1 z\u00e1sadn\u00ed podm\u00ednkou prosperity jedince i cel\u00e9 spole\u010dnosti. Vzd\u011bl\u00e1vac\u00ed strategie se orientuje na kl\u00ed\u010dov\u00e9 kompetence, [&hellip;]<\/p>\n","protected":false},"author":2,"featured_media":0,"parent":1674,"menu_order":11,"comment_status":"closed","ping_status":"closed","template":"","meta":{"footnotes":""},"class_list":["post-1773","page","type-page","status-publish","hentry"],"_links":{"self":[{"href":"https:\/\/veda.polac.cz\/index.php?rest_route=\/wp\/v2\/pages\/1773","targetHints":{"allow":["GET"]}}],"collection":[{"href":"https:\/\/veda.polac.cz\/index.php?rest_route=\/wp\/v2\/pages"}],"about":[{"href":"https:\/\/veda.polac.cz\/index.php?rest_route=\/wp\/v2\/types\/page"}],"author":[{"embeddable":true,"href":"https:\/\/veda.polac.cz\/index.php?rest_route=\/wp\/v2\/users\/2"}],"replies":[{"embeddable":true,"href":"https:\/\/veda.polac.cz\/index.php?rest_route=%2Fwp%2Fv2%2Fcomments&post=1773"}],"version-history":[{"count":2,"href":"https:\/\/veda.polac.cz\/index.php?rest_route=\/wp\/v2\/pages\/1773\/revisions"}],"predecessor-version":[{"id":1789,"href":"https:\/\/veda.polac.cz\/index.php?rest_route=\/wp\/v2\/pages\/1773\/revisions\/1789"}],"up":[{"embeddable":true,"href":"https:\/\/veda.polac.cz\/index.php?rest_route=\/wp\/v2\/pages\/1674"}],"wp:attachment":[{"href":"https:\/\/veda.polac.cz\/index.php?rest_route=%2Fwp%2Fv2%2Fmedia&parent=1773"}],"curies":[{"name":"wp","href":"https:\/\/api.w.org\/{rel}","templated":true}]}}