{"id":1770,"date":"2018-10-06T23:51:07","date_gmt":"2018-10-06T23:51:07","guid":{"rendered":"http:\/\/veda.polac.cz\/?page_id=1770"},"modified":"2018-10-27T19:01:42","modified_gmt":"2018-10-27T19:01:42","slug":"10-2-12","status":"publish","type":"page","link":"https:\/\/veda.polac.cz\/?page_id=1770","title":{"rendered":""},"content":{"rendered":"<p style=\"text-align: center;\">Resum\u00e9 \u010dl\u00e1nku<\/p>\n<p style=\"font-weight: 400;\"><strong>Da\u0148ov\u00e9 \u00faniky<br \/>\n<\/strong><em>Bc. Radka Haraz\u00edmov\u00e1, DiS, JUDr. Franti\u0161ek Vavera<\/em><\/p>\n<p style=\"font-weight: 400;\">Trestn\u00e9 \u010diny p\u00e1chan\u00e9 v\u00a0da\u0148ov\u00e9 oblasti jsou obsa\u017eeny v\u00a0hlav\u011b druh\u00e9 trestn\u00edho z\u00e1kona &#8211; trestn\u00e9 \u010diny hospod\u00e1\u0159sk\u00e9. Z\u00a0kriminalistick\u00e9ho hlediska je mo\u017en\u00e9 pod\u0159adit tuto oblast do metodiky vy\u0161et\u0159ov\u00e1n\u00ed hospod\u00e1\u0159sk\u00e9 kriminality, my\u0161leno \u00fa\u017eeji, do metodiky vy\u0161et\u0159ov\u00e1n\u00ed finan\u010dn\u00ed kriminality. Da\u0148ov\u00e1 kriminalita ov\u0161em vykazuje takovou fluktuaci skutk\u016f, takov\u00e9 rozm\u011bry a takov\u00e1 specifika, \u017ee si vy\u017eaduje vy\u010dlen\u011bn\u00ed samostatn\u00e9 metodiky vy\u0161et\u0159ov\u00e1n\u00ed da\u0148ov\u00fdch trestn\u00fdch \u010din\u016f. Da\u0148ov\u00e9 \u00faniky pat\u0159\u00ed k\u00a0velice patogenn\u00edmu jevu v\u00a0r\u00e1mci da\u0148ov\u00e9 kriminality, proto je vhodn\u00e9 o tomto negativn\u00edm jevu spole\u010dnosti se v\u00edce rozepsat. Uvedenou problematiku autor rozeb\u00edr\u00e1 zejm\u00e9na z ekonomick\u00e9ho, kriminogenn\u00edho, trestn\u011bpr\u00e1vn\u00edho a kriminalistick\u00e9ho hlediska.<\/p>\n<p><a href=\"https:\/\/veda.polac.cz\/?page_id=1674\">02\/2006<\/a><\/p>\n","protected":false},"excerpt":{"rendered":"<p>Resum\u00e9 \u010dl\u00e1nku Da\u0148ov\u00e9 \u00faniky Bc. Radka Haraz\u00edmov\u00e1, DiS, JUDr. Franti\u0161ek Vavera Trestn\u00e9 \u010diny p\u00e1chan\u00e9 v\u00a0da\u0148ov\u00e9 oblasti jsou obsa\u017eeny v\u00a0hlav\u011b druh\u00e9 trestn\u00edho z\u00e1kona &#8211; trestn\u00e9 \u010diny hospod\u00e1\u0159sk\u00e9. Z\u00a0kriminalistick\u00e9ho hlediska je mo\u017en\u00e9 pod\u0159adit tuto oblast do metodiky vy\u0161et\u0159ov\u00e1n\u00ed hospod\u00e1\u0159sk\u00e9 kriminality, my\u0161leno \u00fa\u017eeji, do metodiky vy\u0161et\u0159ov\u00e1n\u00ed finan\u010dn\u00ed kriminality. Da\u0148ov\u00e1 kriminalita ov\u0161em vykazuje takovou fluktuaci skutk\u016f, takov\u00e9 rozm\u011bry a [&hellip;]<\/p>\n","protected":false},"author":2,"featured_media":0,"parent":0,"menu_order":10,"comment_status":"closed","ping_status":"closed","template":"","meta":{"footnotes":""},"class_list":["post-1770","page","type-page","status-publish","hentry"],"_links":{"self":[{"href":"https:\/\/veda.polac.cz\/index.php?rest_route=\/wp\/v2\/pages\/1770","targetHints":{"allow":["GET"]}}],"collection":[{"href":"https:\/\/veda.polac.cz\/index.php?rest_route=\/wp\/v2\/pages"}],"about":[{"href":"https:\/\/veda.polac.cz\/index.php?rest_route=\/wp\/v2\/types\/page"}],"author":[{"embeddable":true,"href":"https:\/\/veda.polac.cz\/index.php?rest_route=\/wp\/v2\/users\/2"}],"replies":[{"embeddable":true,"href":"https:\/\/veda.polac.cz\/index.php?rest_route=%2Fwp%2Fv2%2Fcomments&post=1770"}],"version-history":[{"count":2,"href":"https:\/\/veda.polac.cz\/index.php?rest_route=\/wp\/v2\/pages\/1770\/revisions"}],"predecessor-version":[{"id":1788,"href":"https:\/\/veda.polac.cz\/index.php?rest_route=\/wp\/v2\/pages\/1770\/revisions\/1788"}],"wp:attachment":[{"href":"https:\/\/veda.polac.cz\/index.php?rest_route=%2Fwp%2Fv2%2Fmedia&parent=1770"}],"curies":[{"name":"wp","href":"https:\/\/api.w.org\/{rel}","templated":true}]}}