{"id":1768,"date":"2018-10-06T23:49:24","date_gmt":"2018-10-06T23:49:24","guid":{"rendered":"http:\/\/veda.polac.cz\/?page_id=1768"},"modified":"2018-10-27T19:01:42","modified_gmt":"2018-10-27T19:01:42","slug":"9-2-15","status":"publish","type":"page","link":"https:\/\/veda.polac.cz\/?page_id=1768","title":{"rendered":""},"content":{"rendered":"<p style=\"text-align: center;\">Resum\u00e9 \u010dl\u00e1nku<\/p>\n<p style=\"font-weight: 400;\"><strong>Po\u010d\u00edta\u010dov\u00e1 podpora p\u0159i simulaci p\u00e1d\u016f<br \/>\n<\/strong><em>Ing. Ladislav \u010capek, Ph.D,\u00a0 prof. PhDr. Ji\u0159\u00ed Straus, DrSc.<\/em><\/p>\n<p style=\"font-weight: 400;\">C\u00edlem p\u0159\u00edsp\u011bvku je tedy vytvo\u0159it simulace s\u00e9rie pasivn\u00edch p\u00e1d\u016f a to jak spont\u00e1nn\u00edho, tak za p\u016fsoben\u00ed vn\u011bj\u0161\u00ed s\u00edly. Z\u00a0t\u011bchto simulac\u00ed zjistit kinematick\u00e9, p\u0159\u00edp. dynamick\u00e9 veli\u010diny a porovnat je. V\u00a0\u010dl\u00e1nku je provedena po\u010d\u00edta\u010dov\u00e1 simulace spont\u00e1nn\u00edho p\u00e1du z\u00a0v\u00fd\u0161ky dvourozm\u011brn\u00fdm modelem. Matematick\u00e1 simulace a mo-delov\u00e1n\u00ed p\u00e1du vp\u0159ed bylo provedeno na z\u00e1klad\u011b experiment\u00e1ln\u00edch podklad\u016f, p\u00e1d figuranta do baz\u00e9nu s\u00a0vodou a n\u00e1sledn\u011b vhodn\u00fdm 2D modelem. Pro po\u010d\u00edta\u010dov\u00e9 simulace jsme zvolili prost\u0159ed\u00ed programu MSC.ADAMS, spolu s plug-in modulem LifeModeler (LM).<\/p>\n<p><a href=\"https:\/\/veda.polac.cz\/?page_id=1674\">02\/2006<\/a><\/p>\n","protected":false},"excerpt":{"rendered":"<p>Resum\u00e9 \u010dl\u00e1nku Po\u010d\u00edta\u010dov\u00e1 podpora p\u0159i simulaci p\u00e1d\u016f Ing. Ladislav \u010capek, Ph.D,\u00a0 prof. PhDr. Ji\u0159\u00ed Straus, DrSc. C\u00edlem p\u0159\u00edsp\u011bvku je tedy vytvo\u0159it simulace s\u00e9rie pasivn\u00edch p\u00e1d\u016f a to jak spont\u00e1nn\u00edho, tak za p\u016fsoben\u00ed vn\u011bj\u0161\u00ed s\u00edly. Z\u00a0t\u011bchto simulac\u00ed zjistit kinematick\u00e9, p\u0159\u00edp. dynamick\u00e9 veli\u010diny a porovnat je. V\u00a0\u010dl\u00e1nku je provedena po\u010d\u00edta\u010dov\u00e1 simulace spont\u00e1nn\u00edho p\u00e1du z\u00a0v\u00fd\u0161ky dvourozm\u011brn\u00fdm modelem. Matematick\u00e1 [&hellip;]<\/p>\n","protected":false},"author":2,"featured_media":0,"parent":0,"menu_order":9,"comment_status":"closed","ping_status":"closed","template":"","meta":{"footnotes":""},"class_list":["post-1768","page","type-page","status-publish","hentry"],"_links":{"self":[{"href":"https:\/\/veda.polac.cz\/index.php?rest_route=\/wp\/v2\/pages\/1768","targetHints":{"allow":["GET"]}}],"collection":[{"href":"https:\/\/veda.polac.cz\/index.php?rest_route=\/wp\/v2\/pages"}],"about":[{"href":"https:\/\/veda.polac.cz\/index.php?rest_route=\/wp\/v2\/types\/page"}],"author":[{"embeddable":true,"href":"https:\/\/veda.polac.cz\/index.php?rest_route=\/wp\/v2\/users\/2"}],"replies":[{"embeddable":true,"href":"https:\/\/veda.polac.cz\/index.php?rest_route=%2Fwp%2Fv2%2Fcomments&post=1768"}],"version-history":[{"count":2,"href":"https:\/\/veda.polac.cz\/index.php?rest_route=\/wp\/v2\/pages\/1768\/revisions"}],"predecessor-version":[{"id":1787,"href":"https:\/\/veda.polac.cz\/index.php?rest_route=\/wp\/v2\/pages\/1768\/revisions\/1787"}],"wp:attachment":[{"href":"https:\/\/veda.polac.cz\/index.php?rest_route=%2Fwp%2Fv2%2Fmedia&parent=1768"}],"curies":[{"name":"wp","href":"https:\/\/api.w.org\/{rel}","templated":true}]}}