{"id":1765,"date":"2018-10-06T23:47:23","date_gmt":"2018-10-06T23:47:23","guid":{"rendered":"http:\/\/veda.polac.cz\/?page_id=1765"},"modified":"2018-10-27T19:01:42","modified_gmt":"2018-10-27T19:01:42","slug":"8-2-15","status":"publish","type":"page","link":"https:\/\/veda.polac.cz\/?page_id=1765","title":{"rendered":""},"content":{"rendered":"<p style=\"text-align: center;\">Resum\u00e9 \u010dl\u00e1nku<\/p>\n<p style=\"font-weight: 400;\"><strong>Mo\u017enosti ochrany dat p\u0159ed po\u010d\u00edta\u010dovou kriminalitou<br \/>\n<\/strong><em>doc. RNDr. Josef Po\u017e\u00e1r, CSc.<\/em><\/p>\n<p style=\"font-weight: 400;\">Studie se zab\u00fdv\u00e1 n\u011bkter\u00fdmi aspekty po\u010d\u00edta\u010dov\u00e9 kriminality, charakterizuje jednotliv\u00e9 skupiny tohoto negativn\u00edho fenom\u00e9nu. Specifikuje tak\u00e9 kategorie pachatel\u016f t\u00e9to trestn\u00e9 \u010dinnosti a pot\u00e9 specifikuje ochranu dat a informac\u00ed p\u0159ed po\u010d\u00edta\u010dovou kriminalitou. Neopom\u00edj\u00ed proces odhalov\u00e1n\u00ed a vy\u0161et\u0159ov\u00e1n\u00ed po\u010d\u00edta\u010dov\u00e9 kriminality a\u00a0nasti\u0148uje mo\u017en\u00e9 trendy t\u00e9to trestn\u00e9 \u010dinnosti v\u010detn\u011b doporu\u010den\u00ed pro jej\u00ed omezen\u00ed.<\/p>\n<p><a href=\"https:\/\/veda.polac.cz\/?page_id=1674\">02\/2006<\/a><\/p>\n","protected":false},"excerpt":{"rendered":"<p>Resum\u00e9 \u010dl\u00e1nku Mo\u017enosti ochrany dat p\u0159ed po\u010d\u00edta\u010dovou kriminalitou doc. RNDr. Josef Po\u017e\u00e1r, CSc. Studie se zab\u00fdv\u00e1 n\u011bkter\u00fdmi aspekty po\u010d\u00edta\u010dov\u00e9 kriminality, charakterizuje jednotliv\u00e9 skupiny tohoto negativn\u00edho fenom\u00e9nu. Specifikuje tak\u00e9 kategorie pachatel\u016f t\u00e9to trestn\u00e9 \u010dinnosti a pot\u00e9 specifikuje ochranu dat a informac\u00ed p\u0159ed po\u010d\u00edta\u010dovou kriminalitou. Neopom\u00edj\u00ed proces odhalov\u00e1n\u00ed a vy\u0161et\u0159ov\u00e1n\u00ed po\u010d\u00edta\u010dov\u00e9 kriminality a\u00a0nasti\u0148uje mo\u017en\u00e9 trendy t\u00e9to trestn\u00e9 [&hellip;]<\/p>\n","protected":false},"author":2,"featured_media":0,"parent":0,"menu_order":8,"comment_status":"closed","ping_status":"closed","template":"","meta":{"footnotes":""},"class_list":["post-1765","page","type-page","status-publish","hentry"],"_links":{"self":[{"href":"https:\/\/veda.polac.cz\/index.php?rest_route=\/wp\/v2\/pages\/1765","targetHints":{"allow":["GET"]}}],"collection":[{"href":"https:\/\/veda.polac.cz\/index.php?rest_route=\/wp\/v2\/pages"}],"about":[{"href":"https:\/\/veda.polac.cz\/index.php?rest_route=\/wp\/v2\/types\/page"}],"author":[{"embeddable":true,"href":"https:\/\/veda.polac.cz\/index.php?rest_route=\/wp\/v2\/users\/2"}],"replies":[{"embeddable":true,"href":"https:\/\/veda.polac.cz\/index.php?rest_route=%2Fwp%2Fv2%2Fcomments&post=1765"}],"version-history":[{"count":2,"href":"https:\/\/veda.polac.cz\/index.php?rest_route=\/wp\/v2\/pages\/1765\/revisions"}],"predecessor-version":[{"id":1786,"href":"https:\/\/veda.polac.cz\/index.php?rest_route=\/wp\/v2\/pages\/1765\/revisions\/1786"}],"wp:attachment":[{"href":"https:\/\/veda.polac.cz\/index.php?rest_route=%2Fwp%2Fv2%2Fmedia&parent=1765"}],"curies":[{"name":"wp","href":"https:\/\/api.w.org\/{rel}","templated":true}]}}