{"id":1757,"date":"2018-10-06T23:40:26","date_gmt":"2018-10-06T23:40:26","guid":{"rendered":"http:\/\/veda.polac.cz\/?page_id=1757"},"modified":"2018-10-27T19:00:21","modified_gmt":"2018-10-27T19:00:21","slug":"5-2-13","status":"publish","type":"page","link":"https:\/\/veda.polac.cz\/?page_id=1757","title":{"rendered":""},"content":{"rendered":"<p style=\"text-align: center;\">Resum\u00e9 \u010dl\u00e1nku<\/p>\n<p style=\"font-weight: 400;\"><strong>Podstata, principy a hlavn\u00ed organiza\u010dn\u011b taktick\u00e9 formy policejn\u011b bezpe\u010dnostn\u00ed \u010dinnosti<br \/>\n<\/strong><em>doc. JUDr. Anton\u00edn Fil\u00e1k, CSc.<\/em><\/p>\n<p style=\"font-weight: 400;\">Autor ve sv\u00e9m \u010dl\u00e1nku na z\u00e1klad\u011b vymezen\u00fdch teoreticko metodologick\u00fdch v\u00fdchodisc\u00edch rozeb\u00edr\u00e1 podstatu a charakteristick\u00e9 rysy policejn\u011b bezpe\u010dnostn\u00ed \u010dinnosti. Tento rozbor mu umo\u017enil vymezit z\u00e1kladn\u00ed principy, kter\u00e9 danou podstatu determinuj\u00ed a definovat st\u011b\u017eejn\u00ed pojem: policejn\u011b bezpe\u010dnostn\u00ed \u010dinnost. D\u00e1le vyme-zuje tzv. diferencia\u010dn\u00ed krit\u00e9ria, kter\u00e1 jsou z\u00e1kladn\u00edm p\u0159edpokladem ke stanoven\u00ed organiza\u010dn\u011b taktick\u00fdch forem dan\u00e9 \u010dinnosti. Na z\u00e1v\u011br \u010dl\u00e1nku autor uv\u00e1d\u00ed jednotliv\u00e9 druhy obou hlavn\u00edch organiza\u010dn\u011b taktick\u00fdch forem policejn\u011b bezpe\u010dnostn\u00ed \u010dinnosti, tj.\u00a0kriminalisticko bezpe\u010dnostn\u00ed a spr\u00e1vn\u011b bezpe\u010dnostn\u00ed \u010dinnost.<\/p>\n<p><a href=\"https:\/\/veda.polac.cz\/?page_id=1674\">02\/2006<\/a><\/p>\n","protected":false},"excerpt":{"rendered":"<p>Resum\u00e9 \u010dl\u00e1nku Podstata, principy a hlavn\u00ed organiza\u010dn\u011b taktick\u00e9 formy policejn\u011b bezpe\u010dnostn\u00ed \u010dinnosti doc. JUDr. Anton\u00edn Fil\u00e1k, CSc. Autor ve sv\u00e9m \u010dl\u00e1nku na z\u00e1klad\u011b vymezen\u00fdch teoreticko metodologick\u00fdch v\u00fdchodisc\u00edch rozeb\u00edr\u00e1 podstatu a charakteristick\u00e9 rysy policejn\u011b bezpe\u010dnostn\u00ed \u010dinnosti. Tento rozbor mu umo\u017enil vymezit z\u00e1kladn\u00ed principy, kter\u00e9 danou podstatu determinuj\u00ed a definovat st\u011b\u017eejn\u00ed pojem: policejn\u011b bezpe\u010dnostn\u00ed \u010dinnost. D\u00e1le vyme-zuje [&hellip;]<\/p>\n","protected":false},"author":2,"featured_media":0,"parent":0,"menu_order":5,"comment_status":"closed","ping_status":"closed","template":"","meta":{"footnotes":""},"class_list":["post-1757","page","type-page","status-publish","hentry"],"_links":{"self":[{"href":"https:\/\/veda.polac.cz\/index.php?rest_route=\/wp\/v2\/pages\/1757","targetHints":{"allow":["GET"]}}],"collection":[{"href":"https:\/\/veda.polac.cz\/index.php?rest_route=\/wp\/v2\/pages"}],"about":[{"href":"https:\/\/veda.polac.cz\/index.php?rest_route=\/wp\/v2\/types\/page"}],"author":[{"embeddable":true,"href":"https:\/\/veda.polac.cz\/index.php?rest_route=\/wp\/v2\/users\/2"}],"replies":[{"embeddable":true,"href":"https:\/\/veda.polac.cz\/index.php?rest_route=%2Fwp%2Fv2%2Fcomments&post=1757"}],"version-history":[{"count":2,"href":"https:\/\/veda.polac.cz\/index.php?rest_route=\/wp\/v2\/pages\/1757\/revisions"}],"predecessor-version":[{"id":1783,"href":"https:\/\/veda.polac.cz\/index.php?rest_route=\/wp\/v2\/pages\/1757\/revisions\/1783"}],"wp:attachment":[{"href":"https:\/\/veda.polac.cz\/index.php?rest_route=%2Fwp%2Fv2%2Fmedia&parent=1757"}],"curies":[{"name":"wp","href":"https:\/\/api.w.org\/{rel}","templated":true}]}}