{"id":1753,"date":"2018-10-06T23:37:06","date_gmt":"2018-10-06T23:37:06","guid":{"rendered":"http:\/\/veda.polac.cz\/?page_id=1753"},"modified":"2018-10-27T19:00:21","modified_gmt":"2018-10-27T19:00:21","slug":"4-2-13","status":"publish","type":"page","link":"https:\/\/veda.polac.cz\/?page_id=1753","title":{"rendered":""},"content":{"rendered":"<p style=\"text-align: center;\">Resum\u00e9 \u010dl\u00e1nku<\/p>\n<p style=\"font-weight: 400;\"><strong>Znaleck\u00e9 dokazovanie v\u00a0pr\u00edpravnom konan\u00ed v\u00a0podmienkach Slovenskej republiky<br \/>\n<\/strong><em>doc. Dr. Mgr. Jana Viktoryov\u00e1,\u00a0JUDr. Jaroslav Blatnick\u00fd<\/em><\/p>\n<p style=\"font-weight: 400;\">Pr\u00edspevok vznikol ako reakcia na legislat\u00edvne zmeny uskuto\u010dnen\u00e9 v\u00a0Slovenskej republike v\u00a0rokoch 2004-2006. V\u00a0tomto obdob\u00ed, okrem in\u00e9ho, vst\u00fapili do \u00fa\u010dinnosti pr\u00e1vne predpisy, ktor\u00e9 so sebou priniesli nov\u00fa pr\u00e1vnu \u00fapravu t\u00fdkaj\u00facu sa znaleck\u00e9ho dokazovania v trestnom konan\u00ed. Autori pon\u00fakaj\u00fa \u010ditate\u013eovi stru\u010dn\u00fd ale z\u00e1rove\u0148 komplexn\u00fd poh\u013ead na znaleck\u00e9 dokazovanie v\u00a0pr\u00edpravnom konan\u00ed trestnom po nadobudnut\u00ed \u00fa\u010dinnosti spom\u00ednanej pr\u00e1vnej \u00fapravy. Venuj\u00fa sa najm\u00e4 teoreticko-pr\u00e1vnej charakteristike z\u00e1konn\u00fdch d\u00f4vodov pre pribratie znalca do trestn\u00e9ho konania, ako aj konkr\u00e9tnej \u010dinnosti a kompetenci\u00e1m znalca a\u00a0org\u00e1nov pr\u00edpravn\u00e9ho konania pri pr\u00edprave, vypracovan\u00ed, podan\u00ed a\u00a0hodnoten\u00ed znaleck\u00e9ho posudku ako neoddelite\u013enej s\u00fa\u010dasti procesu znaleck\u00e9ho dokazovania.<\/p>\n<p><a href=\"https:\/\/veda.polac.cz\/?page_id=1674\">02\/2006<\/a><\/p>\n","protected":false},"excerpt":{"rendered":"<p>Resum\u00e9 \u010dl\u00e1nku Znaleck\u00e9 dokazovanie v\u00a0pr\u00edpravnom konan\u00ed v\u00a0podmienkach Slovenskej republiky doc. Dr. Mgr. Jana Viktoryov\u00e1,\u00a0JUDr. Jaroslav Blatnick\u00fd Pr\u00edspevok vznikol ako reakcia na legislat\u00edvne zmeny uskuto\u010dnen\u00e9 v\u00a0Slovenskej republike v\u00a0rokoch 2004-2006. V\u00a0tomto obdob\u00ed, okrem in\u00e9ho, vst\u00fapili do \u00fa\u010dinnosti pr\u00e1vne predpisy, ktor\u00e9 so sebou priniesli nov\u00fa pr\u00e1vnu \u00fapravu t\u00fdkaj\u00facu sa znaleck\u00e9ho dokazovania v trestnom konan\u00ed. Autori pon\u00fakaj\u00fa \u010ditate\u013eovi stru\u010dn\u00fd [&hellip;]<\/p>\n","protected":false},"author":2,"featured_media":0,"parent":0,"menu_order":4,"comment_status":"closed","ping_status":"closed","template":"","meta":{"footnotes":""},"class_list":["post-1753","page","type-page","status-publish","hentry"],"_links":{"self":[{"href":"https:\/\/veda.polac.cz\/index.php?rest_route=\/wp\/v2\/pages\/1753","targetHints":{"allow":["GET"]}}],"collection":[{"href":"https:\/\/veda.polac.cz\/index.php?rest_route=\/wp\/v2\/pages"}],"about":[{"href":"https:\/\/veda.polac.cz\/index.php?rest_route=\/wp\/v2\/types\/page"}],"author":[{"embeddable":true,"href":"https:\/\/veda.polac.cz\/index.php?rest_route=\/wp\/v2\/users\/2"}],"replies":[{"embeddable":true,"href":"https:\/\/veda.polac.cz\/index.php?rest_route=%2Fwp%2Fv2%2Fcomments&post=1753"}],"version-history":[{"count":3,"href":"https:\/\/veda.polac.cz\/index.php?rest_route=\/wp\/v2\/pages\/1753\/revisions"}],"predecessor-version":[{"id":1782,"href":"https:\/\/veda.polac.cz\/index.php?rest_route=\/wp\/v2\/pages\/1753\/revisions\/1782"}],"wp:attachment":[{"href":"https:\/\/veda.polac.cz\/index.php?rest_route=%2Fwp%2Fv2%2Fmedia&parent=1753"}],"curies":[{"name":"wp","href":"https:\/\/api.w.org\/{rel}","templated":true}]}}