{"id":1751,"date":"2018-10-06T23:35:13","date_gmt":"2018-10-06T23:35:13","guid":{"rendered":"http:\/\/veda.polac.cz\/?page_id=1751"},"modified":"2018-10-27T19:00:21","modified_gmt":"2018-10-27T19:00:21","slug":"3-2-14","status":"publish","type":"page","link":"https:\/\/veda.polac.cz\/?page_id=1751","title":{"rendered":""},"content":{"rendered":"<p style=\"text-align: center;\">Resum\u00e9 \u010dl\u00e1nku<\/p>\n<p style=\"font-weight: 400;\"><strong>\u010ceskoslovensk\u00e1 feder\u00e1cia (\u00fastavnopr\u00e1vny poh\u013ead)<br \/>\n<\/strong><em>doc. JUDr. J\u00e1n Kr\u00e1\u013e, CSc.<\/em><\/p>\n<p style=\"font-weight: 400;\">\u010ceskoslovensk\u00e1 feder\u00e1cia m\u00e1 v\u00a0hist\u00f3rii slovensk\u00e9ho n\u00e1roda, ako aj \u010desko &#8211; slovenskej vz\u00e1jomnosti ve\u013ek\u00fd v\u00fdznam. Do\u0161lo k\u00a0zru\u0161eniu nespr\u00e1vneho a\u00a0zo slovenskej strany nespravodliv\u00e9ho asymetrick\u00e9ho usporiadania jednotnej \u010ceskoslovenskej republiky. Plnohodnotnej\u0161ie sa uplatnila vo vz\u0165ahoch \u010desk\u00e9ho a\u00a0slovensk\u00e9ho n\u00e1roda, z\u00e1sada rovn\u00fd s\u00a0rovn\u00fdm. Toto bolo zakotven\u00e9 najm\u00e4 v\u00a0\u00fastavnopr\u00e1vnej a\u00a0\u0161t\u00e1topr\u00e1vnej rovine v\u00a0roku 1968. \u010eal\u0161ie prijat\u00e9 opatrenia, ako aj prax, pri fungovan\u00ed mechanizmu \u010deskoslovenskej feder\u00e1cie, neboli u\u017e tak d\u00f4sledn\u00e9, a\u00a0boli poplatn\u00e9 politick\u00e9mu v\u00fdvoju v\u00a0dobe, ke\u010f sa \u00fastavn\u00fd syst\u00e9m \u010deskoslovenskej feder\u00e1cie realizoval.<\/p>\n<p><a href=\"https:\/\/veda.polac.cz\/?page_id=1674\">02\/2006<\/a><\/p>\n","protected":false},"excerpt":{"rendered":"<p>Resum\u00e9 \u010dl\u00e1nku \u010ceskoslovensk\u00e1 feder\u00e1cia (\u00fastavnopr\u00e1vny poh\u013ead) doc. JUDr. J\u00e1n Kr\u00e1\u013e, CSc. \u010ceskoslovensk\u00e1 feder\u00e1cia m\u00e1 v\u00a0hist\u00f3rii slovensk\u00e9ho n\u00e1roda, ako aj \u010desko &#8211; slovenskej vz\u00e1jomnosti ve\u013ek\u00fd v\u00fdznam. Do\u0161lo k\u00a0zru\u0161eniu nespr\u00e1vneho a\u00a0zo slovenskej strany nespravodliv\u00e9ho asymetrick\u00e9ho usporiadania jednotnej \u010ceskoslovenskej republiky. Plnohodnotnej\u0161ie sa uplatnila vo vz\u0165ahoch \u010desk\u00e9ho a\u00a0slovensk\u00e9ho n\u00e1roda, z\u00e1sada rovn\u00fd s\u00a0rovn\u00fdm. Toto bolo zakotven\u00e9 najm\u00e4 v\u00a0\u00fastavnopr\u00e1vnej a\u00a0\u0161t\u00e1topr\u00e1vnej rovine [&hellip;]<\/p>\n","protected":false},"author":2,"featured_media":0,"parent":0,"menu_order":3,"comment_status":"closed","ping_status":"closed","template":"","meta":{"footnotes":""},"class_list":["post-1751","page","type-page","status-publish","hentry"],"_links":{"self":[{"href":"https:\/\/veda.polac.cz\/index.php?rest_route=\/wp\/v2\/pages\/1751","targetHints":{"allow":["GET"]}}],"collection":[{"href":"https:\/\/veda.polac.cz\/index.php?rest_route=\/wp\/v2\/pages"}],"about":[{"href":"https:\/\/veda.polac.cz\/index.php?rest_route=\/wp\/v2\/types\/page"}],"author":[{"embeddable":true,"href":"https:\/\/veda.polac.cz\/index.php?rest_route=\/wp\/v2\/users\/2"}],"replies":[{"embeddable":true,"href":"https:\/\/veda.polac.cz\/index.php?rest_route=%2Fwp%2Fv2%2Fcomments&post=1751"}],"version-history":[{"count":2,"href":"https:\/\/veda.polac.cz\/index.php?rest_route=\/wp\/v2\/pages\/1751\/revisions"}],"predecessor-version":[{"id":1781,"href":"https:\/\/veda.polac.cz\/index.php?rest_route=\/wp\/v2\/pages\/1751\/revisions\/1781"}],"wp:attachment":[{"href":"https:\/\/veda.polac.cz\/index.php?rest_route=%2Fwp%2Fv2%2Fmedia&parent=1751"}],"curies":[{"name":"wp","href":"https:\/\/api.w.org\/{rel}","templated":true}]}}