{"id":1749,"date":"2018-10-06T23:32:52","date_gmt":"2018-10-06T23:32:52","guid":{"rendered":"http:\/\/veda.polac.cz\/?page_id=1749"},"modified":"2018-11-02T22:23:17","modified_gmt":"2018-11-02T22:23:17","slug":"2-2-15","status":"publish","type":"page","link":"https:\/\/veda.polac.cz\/?page_id=1749","title":{"rendered":""},"content":{"rendered":"<p style=\"text-align: center;\">Resum\u00e9 \u010dl\u00e1nku<\/p>\n<p style=\"font-weight: 400;\"><strong>Unijn\u00ed pojet\u00ed zaji\u0161\u0165ov\u00e1n\u00ed vnit\u0159n\u00ed bezpe\u010dnosti<br \/>\n<\/strong><em>doc. JUDr. Bohumil Pikna, CSc.<\/em><strong><em><br \/>\n<\/em><\/strong><\/p>\n<p style=\"font-weight: 400;\">\u010cl\u00e1nek se zab\u00fdv\u00e1 z\u00e1le\u017eitostmi zaji\u0161\u0165ov\u00e1n\u00ed vnit\u0159n\u00ed bezpe\u010dnosti a ve\u0159ejn\u00e9ho po\u0159\u00e1dku v\u00a0r\u00e1mci Evropsk\u00e9 unie, a to na \u00farovni Unie a paraleln\u011b na \u00farovni vnitrost\u00e1tn\u00ed. Z\u00e1sadn\u00edm postul\u00e1tem, ze kter\u00e9ho je v\u011bcn\u011b vych\u00e1zeno, je skute\u010dnost, \u017ee hlavn\u00edm bezpe\u010dnostn\u00edm probl\u00e9mem Unie je mezin\u00e1rodn\u00ed terorismus typu po 11. z\u00e1\u0159\u00ed 2001, kter\u00fd ji\u017e dorazil do Evropy s\u00a0\u00fatoky v\u00a0Madridu a Lond\u00fdn\u011b. Autor charakterizuje aktu\u00e1ln\u00ed ot\u00e1zky vnit\u0159n\u00ed bezpe\u010dnosti p\u0159i\u010dem\u017e d\u016fraz klade na str\u00e1nku pr\u00e1vn\u00ed maj\u00edc\u00ed v\u00fdraz v\u00a0evropsk\u00e9m pr\u00e1vu \u2013 pr\u00e1vo ES\/EU. V\u0161\u00edm\u00e1 si rovn\u011b\u017e z\u00e1kladn\u00edch politick\u00fdch dokument\u016f v\u00a0t\u00e9to oblasti p\u0159ijat\u00fdch na \u00farovni Unie, kter\u00e9 p\u0159edstavuj\u00ed politicko-mor\u00e1ln\u00ed z\u00e1klad pro n\u00e1sledn\u011b p\u0159ij\u00edman\u00e9 pr\u00e1vn\u00ed akty ES\/EU. Zvl\u00e1\u0161tn\u00ed pozornost v\u011bnuje tzv. Haagsk\u00e9mu programu \u010di Ak\u010dn\u00edmu pl\u00e1nu Unie pro boj proti terorismu a d\u00e1le problematice tzv. bezpe\u010dnostn\u011b kompenza\u010dn\u00edch opat\u0159en\u00ed p\u0159ij\u00edman\u00fdch hlavn\u011b v\u00a0r\u00e1mci schengensk\u00e9 spolupr\u00e1ce. N\u00e1vazn\u011b se pak \u010dl\u00e1nek zab\u00fdv\u00e1 z\u00e1kladn\u00edmi koncep\u010dn\u00edmi dokumenty \u010cesk\u00e9 republiky aplikuj\u00edc\u00edmi dokumenty a pr\u00e1vn\u00ed akty ES\/EU jako jsou usnesen\u00ed vl\u00e1dy k bezpe\u010dnostn\u00ed strategii a ke koncepci zahrani\u010dn\u00ed politiky \u010cesk\u00e9 republiky.<\/p>\n<p><a href=\"https:\/\/veda.polac.cz\/?page_id=1674\">02\/2006<\/a><\/p>\n","protected":false},"excerpt":{"rendered":"<p>Resum\u00e9 \u010dl\u00e1nku Unijn\u00ed pojet\u00ed zaji\u0161\u0165ov\u00e1n\u00ed vnit\u0159n\u00ed bezpe\u010dnosti doc. JUDr. Bohumil Pikna, CSc. \u010cl\u00e1nek se zab\u00fdv\u00e1 z\u00e1le\u017eitostmi zaji\u0161\u0165ov\u00e1n\u00ed vnit\u0159n\u00ed bezpe\u010dnosti a ve\u0159ejn\u00e9ho po\u0159\u00e1dku v\u00a0r\u00e1mci Evropsk\u00e9 unie, a to na \u00farovni Unie a paraleln\u011b na \u00farovni vnitrost\u00e1tn\u00ed. Z\u00e1sadn\u00edm postul\u00e1tem, ze kter\u00e9ho je v\u011bcn\u011b vych\u00e1zeno, je skute\u010dnost, \u017ee hlavn\u00edm bezpe\u010dnostn\u00edm probl\u00e9mem Unie je mezin\u00e1rodn\u00ed terorismus typu po 11. [&hellip;]<\/p>\n","protected":false},"author":2,"featured_media":0,"parent":1674,"menu_order":2,"comment_status":"closed","ping_status":"closed","template":"","meta":{"footnotes":""},"class_list":["post-1749","page","type-page","status-publish","hentry"],"_links":{"self":[{"href":"https:\/\/veda.polac.cz\/index.php?rest_route=\/wp\/v2\/pages\/1749","targetHints":{"allow":["GET"]}}],"collection":[{"href":"https:\/\/veda.polac.cz\/index.php?rest_route=\/wp\/v2\/pages"}],"about":[{"href":"https:\/\/veda.polac.cz\/index.php?rest_route=\/wp\/v2\/types\/page"}],"author":[{"embeddable":true,"href":"https:\/\/veda.polac.cz\/index.php?rest_route=\/wp\/v2\/users\/2"}],"replies":[{"embeddable":true,"href":"https:\/\/veda.polac.cz\/index.php?rest_route=%2Fwp%2Fv2%2Fcomments&post=1749"}],"version-history":[{"count":2,"href":"https:\/\/veda.polac.cz\/index.php?rest_route=\/wp\/v2\/pages\/1749\/revisions"}],"predecessor-version":[{"id":1780,"href":"https:\/\/veda.polac.cz\/index.php?rest_route=\/wp\/v2\/pages\/1749\/revisions\/1780"}],"up":[{"embeddable":true,"href":"https:\/\/veda.polac.cz\/index.php?rest_route=\/wp\/v2\/pages\/1674"}],"wp:attachment":[{"href":"https:\/\/veda.polac.cz\/index.php?rest_route=%2Fwp%2Fv2%2Fmedia&parent=1749"}],"curies":[{"name":"wp","href":"https:\/\/api.w.org\/{rel}","templated":true}]}}