{"id":1745,"date":"2018-10-06T23:28:42","date_gmt":"2018-10-06T23:28:42","guid":{"rendered":"http:\/\/veda.polac.cz\/?page_id=1745"},"modified":"2018-11-02T20:51:27","modified_gmt":"2018-11-02T20:51:27","slug":"1-2-14","status":"publish","type":"page","link":"https:\/\/veda.polac.cz\/?page_id=1745","title":{"rendered":""},"content":{"rendered":"<p style=\"text-align: center;\">Resum\u00e9 \u010dl\u00e1nku<\/p>\n<p style=\"font-weight: 400;\"><strong>Pr\u00e1vn\u011b internacionalistick\u00fd odkaz Kantovy pacifistick\u00e9 vize<br \/>\n<\/strong><em>doc. JUDr. Vladim\u00edr Zoubek, CSc.<\/em><\/p>\n<p style=\"font-weight: 400;\">Autor se zab\u00fdv\u00e1 n\u011bkter\u00fdmi pr\u00e1vn\u011b-internacionalistick\u00fdmi pacifick\u00fdmi vizemi Immanuela Kanta, kter\u00e9 jsou st\u00e1le aktu\u00e1ln\u011bj\u0161\u00ed v\u00a0optice soudob\u00fdch mezin\u00e1rodn\u011b-pr\u00e1vn\u00edch vztah\u016f v\u00a0obdob\u00ed globalizace a st\u0159etu civilizac\u00ed. Sou\u010dasn\u00e1 doba je charakte-rizov\u00e1na postvestf\u00e1lsk\u00fdm stavem st\u00e1tn\u00ed suverenity a subjekt\u016f mezin\u00e1rodn\u00edho pr\u00e1va ve\u0159ejn\u00e9ho. Nar\u016fst\u00e1 slo\u017eit\u00fd a kontraproduktivn\u00ed probl\u00e9m zvan\u00fd Clash of Civilizations, v\u010detn\u011b glob\u00e1ln\u00edho terorismu. P\u0159edm\u011bt teorie st\u00e1tu a pr\u00e1va a internacionalistika mus\u00ed na tyto jevy v\u010das teoreticky reagovat.<\/p>\n<p><a href=\"https:\/\/veda.polac.cz\/?page_id=1674\">02\/2006<\/a><\/p>\n","protected":false},"excerpt":{"rendered":"<p>Resum\u00e9 \u010dl\u00e1nku Pr\u00e1vn\u011b internacionalistick\u00fd odkaz Kantovy pacifistick\u00e9 vize doc. JUDr. Vladim\u00edr Zoubek, CSc. Autor se zab\u00fdv\u00e1 n\u011bkter\u00fdmi pr\u00e1vn\u011b-internacionalistick\u00fdmi pacifick\u00fdmi vizemi Immanuela Kanta, kter\u00e9 jsou st\u00e1le aktu\u00e1ln\u011bj\u0161\u00ed v\u00a0optice soudob\u00fdch mezin\u00e1rodn\u011b-pr\u00e1vn\u00edch vztah\u016f v\u00a0obdob\u00ed globalizace a st\u0159etu civilizac\u00ed. Sou\u010dasn\u00e1 doba je charakte-rizov\u00e1na postvestf\u00e1lsk\u00fdm stavem st\u00e1tn\u00ed suverenity a subjekt\u016f mezin\u00e1rodn\u00edho pr\u00e1va ve\u0159ejn\u00e9ho. Nar\u016fst\u00e1 slo\u017eit\u00fd a kontraproduktivn\u00ed probl\u00e9m zvan\u00fd Clash [&hellip;]<\/p>\n","protected":false},"author":2,"featured_media":0,"parent":1674,"menu_order":1,"comment_status":"closed","ping_status":"closed","template":"","meta":{"footnotes":""},"class_list":["post-1745","page","type-page","status-publish","hentry"],"_links":{"self":[{"href":"https:\/\/veda.polac.cz\/index.php?rest_route=\/wp\/v2\/pages\/1745","targetHints":{"allow":["GET"]}}],"collection":[{"href":"https:\/\/veda.polac.cz\/index.php?rest_route=\/wp\/v2\/pages"}],"about":[{"href":"https:\/\/veda.polac.cz\/index.php?rest_route=\/wp\/v2\/types\/page"}],"author":[{"embeddable":true,"href":"https:\/\/veda.polac.cz\/index.php?rest_route=\/wp\/v2\/users\/2"}],"replies":[{"embeddable":true,"href":"https:\/\/veda.polac.cz\/index.php?rest_route=%2Fwp%2Fv2%2Fcomments&post=1745"}],"version-history":[{"count":3,"href":"https:\/\/veda.polac.cz\/index.php?rest_route=\/wp\/v2\/pages\/1745\/revisions"}],"predecessor-version":[{"id":1779,"href":"https:\/\/veda.polac.cz\/index.php?rest_route=\/wp\/v2\/pages\/1745\/revisions\/1779"}],"up":[{"embeddable":true,"href":"https:\/\/veda.polac.cz\/index.php?rest_route=\/wp\/v2\/pages\/1674"}],"wp:attachment":[{"href":"https:\/\/veda.polac.cz\/index.php?rest_route=%2Fwp%2Fv2%2Fmedia&parent=1745"}],"curies":[{"name":"wp","href":"https:\/\/api.w.org\/{rel}","templated":true}]}}