{"id":1714,"date":"2018-09-16T09:42:54","date_gmt":"2018-09-16T09:42:54","guid":{"rendered":"http:\/\/veda.polac.cz\/?page_id=1714"},"modified":"2019-04-18T07:32:31","modified_gmt":"2019-04-18T07:32:31","slug":"01-2000","status":"publish","type":"page","link":"https:\/\/veda.polac.cz\/?page_id=1714","title":{"rendered":"01\/2000"},"content":{"rendered":"<p><strong>Evropsk\u00fd prostor pro vysoko\u0161kolsk\u00e9 vzd\u011bl\u00e1v\u00e1n\u00ed<\/strong><br \/>\ndoc. Ing. Hana Barto\u0161ov\u00e1, CSc.<\/p>\n<hr \/>\n<p><strong>Postmodern\u00ed situace a pr\u00e1vo aneb renesance spravedliv\u00e9ho obrazu sv\u011bta\u00a0<\/strong><br \/>\nJUDr. Ji\u0159\u00ed Kratochv\u00edl<\/p>\n<hr \/>\n<p><strong>K\u00a0n\u011bkter\u00fdm ot\u00e1zk\u00e1m byrokracie a byrokratismu<\/strong><br \/>\nPhDr. Miroslav Blahout<\/p>\n<hr \/>\n<p><strong>Volba povol\u00e1n\u00ed policisty (zpr\u00e1va o v\u00fdzkumu)\u00a0<\/strong><br \/>\ndoc. PhDr. Ji\u0159\u00ed V\u00ed\u0161ek, CSc.<\/p>\n<hr \/>\n<p><strong>Absolventi PA \u010cR v\u00a0praxi\u00a0<\/strong><br \/>\ndoc. PhDr. Zden\u011bk Rozum, CSc.<\/p>\n<hr \/>\n<p><strong>Extremismus\u00a0<\/strong><br \/>\nDr. \u0160tefan Danics, PhD.<\/p>\n<hr \/>\n<p><strong>Extremismus\u00a0 spole\u010densk\u00fd jev mnoha tv\u00e1\u0159\u00ed\u00a0<\/strong><br \/>\nLuk\u00e1\u0161 Urban<\/p>\n<hr \/>\n<p><strong>Pr\u00e1vn\u00ed \u00faprava komer\u010dn\u00ed bezpe\u010dnosti ve Francii<\/strong><br \/>\nPaedDr. Franti\u0161ek Nov\u00e1k<\/p>\n<hr \/>\n<p><strong>Soukrom\u00e9 bezpe\u010dnostn\u00ed slu\u017eby. (Na po\u0159adu dne op\u011bt n\u00e1vrh nov\u00e9ho z\u00e1kona.)\u00a0<\/strong><br \/>\nPaedDr. Franti\u0161ek Nov\u00e1k<\/p>\n<hr \/>\n<p><strong>Reviktimizace<\/strong><br \/>\ndoc. PhDr. Ludmila \u010c\u00edrtkov\u00e1, CSc.<\/p>\n<hr \/>\n<p><strong>Identifikace vozidel jako integr\u00e1ln\u00ed sou\u010d\u00e1st soudn\u00edho in\u017een\u00fdrstv\u00ed\u00a0<\/strong><br \/>\nprof. JUDr. Ing. Viktor\u00a0 Porada, DrSc., ing. Martin Pajer , ing. Roman Rak<\/p>\n<hr \/>\n<p><strong>Biomechanick\u00fd obsah fragment\u016f plantogramu\u00a0<\/strong><br \/>\ndoc. PhDr. Ji\u0159\u00ed Straus, CSc.<\/p>\n<hr \/>\n<p><strong>Poplachov\u00fd pl\u00e1n p\u0159i v\u00fdbuchu brut\u00e1ln\u00ed \u0161ikany<\/strong><br \/>\nDr. Michal Kol\u00e1\u0159<\/p>\n<hr \/>\n<p><strong>Recenze publikace:<\/strong><br \/>\n<strong>Buzalka, J\u00e1n: V\u00fdvin pr\u00edstupov ku vzdel\u00e1vaniu a\u00a0pr\u00edprave obyvatelov na civiln\u00fa ochranu v\u00a0Slovenskej republike.<\/strong><br \/>\ndoc. PhDr. Ji\u0159\u00ed V\u00ed\u0161ek, CSc.<\/p>\n<hr \/>\n<p><strong>Recenze publikace:<\/strong><br \/>\n<strong>Porada, V. a\u00a0 kol.: Silni\u010dn\u00ed dopravn\u00ed nehoda v\u00a0policejn\u00ed teorii a praxi.\u00a0<\/strong><br \/>\ndoc. PhDr. Ji\u0159\u00ed Straus, CSc.<\/p>\n<hr \/>\n<p><a href=\"https:\/\/veda.polac.cz\/?page_id=235\">Zp\u011bt<\/a><\/p>\n","protected":false},"excerpt":{"rendered":"<p>Evropsk\u00fd prostor pro vysoko\u0161kolsk\u00e9 vzd\u011bl\u00e1v\u00e1n\u00ed doc. Ing. Hana Barto\u0161ov\u00e1, CSc. Postmodern\u00ed situace a pr\u00e1vo aneb renesance spravedliv\u00e9ho obrazu sv\u011bta\u00a0 JUDr. Ji\u0159\u00ed Kratochv\u00edl K\u00a0n\u011bkter\u00fdm ot\u00e1zk\u00e1m byrokracie a byrokratismu PhDr. Miroslav Blahout Volba povol\u00e1n\u00ed policisty (zpr\u00e1va o v\u00fdzkumu)\u00a0 doc. PhDr. Ji\u0159\u00ed V\u00ed\u0161ek, CSc. Absolventi PA \u010cR v\u00a0praxi\u00a0 doc. PhDr. Zden\u011bk Rozum, CSc. Extremismus\u00a0 Dr. \u0160tefan Danics, PhD. [&hellip;]<\/p>\n","protected":false},"author":2,"featured_media":0,"parent":235,"menu_order":65,"comment_status":"closed","ping_status":"closed","template":"","meta":{"footnotes":""},"class_list":["post-1714","page","type-page","status-publish","hentry"],"_links":{"self":[{"href":"https:\/\/veda.polac.cz\/index.php?rest_route=\/wp\/v2\/pages\/1714","targetHints":{"allow":["GET"]}}],"collection":[{"href":"https:\/\/veda.polac.cz\/index.php?rest_route=\/wp\/v2\/pages"}],"about":[{"href":"https:\/\/veda.polac.cz\/index.php?rest_route=\/wp\/v2\/types\/page"}],"author":[{"embeddable":true,"href":"https:\/\/veda.polac.cz\/index.php?rest_route=\/wp\/v2\/users\/2"}],"replies":[{"embeddable":true,"href":"https:\/\/veda.polac.cz\/index.php?rest_route=%2Fwp%2Fv2%2Fcomments&post=1714"}],"version-history":[{"count":2,"href":"https:\/\/veda.polac.cz\/index.php?rest_route=\/wp\/v2\/pages\/1714\/revisions"}],"predecessor-version":[{"id":2540,"href":"https:\/\/veda.polac.cz\/index.php?rest_route=\/wp\/v2\/pages\/1714\/revisions\/2540"}],"up":[{"embeddable":true,"href":"https:\/\/veda.polac.cz\/index.php?rest_route=\/wp\/v2\/pages\/235"}],"wp:attachment":[{"href":"https:\/\/veda.polac.cz\/index.php?rest_route=%2Fwp%2Fv2%2Fmedia&parent=1714"}],"curies":[{"name":"wp","href":"https:\/\/api.w.org\/{rel}","templated":true}]}}