{"id":1712,"date":"2018-09-16T09:40:14","date_gmt":"2018-09-16T09:40:14","guid":{"rendered":"http:\/\/veda.polac.cz\/?page_id=1712"},"modified":"2018-10-27T19:02:27","modified_gmt":"2018-10-27T19:02:27","slug":"02-2000-2","status":"publish","type":"page","link":"https:\/\/veda.polac.cz\/?page_id=1712","title":{"rendered":"02\/2000"},"content":{"rendered":"<p>&nbsp;<\/p>\n<p><strong>Objektivnost p\u0159ij\u00edmac\u00edho \u0159\u00edzen\u00ed na Policejn\u00ed akademii \u010cR<\/strong><br \/>\nDr. Zden\u011bk Kova\u0159\u00edk, CSc., doc. PhDr. Ji\u0159\u00ed Semr\u00e1d, CSc.<\/p>\n<hr \/>\n<p><strong>Politika jako umenie mo\u017en\u00e9ho<\/strong><br \/>\nprof. PhDr. Emil Duda, DrSc., doc. PhDr. \u0160tefan Zelen\u00e1k, CSc.<\/p>\n<hr \/>\n<p><strong>\u010cesk\u00e1 republika postupn\u011b sni\u017euje dluh k\u00a0Evropsk\u00e9 unii v\u00a0oblasti standardn\u00ed regulace ochrany v\u00a0oblasti informac\u00ed<\/strong><br \/>\nJUDr. Petr Kroupa, Dr. Mgr. Ji\u0159ina Nov\u00e1kov\u00e1<\/p>\n<hr \/>\n<p><strong>Vyhodnocen\u00ed v\u00fdsledk\u016f v\u00fdzkumu hodnocen\u00ed kvality kurz\u016f dal\u0161\u00edho odborn\u00e9ho vzd\u011bl\u00e1v\u00e1n\u00ed a\u00a0zdokonalov\u00e1n\u00ed vzd\u011bl\u00e1vac\u00edch aktivit na PA \u010cR<\/strong><br \/>\nPhDr. Iva\u00a0 Borsk\u00e1, CSc.<\/p>\n<hr \/>\n<p><strong>Extremismus v\u00a0podm\u00ednk\u00e1ch globalismu<\/strong><br \/>\nDr. \u0160tefan Danics, CSc.<\/p>\n<hr \/>\n<p><strong>Profesn\u00ed vzd\u011bl\u00e1v\u00e1n\u00ed pro krizov\u00e9 \u0159\u00edzen\u00ed<\/strong><br \/>\ndoc. PhDr. Ji\u0159\u00ed V\u00ed\u0161ek, CSc.<\/p>\n<hr \/>\n<p><strong>Toxikologick\u00e9 testov\u00e1n\u00ed jako prevence bezpe\u010dn\u00e9ho v\u00fdkonu povol\u00e1n\u00ed<\/strong><br \/>\nDoc. ing. Renata \u0160tablov\u00e1, CSc.<\/p>\n<hr \/>\n<p><strong>Vyu\u017eit\u00ed v\u011bdeck\u00fdch metod p\u0159\u00edpravy vrcholov\u00fdch sportovc\u016f v oblasti \u00fapolov\u00fdch sport\u016f (st\u0159etn\u00fd boj) pro pot\u0159eby v\u00fdcviku policist\u016f\u00a0<\/strong><br \/>\ndoc. PhDr. Ji\u0159\u00ed Straus, CSc., prof. JUDr. Ing. Viktor Porada, DrSc., JUDr. Libor Kov\u00e1rn\u00edk<\/p>\n<hr \/>\n<p><strong>Nieko\u013eko pozn\u00e1mok k\u00a0z\u00e1kladn\u00fdm obsahov\u00fdm v\u00fdchodisk\u00e1m dokazovania<\/strong><br \/>\ndoc. Dr. Mgr. Jana Viktoryov\u00e1<\/p>\n<hr \/>\n<p><strong>Barik\u00e1dov\u00e9 situace a mo\u017enost jejich \u0159e\u0161en\u00ed vyjedn\u00e1v\u00e1n\u00edm<\/strong><br \/>\nMgr. Sona Enenkelov\u00e1<\/p>\n<hr \/>\n<p><strong>Pozn\u00e1mka k problematice obecn\u00fdch v\u00fdklad\u016f k \u00fakon\u016fm v trestn\u00edm \u0159\u00edzen\u00ed<\/strong><br \/>\nJUDr. Milan \u0160ubrt<\/p>\n<hr \/>\n<p><strong>Pokus o predikci v\u00fd\u0161ky a hmotnosti osob u\u00a0archeologick\u00e9ho materi\u00e1lu aplikac\u00ed biomechanick\u00fdch poznatk\u016f<\/strong><br \/>\nMgr. Barbora Gecov\u00e1<\/p>\n<hr \/>\n<p><strong>Pozn\u00e1mka k vz\u0165ahu princ\u00edpu odrazu a kriminalistickej stopy<\/strong><br \/>\ndoc. Ing. V\u00e1clav Krajn\u00edk, CSc.<\/p>\n<hr \/>\n<p><strong>Informace o konstituov\u00e1n\u00ed st\u00e1l\u00e9 Mezin\u00e1rodn\u00ed konference k\u00a0rozvoji policejn\u00edch v\u011bd<\/strong><br \/>\nprof. JUDr. Ing. Viktor Porada, DrSc.<\/p>\n<hr \/>\n<p><strong>Recenze publikace:<\/strong><br \/>\n<strong>R. Chalka, &#8211; K. Holcr, &#8211; J. Holomek: Progn\u00f3za v\u00fdvoja kriminality v\u00a0Slovenskej republike.\u00a0<\/strong><br \/>\nJUDr. Ivana Zoubkov\u00e1. CSc.<\/p>\n<hr \/>\n<p><strong>Recenze publikace:<\/strong><br \/>\n<strong>Stejskal, F. &#8211; Kn\u00fd, M. &#8211; Votruba J.: Soci\u00e1ln\u011b patologick\u00e9 jevy d\u011bt\u00ed a\u00a0ml\u00e1de\u017ee v \u010cesk\u00e9 republice.<\/strong><br \/>\nprof. PhDr. Miloslav Kod\u00fdm, CSc.<\/p>\n<hr \/>\n<p><strong>Recenze\u00a0 publikace:<\/strong><br \/>\n<strong>Chmel\u00edk, J. &#8211; Porada, V. &#8211; Pr\u0161al, V.: Pojistn\u00e9\u00a0 podvody.\u00a0<\/strong><br \/>\ndoc. PhDr. Ji\u0159\u00ed Straus, CSc.<\/p>\n<hr \/>\n<p><strong>Recenze publikace:<\/strong><br \/>\n<strong>\u0160imov\u010dek, I.: Te\u00f3ria kriminalistiky.<\/strong><br \/>\ndoc. PhDr. Ji\u0159\u00ed Straus, CSc.<\/p>\n<hr \/>\n<p><a href=\"https:\/\/veda.polac.cz\/?page_id=235\">Rok 2000-2016<\/a><\/p>\n","protected":false},"excerpt":{"rendered":"<p>&nbsp; Objektivnost p\u0159ij\u00edmac\u00edho \u0159\u00edzen\u00ed na Policejn\u00ed akademii \u010cR Dr. Zden\u011bk Kova\u0159\u00edk, CSc., doc. PhDr. Ji\u0159\u00ed Semr\u00e1d, CSc. Politika jako umenie mo\u017en\u00e9ho prof. PhDr. Emil Duda, DrSc., doc. PhDr. \u0160tefan Zelen\u00e1k, CSc. \u010cesk\u00e1 republika postupn\u011b sni\u017euje dluh k\u00a0Evropsk\u00e9 unii v\u00a0oblasti standardn\u00ed regulace ochrany v\u00a0oblasti informac\u00ed JUDr. Petr Kroupa, Dr. Mgr. Ji\u0159ina Nov\u00e1kov\u00e1 Vyhodnocen\u00ed v\u00fdsledk\u016f v\u00fdzkumu hodnocen\u00ed [&hellip;]<\/p>\n","protected":false},"author":2,"featured_media":0,"parent":235,"menu_order":62,"comment_status":"closed","ping_status":"closed","template":"","meta":{"footnotes":""},"class_list":["post-1712","page","type-page","status-publish","hentry"],"_links":{"self":[{"href":"https:\/\/veda.polac.cz\/index.php?rest_route=\/wp\/v2\/pages\/1712","targetHints":{"allow":["GET"]}}],"collection":[{"href":"https:\/\/veda.polac.cz\/index.php?rest_route=\/wp\/v2\/pages"}],"about":[{"href":"https:\/\/veda.polac.cz\/index.php?rest_route=\/wp\/v2\/types\/page"}],"author":[{"embeddable":true,"href":"https:\/\/veda.polac.cz\/index.php?rest_route=\/wp\/v2\/users\/2"}],"replies":[{"embeddable":true,"href":"https:\/\/veda.polac.cz\/index.php?rest_route=%2Fwp%2Fv2%2Fcomments&post=1712"}],"version-history":[{"count":1,"href":"https:\/\/veda.polac.cz\/index.php?rest_route=\/wp\/v2\/pages\/1712\/revisions"}],"predecessor-version":[{"id":1713,"href":"https:\/\/veda.polac.cz\/index.php?rest_route=\/wp\/v2\/pages\/1712\/revisions\/1713"}],"up":[{"embeddable":true,"href":"https:\/\/veda.polac.cz\/index.php?rest_route=\/wp\/v2\/pages\/235"}],"wp:attachment":[{"href":"https:\/\/veda.polac.cz\/index.php?rest_route=%2Fwp%2Fv2%2Fmedia&parent=1712"}],"curies":[{"name":"wp","href":"https:\/\/api.w.org\/{rel}","templated":true}]}}